{"id":10627,"date":"2022-07-22T14:55:58","date_gmt":"2022-07-22T13:55:58","guid":{"rendered":"https:\/\/rroma.org\/?page_id=10627"},"modified":"2023-03-30T12:21:13","modified_gmt":"2023-03-30T11:21:13","slug":"roma-days-theatre-neumarkt","status":"publish","type":"page","link":"https:\/\/rroma.org\/de\/videos\/roma-days-theatre-neumarkt\/","title":{"rendered":"Roma Tage - Theater am Neumarkt"},"content":{"rendered":"<blockquote class=\"wp-block-quote is-layout-flow wp-block-quote-is-layout-flow\"><p>Runder Tisch mit Romnja<\/p><\/blockquote>\n\n\n\n<p>Der Trailer einer Gespr\u00e4chsrunde mit Ronja im Theater am Neumarkt am 21. Oktober. 2021 in Z\u00fcrich.<\/p>\n\n\n\n<p>Standpunkte von Frauen. F\u00fcnf Roma-Frauen unterschiedlicher Herkunft und Hintergr\u00fcnde, aktiv in Kunst, Theater, Politik oder einfach in der Wirtschaft, sprechen \u00fcber Gegenwart und Traditionen, Chancen und Herausforderungen und dar\u00fcber, was es heute bedeutet, Roma in Europa zu sein.<\/p>\n\n\n\n<p>Mit Gilda Horvath, Simonida Selimovi\u0107, Gabriella Mirescu, Verena Lehmann. Moderiert von Gudrun Sachse.<\/p>\n\n\n\n<p>Auf Deutsch mit englischen Untertiteln<\/p>\n\n\n\n<p><iframe loading=\"lazy\" title=\"Roma Days in the Theater am Neumarkt Romnja Trailer\" src=\"https:\/\/www.youtube.com\/embed\/fRc9SBXLJrw\" width=\"700\" height=\"350\" frameborder=\"0\" allowfullscreen=\"allowfullscreen\"><\/iframe><\/p>\n\n\n\n<blockquote class=\"wp-block-quote is-layout-flow wp-block-quote-is-layout-flow\"><p>Romanes<\/p><\/blockquote>\n\n\n\n<p>Gespr\u00e4ch \u00fcber Romanes, die Sprache der Roma Roma im Theater am Neumarkt, Z\u00fcrich, am 22.10.2021.<\/p>\n\n\n\n<p>Die Sprache einer transnationalen Minderheit und eine Sprache, die von ihren indischen Wurzeln bis zum Atlantik und auch in der Neuen Welt gesprochen wird. Oft hei\u00dft es, die Dialekte seien so unterschiedlich, dass man sich nicht verst\u00e4ndigen k\u00f6nne. Auch die Experten und Roma, die Romanes t\u00e4glich verwenden, diskutieren dar\u00fcber.<\/p>\n\n\n\n<p>Auf Deutsch mit englischen Untertiteln<\/p>\n\n\n\n<p>Mit: Stephane Laederich, Erol Begovi\u0107, Mozes Heinschink, Dieter Halwachs.<br>Moderation: Georg H\u00e4sler<\/p>\n\n\n\n<p><iframe loading=\"lazy\" title=\"Roma Days in the Theater am Neumarkt Trailer on Language\" src=\"https:\/\/www.youtube.com\/embed\/OMnKRY7AIR8\" width=\"700\" height=\"350\" frameborder=\"0\" allowfullscreen=\"allowfullscreen\"><\/iframe><\/p>\n\n\n\n<blockquote class=\"wp-block-quote is-layout-flow wp-block-quote-is-layout-flow\"><p>Roma Theater<\/p><\/blockquote>\n\n\n\n<p>Diskussion \u00fcber Roma-Theater im Theater am Neumarkt, Z\u00fcrich, am 22.10.2021.<\/p>\n\n\n\n<p>Die Frage nach Minderheiten und Theater stellt immer auch die Frage nach Repr\u00e4sentation \u2013 konkret und symbolisch. Kann man \u00fcberhaupt von einem \u201eRoma-Theater\u201c sprechen? Wie verh\u00e4lt sich Theaterarbeit zu anderen politischen Themen? Welche Rolle spielt die Sprache? Zwei Generationen von Theatermachern zu diesen Fragen.<\/p>\n\n\n\n<p>Auf Deutsch mit englischen Untertiteln<\/p>\n\n\n\n<p>Mit Rahim Burhan, Simonida und Sandra Selimovi\u0107.<br>Moderation: Julia Reichert.<\/p>\n\n\n\n<p><iframe loading=\"lazy\" title=\"Roma Days Theater am Neumarkt - Theatre Trailer\" src=\"https:\/\/www.youtube.com\/embed\/85NrcmNhdo4\" width=\"700\" height=\"350\" frameborder=\"0\" allowfullscreen=\"allowfullscreen\"><\/iframe><\/p>\n\n\n\n<blockquote class=\"wp-block-quote is-layout-flow wp-block-quote-is-layout-flow\"><p>Realisation<\/p><\/blockquote>\n\n\n\n<p>Film: Theater am Neumarkt, Fabian Damioli.<br>Cut: Fabian Damioli.<br>Copyright: Rroma Foundation<\/p>","protected":false},"excerpt":{"rendered":"<p>Romnja Round Table The trailer of a round table with Romania in the Theater am Neumarkt on October 21st. 2021 [&hellip;]<\/p>\n","protected":false},"author":2,"featured_media":0,"parent":10645,"menu_order":0,"comment_status":"closed","ping_status":"closed","template":"","meta":{"_exactmetrics_skip_tracking":false,"_exactmetrics_sitenote_active":false,"_exactmetrics_sitenote_note":"","_exactmetrics_sitenote_category":0,"footnotes":""},"class_list":["post-10627","page","type-page","status-publish","hentry"],"fifu_video_url":"https:\/\/youtu.be\/fRc9SBXLJrw","_links":{"self":[{"href":"https:\/\/rroma.org\/de\/wp-json\/wp\/v2\/pages\/10627","targetHints":{"allow":["GET"]}}],"collection":[{"href":"https:\/\/rroma.org\/de\/wp-json\/wp\/v2\/pages"}],"about":[{"href":"https:\/\/rroma.org\/de\/wp-json\/wp\/v2\/types\/page"}],"author":[{"embeddable":true,"href":"https:\/\/rroma.org\/de\/wp-json\/wp\/v2\/users\/2"}],"replies":[{"embeddable":true,"href":"https:\/\/rroma.org\/de\/wp-json\/wp\/v2\/comments?post=10627"}],"version-history":[{"count":20,"href":"https:\/\/rroma.org\/de\/wp-json\/wp\/v2\/pages\/10627\/revisions"}],"predecessor-version":[{"id":17531,"href":"https:\/\/rroma.org\/de\/wp-json\/wp\/v2\/pages\/10627\/revisions\/17531"}],"up":[{"embeddable":true,"href":"https:\/\/rroma.org\/de\/wp-json\/wp\/v2\/pages\/10645"}],"wp:attachment":[{"href":"https:\/\/rroma.org\/de\/wp-json\/wp\/v2\/media?parent=10627"}],"curies":[{"name":"wp","href":"https:\/\/api.w.org\/{rel}","templated":true}]}}