{"id":107,"date":"2014-10-08T09:45:27","date_gmt":"2014-10-08T08:45:27","guid":{"rendered":"http:\/\/rroma.sommer.support\/?page_id=107"},"modified":"2023-03-30T12:21:42","modified_gmt":"2023-03-30T11:21:42","slug":"the-kris","status":"publish","type":"page","link":"https:\/\/rroma.org\/de\/traditions\/the-kris\/","title":{"rendered":"Die Kris"},"content":{"rendered":"<p class=\"translation-block\">Die Entscheidung, jemanden (oder etwas) von ritueller Unreinheit zu befreien, f\u00e4llt auf die h\u00f6chste Instanz der sozialen Strukturen der Roma. Diese Instanz, ein \u201eRoma-Tribunal\u201c, wird unter Vlach-Roma <em>Kris<\/em> oder <em>Krisi<\/em> (weiblich) genannt. In Bulgarien verwendet man unter Kaldera\u0161a <em>me\u0161erjava<\/em> und unter russischen und polnischen Roma <em>romano sendo<\/em>. Dies ist faktisch ein Schiedsgericht. Die Mitglieder dieses Gerichts (von Vlach Roma <em>krisatora<\/em> oder <em>krisinatora<\/em> genannt) werden unter den angesehensten, ehrlichsten und intelligentesten Roma der Gemeinde ausgew\u00e4hlt. Jedem Rom, der ein Problem mit einem anderen hat, steht es frei, die Kris anzurufen <em>Vazdel i Kris<\/em>. Die Richter treffen sich und gewichten die Beweise und die dem Kl\u00e4ger zugef\u00fcgten unerlaubten Handlungen.<\/p>\n\n\n\n<p>Was f\u00e4llt unter die Zust\u00e4ndigkeit der Kris? Geldprobleme (Kredite etc.), manchmal auch famili\u00e4re Probleme (z. B. wenn ein Ehemann seiner Frau kein Geld gibt, um ihre Kinder zu unterst\u00fctzen), Diffamierung und Beschimpfung eines anderen Rom, Schl\u00e4gereien etc. Die h\u00f6chste Strafe, die von einer Kris verh\u00e4ngt wird, ist der Ausschluss aus der Gemeinschaft, sei es f\u00fcr eine bestimmte Zeit oder ganz. Die verbannten Rom werden dann sogar von anderen Clans ausgeschlossen. Dies ist eine hohe Strafe, da ein Roma ohne die sozialen Strukturen der Roma nicht existieren kann. Diese Strafe wird mehr gef\u00fcrchtet als der Tod. Aber man muss sagen, dass keine Kris jemals die Todesstrafe verh\u00e4ngt hat. Eine Kris hat nicht das Recht, einem Rom das Leben zu nehmen. Die Kris verh\u00e4ngt auch andere Strafen, zum Beispiel Geldstrafen (manchmal ziemlich hoch), die von der schuldigen Partei zu zahlen sind.<\/p>\n\n\n\n<p>Diese Tradition ist auch in den westeurop\u00e4ischen L\u00e4ndern noch immer sehr lebendig, wo die Roma im Allgemeinen immer noch interne Streitigkeiten innerhalb der Gemeinschaft l\u00f6sen. Man sollte definitiv beachten, dass eine Kris niemals Gewaltverbrechen beurteilt. Diese sind ausschlie\u00dflich der Bereich der Gad\u017ee-Justiz, also der ordentlichen Justiz.<\/p>","protected":false},"excerpt":{"rendered":"<p>The decision to relieve someone (or something) from ritual uncleanness falls on the highest instance of the Roma social structures. [&hellip;]<\/p>\n","protected":false},"author":1,"featured_media":17713,"parent":82,"menu_order":0,"comment_status":"closed","ping_status":"closed","template":"","meta":{"_exactmetrics_skip_tracking":false,"_exactmetrics_sitenote_active":false,"_exactmetrics_sitenote_note":"","_exactmetrics_sitenote_category":0,"footnotes":""},"class_list":["post-107","page","type-page","status-publish","has-post-thumbnail","hentry"],"_links":{"self":[{"href":"https:\/\/rroma.org\/de\/wp-json\/wp\/v2\/pages\/107","targetHints":{"allow":["GET"]}}],"collection":[{"href":"https:\/\/rroma.org\/de\/wp-json\/wp\/v2\/pages"}],"about":[{"href":"https:\/\/rroma.org\/de\/wp-json\/wp\/v2\/types\/page"}],"author":[{"embeddable":true,"href":"https:\/\/rroma.org\/de\/wp-json\/wp\/v2\/users\/1"}],"replies":[{"embeddable":true,"href":"https:\/\/rroma.org\/de\/wp-json\/wp\/v2\/comments?post=107"}],"version-history":[{"count":7,"href":"https:\/\/rroma.org\/de\/wp-json\/wp\/v2\/pages\/107\/revisions"}],"predecessor-version":[{"id":19436,"href":"https:\/\/rroma.org\/de\/wp-json\/wp\/v2\/pages\/107\/revisions\/19436"}],"up":[{"embeddable":true,"href":"https:\/\/rroma.org\/de\/wp-json\/wp\/v2\/pages\/82"}],"wp:featuredmedia":[{"embeddable":true,"href":"https:\/\/rroma.org\/de\/wp-json\/wp\/v2\/media\/17713"}],"wp:attachment":[{"href":"https:\/\/rroma.org\/de\/wp-json\/wp\/v2\/media?parent=107"}],"curies":[{"name":"wp","href":"https:\/\/api.w.org\/{rel}","templated":true}]}}