{"id":109,"date":"2014-10-08T09:46:09","date_gmt":"2014-10-08T08:46:09","guid":{"rendered":"http:\/\/rroma.sommer.support\/?page_id=109"},"modified":"2024-12-17T10:57:52","modified_gmt":"2024-12-17T09:57:52","slug":"power-of-the-word","status":"publish","type":"page","link":"https:\/\/rroma.org\/de\/traditions\/power-of-the-word\/","title":{"rendered":"Kraft des Wortes"},"content":{"rendered":"<p class=\"translation-block\">Im Romanes liegen Wort und Wirklichkeit selten weit auseinander. Wenn man \u00fcber etwas Schlimmes spricht, zum Beispiel eine Krankheit, muss man sich sofort entschuldigen und zum Beispiel sagen: <em>dur amendar<\/em> \u2013 fern von uns.<\/p>\n\n\n\n<p>Alle Roma-Gruppen teilen die \u00dcberzeugung, dass Worte ein schlechtes Omen sein k\u00f6nnen und darauf geachtet werden muss. Es ist tief verwurzelt. <\/p>\n\n\n\n<p>Dies erstreckt sich auf alle Aspekte, die Traditionen betreffen, zum Beispiel, wenn auf Dinge verwiesen wird, die gegen rituelle Reinheitsregeln versto\u00dfen k\u00f6nnen (wenn zum Beispiel auch nur gesagt wird, ich sei barfu\u00df gegangen, bitte entschuldigen Sie).<\/p>\n\n\n\n<p>Das bedeutet nicht, dass es im Romanes keine Fl\u00fcche gibt. Im Gegenteil, Fl\u00fcche sind viel realer und ernster, da man glaubt, dass Worte tats\u00e4chlich Dinge bewirken k\u00f6nnen. Tats\u00e4chlich sind diese so schwerwiegend, dass Fl\u00fcche fast ein wesentlicher Bestandteil der Kris sind, in denen die Parteien manchmal schreckliche Eide ablegen m\u00fcssen, um die Wahrhaftigkeit ihrer Aussagen zu garantieren.<\/p>\n\n\n\n<p><\/p>","protected":false},"excerpt":{"rendered":"<p>In Romanes, words and reality are seldom far apart. Whenever one speaks about something bad, some illness, for example, one [&hellip;]<\/p>\n","protected":false},"author":1,"featured_media":26199,"parent":82,"menu_order":0,"comment_status":"closed","ping_status":"closed","template":"","meta":{"_exactmetrics_skip_tracking":false,"_exactmetrics_sitenote_active":false,"_exactmetrics_sitenote_note":"","_exactmetrics_sitenote_category":0,"footnotes":""},"class_list":["post-109","page","type-page","status-publish","has-post-thumbnail","hentry"],"_links":{"self":[{"href":"https:\/\/rroma.org\/de\/wp-json\/wp\/v2\/pages\/109","targetHints":{"allow":["GET"]}}],"collection":[{"href":"https:\/\/rroma.org\/de\/wp-json\/wp\/v2\/pages"}],"about":[{"href":"https:\/\/rroma.org\/de\/wp-json\/wp\/v2\/types\/page"}],"author":[{"embeddable":true,"href":"https:\/\/rroma.org\/de\/wp-json\/wp\/v2\/users\/1"}],"replies":[{"embeddable":true,"href":"https:\/\/rroma.org\/de\/wp-json\/wp\/v2\/comments?post=109"}],"version-history":[{"count":6,"href":"https:\/\/rroma.org\/de\/wp-json\/wp\/v2\/pages\/109\/revisions"}],"predecessor-version":[{"id":19369,"href":"https:\/\/rroma.org\/de\/wp-json\/wp\/v2\/pages\/109\/revisions\/19369"}],"up":[{"embeddable":true,"href":"https:\/\/rroma.org\/de\/wp-json\/wp\/v2\/pages\/82"}],"wp:featuredmedia":[{"embeddable":true,"href":"https:\/\/rroma.org\/de\/wp-json\/wp\/v2\/media\/26199"}],"wp:attachment":[{"href":"https:\/\/rroma.org\/de\/wp-json\/wp\/v2\/media?parent=109"}],"curies":[{"name":"wp","href":"https:\/\/api.w.org\/{rel}","templated":true}]}}