{"id":17452,"date":"2022-08-15T13:55:23","date_gmt":"2022-08-15T12:55:23","guid":{"rendered":"https:\/\/rroma.org\/?page_id=17452"},"modified":"2024-12-17T10:28:16","modified_gmt":"2024-12-17T09:28:16","slug":"the-ottoman-empire","status":"publish","type":"page","link":"https:\/\/rroma.org\/de\/roma-history\/the-ottoman-empire\/","title":{"rendered":"Das Osmanische Reich"},"content":{"rendered":"<p>Alle Roma wurden immer verfolgt \u2013 richtig? Nein, es ist falsch, da es in der gesamten Geschichte des Osmanischen Reiches keine Verfolgungen von Roma gegeben hat.<\/p>\n\n\n\n<p>Roma galten im Osmanischen Reich als B\u00fcrger wie alle anderen, mit einer bemerkenswerten Ausnahme, n\u00e4mlich, dass sie als Christen die Hara\u00e7 \u2013 Steuer \u2013 zahlen mussten, selbst wenn sie, wie viele andere, zur muslimischen Religion \u00fcbergetreten waren.<\/p>\n\n\n\n<figure class=\"wp-block-image size-large\"><img loading=\"lazy\" decoding=\"async\" width=\"1024\" height=\"826\" src=\"https:\/\/rroma.org\/wp-content\/uploads\/2024\/12\/main-image-1024x826.jpeg\" alt=\"\" class=\"wp-image-26161\" srcset=\"https:\/\/rroma.org\/wp-content\/uploads\/2024\/12\/main-image-1024x826.jpeg 1024w, https:\/\/rroma.org\/wp-content\/uploads\/2024\/12\/main-image-300x242.jpeg 300w, https:\/\/rroma.org\/wp-content\/uploads\/2024\/12\/main-image-768x620.jpeg 768w, https:\/\/rroma.org\/wp-content\/uploads\/2024\/12\/main-image-15x12.jpeg 15w, https:\/\/rroma.org\/wp-content\/uploads\/2024\/12\/main-image-624x503.jpeg 624w, https:\/\/rroma.org\/wp-content\/uploads\/2024\/12\/main-image.jpeg 1200w\" sizes=\"auto, (max-width: 1024px) 100vw, 1024px\" \/><\/figure>\n\n\n\n<p>Dank der osmanischen Besessenheit von der Steuererhebung verf\u00fcgen wir \u00fcber ein wunderbares Instrument, um die Roma-Bev\u00f6lkerung vom ersten osmanischen Steuerregister im sp\u00e4ten 15. bis zum Ende des 17. Jahrhunderts zu studieren. Die Osmanen st\u00fctzten ihre Steuern auf Kernfamilien, die in Steuereinheiten namens Cemaat zusammengefasst waren. Sie notierten die Anzahl der Kinder, den Beruf des Familienoberhauptes und die H\u00f6he der zu zahlenden Steuern.<\/p>\n\n\n\n<p>Aus diesen Registern k\u00f6nnen wir viele Informationen ableiten:<\/p>\n\n\n\n<ul class=\"wp-block-list\">\n<li>dass die Roma-Bev\u00f6lkerung \u00fcber Jahrhunderte ziemlich konstant bei etwa 10 % der Gesamtbev\u00f6lkerung blieb<\/li>\n\n\n\n<li>dass Roma viele verschiedene Jobs hatten, von den niedrigsten bis zu den h\u00f6chsten, einschlie\u00dflich bei der Polizei, der Armee und der Verwaltung<\/li>\n\n\n\n<li>Viele Roma waren gelernte Stahlschmiede, die in der R\u00fcstungsindustrie angestellt waren, Kanonen gossen und Schwerter schmiedeten<\/li>\n\n\n\n<li>dass einige Roma tats\u00e4chlich sehr reich waren, da ihre Steuerbelastung das Hundertfache des durchschnittlichen Jahreseinkommens einer Familie betrug<\/li>\n<\/ul>\n\n\n\n<p>Bis zum Ende des 17. Jahrhunderts gab es keine Anti-Roma-Gesetze, und diese sehr wenigen Gesetze richteten sich gegen Roma, die aus der Sklaverei in der Walachei und Moldawien flohen. Es gibt nichts gegen Roma aus Rumelien, dem europ\u00e4ischen Teil des Imperiums.<\/p>\n\n\n\n<p>Diese Situation dauerte \u00fcber den Fall des Osmanischen Reiches hinaus an, wo die Anti-Roma-Vorurteile bis vor Kurzem, mit dem Aufstieg des Nationalismus und populistischer Politiker, insbesondere nach dem Fall des Eisernen Vorhangs, selten waren. Die Roma waren integriert, hatten Arbeit und waren Teil der allgemeinen Gesellschaft.<\/p>","protected":false},"excerpt":{"rendered":"<p>All Roma were always persecuted &#8211; correct? No, it is false, as there were no persecutions of Roma in the [&hellip;]<\/p>\n","protected":false},"author":2,"featured_media":26164,"parent":62,"menu_order":53,"comment_status":"closed","ping_status":"closed","template":"","meta":{"_exactmetrics_skip_tracking":false,"_exactmetrics_sitenote_active":false,"_exactmetrics_sitenote_note":"","_exactmetrics_sitenote_category":0,"footnotes":""},"class_list":["post-17452","page","type-page","status-publish","has-post-thumbnail","hentry"],"fifu_image_url":"https:\/\/collectionapi.metmuseum.org\/api\/collection\/v1\/iiif\/449533\/906683\/main-image","_links":{"self":[{"href":"https:\/\/rroma.org\/de\/wp-json\/wp\/v2\/pages\/17452","targetHints":{"allow":["GET"]}}],"collection":[{"href":"https:\/\/rroma.org\/de\/wp-json\/wp\/v2\/pages"}],"about":[{"href":"https:\/\/rroma.org\/de\/wp-json\/wp\/v2\/types\/page"}],"author":[{"embeddable":true,"href":"https:\/\/rroma.org\/de\/wp-json\/wp\/v2\/users\/2"}],"replies":[{"embeddable":true,"href":"https:\/\/rroma.org\/de\/wp-json\/wp\/v2\/comments?post=17452"}],"version-history":[{"count":6,"href":"https:\/\/rroma.org\/de\/wp-json\/wp\/v2\/pages\/17452\/revisions"}],"predecessor-version":[{"id":26163,"href":"https:\/\/rroma.org\/de\/wp-json\/wp\/v2\/pages\/17452\/revisions\/26163"}],"up":[{"embeddable":true,"href":"https:\/\/rroma.org\/de\/wp-json\/wp\/v2\/pages\/62"}],"wp:featuredmedia":[{"embeddable":true,"href":"https:\/\/rroma.org\/de\/wp-json\/wp\/v2\/media\/26164"}],"wp:attachment":[{"href":"https:\/\/rroma.org\/de\/wp-json\/wp\/v2\/media?parent=17452"}],"curies":[{"name":"wp","href":"https:\/\/api.w.org\/{rel}","templated":true}]}}