{"id":17463,"date":"2022-08-15T14:53:40","date_gmt":"2022-08-15T13:53:40","guid":{"rendered":"https:\/\/rroma.org\/?page_id=17463"},"modified":"2024-12-17T10:32:00","modified_gmt":"2024-12-17T09:32:00","slug":"slavery","status":"publish","type":"page","link":"https:\/\/rroma.org\/de\/roma-history\/slavery\/","title":{"rendered":"Sklaverei"},"content":{"rendered":"<p>Bis zum Ende des 19. Jahrhunderts wurden Roma in den Regionen des heutigen Rum\u00e4niens versklavt. Diese Sklaverei begann sehr fr\u00fch, im 13. Jahrhundert in der Walachei und Moldawien sowie etwas sp\u00e4ter in Siebenb\u00fcrgen. Es dauerte bis 1848 in Siebenb\u00fcrgen und 1856 f\u00fcr die Walachei und Moldawien, die beiden Staaten, die sich zu dieser Zeit zusammenschlossen, um Rum\u00e4nien zu werden.<\/p>\n\n\n\n<p>Diese Sklaverei war einzigartig im heutigen Rum\u00e4nien und existierte nirgendwo anders.<\/p>\n\n\n\n<h3 class=\"wp-block-heading\">Die Sklaven<\/h3>\n\n\n\n<p>Diese Sklaverei erlaubte Roma zu kaufen, zu verkaufen, zu benutzen und zu missbrauchen, genau wie die Sklaverei von Afrikanern in den USA. Sklaven wurden in drei Kategorien mit etwas unterschiedlichen Schicksalen eingeteilt: Sklaven des Staates, Sklaven der Kirche und Sklaven des einfachen Volkes.<\/p>\n\n\n\n<p>Die Sklaven des Staates waren die Privilegiertesten, da sie de facto eine j\u00e4hrliche Steuer zahlen mussten und ansonsten ziemlich frei waren, sich zu bewegen und zu tun, was sie wollten. Sklaven der Kirche waren eingeschr\u00e4nkter und normalerweise an das Land gebunden, ebenso wie die Sklaven der einfachen Leute. Diese letzteren verloren bald ihre urspr\u00fcngliche Kultur und Sprache.<\/p>\n\n\n\n<figure class=\"wp-block-image size-large\"><img loading=\"lazy\" decoding=\"async\" width=\"1024\" height=\"853\" src=\"https:\/\/rroma.org\/wp-content\/uploads\/2022\/08\/roma_slaves-1024x853.jpeg\" alt=\"\" class=\"wp-image-17378\" srcset=\"https:\/\/rroma.org\/wp-content\/uploads\/2022\/08\/roma_slaves-1024x853.jpeg 1024w, https:\/\/rroma.org\/wp-content\/uploads\/2022\/08\/roma_slaves-300x250.jpeg 300w, https:\/\/rroma.org\/wp-content\/uploads\/2022\/08\/roma_slaves-768x640.jpeg 768w, https:\/\/rroma.org\/wp-content\/uploads\/2022\/08\/roma_slaves-14x12.jpeg 14w, https:\/\/rroma.org\/wp-content\/uploads\/2022\/08\/roma_slaves-624x520.jpeg 624w, https:\/\/rroma.org\/wp-content\/uploads\/2022\/08\/roma_slaves.jpeg 1200w\" sizes=\"auto, (max-width: 1024px) 100vw, 1024px\" \/><figcaption>Rum\u00e4nische Roma<\/figcaption><\/figure>\n\n\n\n<h3 class=\"wp-block-heading\">Die Folgen<\/h3>\n\n\n\n<p>Einige Vlach-Roma flohen aus der Region und lie\u00dfen sich im heutigen Serbien oder in der Ukraine nieder, den Vorfahren der serbischen Gurbeti und der ukrainischen Servi.<\/p>\n\n\n\n<p>Roma aus dieser Region, die sogenannten Vlach-Roma, waren von dieser Sklaverei zutiefst gepr\u00e4gt. Einige ihrer Traditionen, wie das Bezahlen f\u00fcr die Braut, beziehen sich auf das Bezahlen des Besitzers der Braut, der einen Sklaven verlieren w\u00fcrde. Diese Tradition ist einzigartig f\u00fcr die Vlach-Roma. Es pr\u00e4gte bis heute auch die Ansichten der Rum\u00e4nen gegen\u00fcber den Roma. \u00c4hnlich wie in den USA ist die Segregation immer noch weit verbreitet, und die Ansichten der Menschen \u00fcber Roma sind voller Stereotypen.<\/p>\n\n\n\n<p>Viele Vlach-Roma verlassen mit der Abschaffung der Sklaverei das Land und sind heute auf der ganzen Welt anzutreffen. Viele gingen nach Westeuropa, die meisten von ihnen \u00fcber Russland und flohen dann vor der Revolution, expandierten \u00fcber den Balkan und Osteuropa und zogen sogar mit gro\u00dfen Kolonien von Vlach-Roma in Brasilien und Argentinien nach Amerika.<\/p>\n\n\n\n<p>Bei der Abschaffung der Sklaverei wurden etwa 250.000 Roma in der Walachei und Moldawien befreit. Mit der Gesamtzunahme der rum\u00e4nischen Bev\u00f6lkerung seither (Faktor 5) bedeutet dies, dass es mehr als 1,5 Mio. Roma in Rum\u00e4nien gibt, und wahrscheinlich n\u00e4her an 2 Mio.<\/p>","protected":false},"excerpt":{"rendered":"<p>Roma were enslaved in the regions of present day Romania, until the end of the XIXth century. This slavery started [&hellip;]<\/p>\n","protected":false},"author":2,"featured_media":26168,"parent":62,"menu_order":56,"comment_status":"closed","ping_status":"closed","template":"","meta":{"_exactmetrics_skip_tracking":false,"_exactmetrics_sitenote_active":false,"_exactmetrics_sitenote_note":"","_exactmetrics_sitenote_category":0,"footnotes":""},"class_list":["post-17463","page","type-page","status-publish","has-post-thumbnail","hentry"],"fifu_image_url":"https:\/\/rroma.org\/wp-content\/uploads\/2022\/08\/roma_slaves.jpeg","_links":{"self":[{"href":"https:\/\/rroma.org\/de\/wp-json\/wp\/v2\/pages\/17463","targetHints":{"allow":["GET"]}}],"collection":[{"href":"https:\/\/rroma.org\/de\/wp-json\/wp\/v2\/pages"}],"about":[{"href":"https:\/\/rroma.org\/de\/wp-json\/wp\/v2\/types\/page"}],"author":[{"embeddable":true,"href":"https:\/\/rroma.org\/de\/wp-json\/wp\/v2\/users\/2"}],"replies":[{"embeddable":true,"href":"https:\/\/rroma.org\/de\/wp-json\/wp\/v2\/comments?post=17463"}],"version-history":[{"count":6,"href":"https:\/\/rroma.org\/de\/wp-json\/wp\/v2\/pages\/17463\/revisions"}],"predecessor-version":[{"id":17473,"href":"https:\/\/rroma.org\/de\/wp-json\/wp\/v2\/pages\/17463\/revisions\/17473"}],"up":[{"embeddable":true,"href":"https:\/\/rroma.org\/de\/wp-json\/wp\/v2\/pages\/62"}],"wp:featuredmedia":[{"embeddable":true,"href":"https:\/\/rroma.org\/de\/wp-json\/wp\/v2\/media\/26168"}],"wp:attachment":[{"href":"https:\/\/rroma.org\/de\/wp-json\/wp\/v2\/media?parent=17463"}],"curies":[{"name":"wp","href":"https:\/\/api.w.org\/{rel}","templated":true}]}}