{"id":17484,"date":"2022-08-16T08:10:00","date_gmt":"2022-08-16T07:10:00","guid":{"rendered":"https:\/\/rroma.org\/?page_id=17484"},"modified":"2024-12-17T10:35:54","modified_gmt":"2024-12-17T09:35:54","slug":"post-communist-times","status":"publish","type":"page","link":"https:\/\/rroma.org\/de\/roma-history\/post-communist-times\/","title":{"rendered":"Nachkriegszeit &amp; Eiserner Vorhang"},"content":{"rendered":"<p>Nach dem Zweiten Weltkrieg ging das Leben unter ganz anderen Bedingungen weiter. Osteuropa fiel unter die kommunistische Herrschaft. Die Lebensbedingungen der Roma waren sehr schwierig und wurden nicht viel besser. <\/p>\n\n\n\n<figure class=\"wp-block-image size-large\"><img loading=\"lazy\" decoding=\"async\" width=\"1024\" height=\"662\" src=\"https:\/\/rroma.org\/wp-content\/uploads\/2024\/12\/barrier-Brandenburg-Gate-Berlin-Wall-version-1961-1024x662.jpg\" alt=\"\" class=\"wp-image-26173\" srcset=\"https:\/\/rroma.org\/wp-content\/uploads\/2024\/12\/barrier-Brandenburg-Gate-Berlin-Wall-version-1961-1024x662.jpg 1024w, https:\/\/rroma.org\/wp-content\/uploads\/2024\/12\/barrier-Brandenburg-Gate-Berlin-Wall-version-1961-300x194.jpg 300w, https:\/\/rroma.org\/wp-content\/uploads\/2024\/12\/barrier-Brandenburg-Gate-Berlin-Wall-version-1961-768x497.jpg 768w, https:\/\/rroma.org\/wp-content\/uploads\/2024\/12\/barrier-Brandenburg-Gate-Berlin-Wall-version-1961-1536x994.jpg 1536w, https:\/\/rroma.org\/wp-content\/uploads\/2024\/12\/barrier-Brandenburg-Gate-Berlin-Wall-version-1961-18x12.jpg 18w, https:\/\/rroma.org\/wp-content\/uploads\/2024\/12\/barrier-Brandenburg-Gate-Berlin-Wall-version-1961-624x404.jpg 624w, https:\/\/rroma.org\/wp-content\/uploads\/2024\/12\/barrier-Brandenburg-Gate-Berlin-Wall-version-1961.jpg 1600w\" sizes=\"auto, (max-width: 1024px) 100vw, 1024px\" \/><\/figure>\n\n\n\n<h3 class=\"wp-block-heading\">Umsiedlung<\/h3>\n\n\n\n<p>In der tschechischen Region der Tschechoslowakei sowie in Kroatien wurden alle Roma w\u00e4hrend des Holocaust get\u00f6tet. Nach dem Krieg wurden Roma aus anderen Landesteilen in diese Regionen zur\u00fcck gesiedelt. In der tschechischen Region wurden slowakische Roma umgesiedelt und in Kroatien Roma aus Serbien dorthin umgesiedelt. Dies sollte nach dem Zerfall der Tschechoslowakei und Jugoslawiens zu einem echten Problem werden.<\/p>\n\n\n\n<p>Eine andere Art der Umsiedlung gab es direkt nach dem Krieg in Osteuropa, insbesondere in der Slowakei und in Ungarn. Dort wurden Roma nach den Gesetzen von Maria Theresia in den Randbezirken der D\u00f6rfer in Roma-Siedlungen, sogenannten Roma-Siedlungen, abgesondert. Diese sind <strong>Osada<\/strong> in der Slowakei und <strong>Telep<\/strong> in Ungarn. Allein in der Slowakei gab es 30\u2019000 Osada. Das kommunistische Regime gruppierte diese in weniger als 3'000 um. Dadurch entstanden die gro\u00dfen Siedlungen, die echte Ghettos sind, die wir heute sehen.<\/p>\n\n\n\n<p>In Ungarn waren die Umz\u00fcge nicht so drastisch, fanden aber dennoch in kleinerem Massstab statt, wobei Roma-freie D\u00f6rfer geschaffen und Roma in der N\u00e4he von gro\u00dfe Kolchosen und Fabriken umgesiedelt wurden.<\/p>\n\n\n\n<figure class=\"wp-block-image size-large\"><img decoding=\"async\" src=\"https:\/\/m.smedata.sk\/api-media\/media\/image\/sme\/8\/10\/106748\/106748_1200x800.jpg?rev=1\" alt=\"\"\/><\/figure>\n\n\n\n<h3 class=\"wp-block-heading\">Osteuropa<\/h3>\n\n\n\n<p>Roma wurden in Osteuropa nicht per se verfolgt. Die Haltung der L\u00e4nder spiegelte weitgehend die historische wider, wobei Segregation und Rassismus in der Tschechoslowakei und Ungarn weit verbreitet waren, fast nichts davon in Polen, der UdSSR sowie auf dem Balkan. Rum\u00e4nien war wie \u00fcblich ein Sonderfall mit starkem Rassismus gegen\u00fcber Roma.<\/p>\n\n\n\n<h4 class=\"wp-block-heading\">Fahrende<\/h4>\n\n\n\n<p>F\u00fcr fahrende Roma \u00e4nderte sich die Situation schnell: Im Oktober 1956 wurde den Roma in der UdSSR ein Reiseverbot erteilt, sie mussten sich in D\u00f6rfern niederlassen und in Kolchosen arbeiten. Dieses Gesetz wurde wenig sp\u00e4ter in allen kommunistischen L\u00e4ndern wie der Tschechoslowakei, Polen und Bulgarien verabschiedet. Dies betraf zwar eine relativ kleine Zahl von Roma, hatte aber dennoch gro\u00dfe Auswirkungen, zum Beispiel in Polen, wo viele noch im Sommer unterwegs waren und Pferde handelten.<\/p>\n\n\n\n<p>Freihandel und Handwerk wurden streng illegal. Roma mussten Wege finden, an Geld zu kommen, um ihre Familien zu ern\u00e4hren und zu ern\u00e4hren. F\u00fcr diejenigen, die nicht in einer Fabrik oder in einer Kolchose arbeiten wollten, bedeutete dies, in st\u00e4ndiger Angst zu leben, denn sie jeden Moment verhaftet und ins Gef\u00e4ngnis geworfen werden konnten. Roma versuchten, diesem Leben zu entfliehen. Zwischen 1956 und 1960 wurden viele Lovara und Keldera\u0161a aus der UdSSR nach Polen \u201erepatriiert\u201c, von wo aus sie kurze Zeit sp\u00e4ter nach Deutschland, Schweden und in andere L\u00e4nder abreisten. <\/p>\n\n\n\n<h4 class=\"wp-block-heading\">Nationalit\u00e4t und Minderheit<\/h4>\n\n\n\n<p>Mit den kommunistischen Regimen wurde ein neues Konzept der \u201eNationalit\u00e4t\u201c eingef\u00fchrt. Nationalit\u00e4t hatte in diesem Zusammenhang nichts mit Staatsb\u00fcrgerschaft zu tun und war eine seltsame Mischung aus Ethnizit\u00e4t und Religion. So k\u00f6nnte man beispielsweise in den P\u00e4ssen von B\u00fcrgern aus Osteuropa ein \u201eNeger\u201c \u2013 Schwarzer oder ein \u201eJude\u201c oder ein \u201eMoslem\u201c oder ein \u201eTsigan\u201c sein. <\/p>\n\n\n\n<p>Die Regime versuchten auch, die Zahl der Minderheiten zu \u201ereduzieren\u201c. In Russland konvertierte Chruschtschow viele Russen, insbesondere in nichtrussischen Republiken, zu Roma, was nach dem Zusammenbruch der Sowjetunion zu Problemen f\u00fchrte.<\/p>\n\n\n\n<p>In Bulgarien existierten die Roma zwischen den 1950er und 1980er Jahren offiziell nicht als Minderheit. Es war ihnen verboten, B\u00fccher zu ver\u00f6ffentlichen, Roma-Lieder zu singen (obwohl es in der N\u00e4he des Schwarzen Meeres ein Zigeunerrestaurant gab, das ausschlie\u00dflich touristischen Zwecken diente). Sp\u00e4ter wurden viele Roma-Viertel (\u201eMahalas\u201c) in den St\u00e4dten hinter Betonmauern versteckt, damit Touristen sie nicht sehen konnten (So wurde es auch in Sevilla w\u00e4hrend der Weltausstellung 1992 gemacht!).<\/p>\n\n\n\n<p>In Rum\u00e4nien wurden die Statistiken so manipuliert, dass das Land pl\u00f6tzlich weniger Roma hatte als befreite Roma-Sklaven fast hundert Jahre zuvor. <\/p>\n\n\n\n<h3 class=\"wp-block-heading\">Westeuropa<\/h3>\n\n\n\n<p>In Westeuropa hat sich die Situation f\u00fcr Roma nicht grundlegend ge\u00e4ndert. Die Klischees blieben und f\u00fcr sie \u00e4nderte sich nichts wirklich. <\/p>\n\n\n\n<p>Der V\u00f6lkermord an den Roma wurde nicht anerkannt. Formal behauptete Deutschland, dass Roma w\u00e4hrend des Krieges get\u00f6tet worden seien, aber nicht aus ethnischen Gr\u00fcnden, einfach, weil man davon ausging, dass sie nicht arbeiten und zu den Kriegsanstrengungen beitragen wollten. Im M\u00e4rz 1982 erkannte Bundeskanzler Helmut Schmidt als erster f\u00fchrender Repr\u00e4sentant der Bundesrepublik offiziell den NS-V\u00f6lkermord an den Sinti und Roma an.<\/p>\n\n\n\n<p>Wiedergutmachungen hingegen wurden nicht wirklich oder so sp\u00e4t \u00fcbergeben, dass die Zahl der \u00dcberlebenden sehr gering war. <\/p>\n\n\n\n<h3 class=\"wp-block-heading\">Die Roma-B\u00fcrgerrechtsbewegung<\/h3>\n\n\n\n<p>Mehrere Roma-Organisationen in der Tschechoslowakei wurden w\u00e4hrend des Prager Fr\u00fchlings gegr\u00fcndet, aber alle wurden 1973 wieder geschlossen. Trotzdem gr\u00fcndeten Slowaken, Jugoslawen und einige andere Roma 1972 in London die International Romani Union. <\/p>\n\n\n\n<p>In Westeuropa f\u00fchrte der Kampf f\u00fcr die Anerkennung des Roma-V\u00f6lkermords zur Gr\u00fcndung einer Roma-B\u00fcrgerrechtsbewegung mit Romani Rose als Pr\u00e4sident des Rates Deutscher Sinti und Roma und Rutko Kawczinky als Roma-Nationalkongress<\/p>","protected":false},"excerpt":{"rendered":"<p>After the Second World War, life continued under very different conditions. Eastern Europe fell under the communist domination. Roma living [&hellip;]<\/p>\n","protected":false},"author":2,"featured_media":26174,"parent":62,"menu_order":63,"comment_status":"closed","ping_status":"closed","template":"","meta":{"_exactmetrics_skip_tracking":false,"_exactmetrics_sitenote_active":false,"_exactmetrics_sitenote_note":"","_exactmetrics_sitenote_category":0,"footnotes":""},"class_list":["post-17484","page","type-page","status-publish","has-post-thumbnail","hentry"],"fifu_image_url":"https:\/\/cdn.britannica.com\/51\/127851-050-D0670589\/barrier-Brandenburg-Gate-Berlin-Wall-version-1961.jpg","_links":{"self":[{"href":"https:\/\/rroma.org\/de\/wp-json\/wp\/v2\/pages\/17484","targetHints":{"allow":["GET"]}}],"collection":[{"href":"https:\/\/rroma.org\/de\/wp-json\/wp\/v2\/pages"}],"about":[{"href":"https:\/\/rroma.org\/de\/wp-json\/wp\/v2\/types\/page"}],"author":[{"embeddable":true,"href":"https:\/\/rroma.org\/de\/wp-json\/wp\/v2\/users\/2"}],"replies":[{"embeddable":true,"href":"https:\/\/rroma.org\/de\/wp-json\/wp\/v2\/comments?post=17484"}],"version-history":[{"count":11,"href":"https:\/\/rroma.org\/de\/wp-json\/wp\/v2\/pages\/17484\/revisions"}],"predecessor-version":[{"id":26175,"href":"https:\/\/rroma.org\/de\/wp-json\/wp\/v2\/pages\/17484\/revisions\/26175"}],"up":[{"embeddable":true,"href":"https:\/\/rroma.org\/de\/wp-json\/wp\/v2\/pages\/62"}],"wp:featuredmedia":[{"embeddable":true,"href":"https:\/\/rroma.org\/de\/wp-json\/wp\/v2\/media\/26174"}],"wp:attachment":[{"href":"https:\/\/rroma.org\/de\/wp-json\/wp\/v2\/media?parent=17484"}],"curies":[{"name":"wp","href":"https:\/\/api.w.org\/{rel}","templated":true}]}}