{"id":267,"date":"2014-10-08T11:45:30","date_gmt":"2014-10-08T11:45:30","guid":{"rendered":"http:\/\/rroma.sommer.support\/?page_id=267"},"modified":"2023-03-30T12:22:01","modified_gmt":"2023-03-30T11:22:01","slug":"the-foundation","status":"publish","type":"page","link":"https:\/\/rroma.org\/de\/the-foundation\/","title":{"rendered":"\u00dcber Uns"},"content":{"rendered":"<h3 class=\"wp-block-heading\">Die Rroma Foundation<\/h3>\n\n\n\n<p>Die Rroma-Stiftung (Rroma Foundation \/ Rromani Fundacija) wurde im November 1993 in Z\u00fcrich, Schweiz, gegr\u00fcndet. Die Stiftung wurde zu einem Zeitpunkt angedfangen, als sich die L\u00e4nder Europas n\u00e4herten und die Erweiterung der europ\u00e4ischen Gemeinschaft einl\u00e4utete, w\u00e4hrend gleichzeitig nationalistische und rassistische Bewegungen in ehemaligen kommunistischen L\u00e4ndern aufkamen. <\/p>\n\n\n\n<p>Die Rroma Foundation ist eine eingetragene Stiftung nach schweizerischem Recht und unterliegt der \u00dcberpr\u00fcfung ihres j\u00e4hrlichen Budgets und T\u00e4tigkeitsberichts durch die Schweizerischen Bundesbeh\u00f6rden. Der Stiftungsvorstand entscheidet \u00fcber die verschiedenen Projekte und Mittelvergabe und ist auch f\u00fcr die Mittelbeschaffung und \u00d6ffentlichkeitsarbeit zust\u00e4ndig. Der Beirat der Stiftung pr\u00fcft eingereichte Projekte und Aktivit\u00e4ten und ber\u00e4t den Vorstand. Die Stiftung hat Mitarbeiter in verschiedenen osteurop\u00e4ischen L\u00e4ndern.<\/p>\n\n\n\n<h3 class=\"wp-block-heading\">F\u00fcr mehr Informationen<\/h3>\n\n\n\n<p>Sollten Sie Fragen zur Rroma Foundation haben, k\u00f6nnen Sie uns gerne per E-Mail kontaktieren unter <a href=\"mailto:admin@rroma.org\">admin@rroma.org<\/a><\/p>","protected":false},"excerpt":{"rendered":"<p>The Rroma Foundation The Rroma Foundation (Rromani Fundacija) was founded in November 1993, in Zurich, Switzerland. The foundation was created [&hellip;]<\/p>\n","protected":false},"author":1,"featured_media":0,"parent":0,"menu_order":61,"comment_status":"closed","ping_status":"closed","template":"","meta":{"_exactmetrics_skip_tracking":false,"_exactmetrics_sitenote_active":false,"_exactmetrics_sitenote_note":"","_exactmetrics_sitenote_category":0,"footnotes":""},"class_list":["post-267","page","type-page","status-publish","hentry"],"_links":{"self":[{"href":"https:\/\/rroma.org\/de\/wp-json\/wp\/v2\/pages\/267","targetHints":{"allow":["GET"]}}],"collection":[{"href":"https:\/\/rroma.org\/de\/wp-json\/wp\/v2\/pages"}],"about":[{"href":"https:\/\/rroma.org\/de\/wp-json\/wp\/v2\/types\/page"}],"author":[{"embeddable":true,"href":"https:\/\/rroma.org\/de\/wp-json\/wp\/v2\/users\/1"}],"replies":[{"embeddable":true,"href":"https:\/\/rroma.org\/de\/wp-json\/wp\/v2\/comments?post=267"}],"version-history":[{"count":15,"href":"https:\/\/rroma.org\/de\/wp-json\/wp\/v2\/pages\/267\/revisions"}],"predecessor-version":[{"id":17279,"href":"https:\/\/rroma.org\/de\/wp-json\/wp\/v2\/pages\/267\/revisions\/17279"}],"wp:attachment":[{"href":"https:\/\/rroma.org\/de\/wp-json\/wp\/v2\/media?parent=267"}],"curies":[{"name":"wp","href":"https:\/\/api.w.org\/{rel}","templated":true}]}}