{"id":273,"date":"2014-10-08T11:45:58","date_gmt":"2014-10-08T11:45:58","guid":{"rendered":"http:\/\/rroma.sommer.support\/?page_id=273"},"modified":"2023-03-30T12:21:16","modified_gmt":"2023-03-30T11:21:16","slug":"activities","status":"publish","type":"page","link":"https:\/\/rroma.org\/de\/activities\/","title":{"rendered":"Ziele &amp; Aktivit\u00e4ten"},"content":{"rendered":"<h3 class=\"wp-block-heading\">Ziele<\/h3>\n\n\n\n<p>Die Ziele der Rroma Foundation sind es, Roma auf der ganzen Welt zu st\u00e4rken und ihnen zu helfen. Zu diesem Zweck unterst\u00fctzt die Stiftung jedes Projekt oder Programm, das dieses Ziel erf\u00fcllt und das von Roma f\u00fcr Roma ins Leben gerufen und durchgef\u00fchrt wird.<\/p>\n\n\n\n<h3 class=\"wp-block-heading\">Aktivit\u00e4ten<\/h3>\n\n\n\n<p>Die Aktivit\u00e4ten der Rroma Foundation konzentrieren sich auf Medien, Lobbying, Bildung, Zivilgesellschaft, Projekt- und Fl\u00fcchtlingsunterst\u00fctzung.<\/p>\n\n\n\n<p>Die Stiftung hat Partner in mehreren europ\u00e4ischen L\u00e4ndern wie Polen, der Ukraine usw.<\/p>\n\n\n\n<h4 class=\"wp-block-heading\">Medien<\/h4>\n\n\n\n<p>The foundation currently centres its activities on a media campaign on behalf of Roma. These activities include media reports, collaboration with journalists from various countries and media, exhibitions, meetings with governments etc.<\/p>\n\n\n\n<h4 class=\"wp-block-heading\">Lobbyarbeit<\/h4>\n\n\n\n<p>Die Rroma Foundation ist sowohl in der Schweiz als auch auf EU-Ebene in der Lobbyarbeit zugunsten der Roma t\u00e4tig. Wir arbeiten in der Schweiz an der Anerkennung der Roma-Minderheit im Land; arbeiten mit anderen internationalen NGOs an allgemeinen Roma-Fragen; Wir erstellen L\u00e4nderberichte (aufgrund der Anf\u00e4lligkeit der L\u00e4nder nicht alle frei verf\u00fcgbar), um Probleme mit und Probleme von Roma in Europa aufzuzeigen.<\/p>\n\n\n\n<p>Neu engagiert sich die Rroma Foundation auch in der International Holocaust Remembrance Alliance als Teil der Schweizer Delegation. <\/p>\n\n\n\n<h4 class=\"wp-block-heading\">Ausbildung<\/h4>\n\n\n\n<p>Im Bereich Bildung ist die Rroma Foundation aktiv bei der Bereitstellung von Materialien f\u00fcr Lehrer und Professoren, organisiert und beteiligt sich an Projekten im Bildungsbereich, zum Beispiel im Kontext der IHRA zum Roma-Genozid.<\/p>\n\n\n\n<p>Eines unserer Kernangebote sind ma\u00dfgeschneiderte Konferenzen mit Schulklassen oder in Universit\u00e4ten, bei denen wir \u00fcber Roma, ihre Geschichte, Traditionen, aktuelle Situation usw. informieren oder lehren und den Sch\u00fclern den direkten Kontakt zu Roma erm\u00f6glichen. Bei Interesse bitte uns kontaktieren.<\/p>\n\n\n\n<h4 class=\"wp-block-heading\">Zivilgesellschaft<\/h4>\n\n\n\n<p>Wir arbeiten auf verschiedene Weise an der Verbesserung der Situation der Roma: Hervorhebung des institutionellen Rassismus; Bek\u00e4mpfung von Hassreden durch Gerichtsverfahren; Roma bei der Verwaltung helfen, dies meist in der Schweiz.<\/p>\n\n\n\n<h4 class=\"wp-block-heading\">Fl\u00fcchtlinge<\/h4>\n\n\n\n<p>Auch die Rroma Foundation hat geholfen und hilft weiterhin Roma-Fl\u00fcchtlingen (meistens in der Schweiz). In der Schweiz ist diese Rechtsberatung und -vertretung kostenlos und wir haben viele Roma aus dem ehemaligen Jugoslawien, insbesondere aus dem Kosovo, verteidigt. <\/p>\n\n\n\n<p>Wir besch\u00e4ftigen uns jetzt mit Fl\u00fcchtlingen aus dem Krieg in der Ukraine, sowohl in der Schweiz, als auch durch ein Netzwerk von Freiwilligen in Polen. <\/p>\n\n\n\n<h4 class=\"wp-block-heading\">Projekten<\/h4>\n\n\n\n<p>In terms of projects, we continue to provide either matching funds or advice to various Roma NGOs that have goals that match the ones from our charter. We also provide stipends to gifted Roma students.<\/p>\n\n\n\n<p>Dar\u00fcber hinaus hilft die Rroma Foundation anderen Organisationen und Einzelpersonen, ihre Projekte  zu schreiben oder zu verbessern und Geld aus anderen Quellen zu finden.<\/p>","protected":false},"excerpt":{"rendered":"<p>Goals The goals of the Rroma Foundation are to empower and help Roma throughout the world. To that end, the [&hellip;]<\/p>\n","protected":false},"author":1,"featured_media":0,"parent":0,"menu_order":32,"comment_status":"closed","ping_status":"closed","template":"","meta":{"_exactmetrics_skip_tracking":false,"_exactmetrics_sitenote_active":false,"_exactmetrics_sitenote_note":"","_exactmetrics_sitenote_category":0,"footnotes":""},"class_list":["post-273","page","type-page","status-publish","hentry"],"_links":{"self":[{"href":"https:\/\/rroma.org\/de\/wp-json\/wp\/v2\/pages\/273","targetHints":{"allow":["GET"]}}],"collection":[{"href":"https:\/\/rroma.org\/de\/wp-json\/wp\/v2\/pages"}],"about":[{"href":"https:\/\/rroma.org\/de\/wp-json\/wp\/v2\/types\/page"}],"author":[{"embeddable":true,"href":"https:\/\/rroma.org\/de\/wp-json\/wp\/v2\/users\/1"}],"replies":[{"embeddable":true,"href":"https:\/\/rroma.org\/de\/wp-json\/wp\/v2\/comments?post=273"}],"version-history":[{"count":16,"href":"https:\/\/rroma.org\/de\/wp-json\/wp\/v2\/pages\/273\/revisions"}],"predecessor-version":[{"id":17302,"href":"https:\/\/rroma.org\/de\/wp-json\/wp\/v2\/pages\/273\/revisions\/17302"}],"wp:attachment":[{"href":"https:\/\/rroma.org\/de\/wp-json\/wp\/v2\/media?parent=273"}],"curies":[{"name":"wp","href":"https:\/\/api.w.org\/{rel}","templated":true}]}}