{"id":56,"date":"2014-10-08T09:11:13","date_gmt":"2014-10-08T08:11:13","guid":{"rendered":"http:\/\/rroma.sommer.support\/?page_id=56"},"modified":"2024-12-17T10:17:26","modified_gmt":"2024-12-17T09:17:26","slug":"rroma-groups","status":"publish","type":"page","link":"https:\/\/rroma.org\/de\/the-roma\/rroma-groups\/","title":{"rendered":"Roma Gruppen"},"content":{"rendered":"<p>Neben den verschiedenen Namen, die Gad\u017ee den Roma gegeben hat, verwenden die Roma andere Namen, um sich selbst zu beschreiben \u2013 ihr Gruppenzugeh\u00f6rigkeit. Clans und Abstammung sollten nicht mit Gruppen verwechselt werden. Sie sind die n\u00e4chste Unterteilungsebene unterhalb der Gruppen. Die Gr\u00f6sse der Gruppen kann von einigen Tausend (wie die Lotfitka-Roma, die lettischen Roma) bis zu \u00fcber einer Million, wie die Balkan-Arlii, variieren. Eine gemeinsame Geschichte, eine Einheit in Berufen und Traditionen sind der Ursprung der verschiedenen Roma-Gruppen. Die Gruppenidentit\u00e4t spiegelt sich eins zu eins in der Romanes-Variante wider, die sie sprechen.<\/p>\n\n\n\n<p><span class=\"Apple-style-span\">Um nur ein Beispiel zu nennen: Die Xaladytka-Roma, die von Ostpolen bis Russland und anderen L\u00e4ndern anzutreffen sind, waren allesamt Pferdeh\u00e4ndler und Musiker, verbrachten eine lange Zeit in Deutschland, h\u00f6chstwahrscheinlich zwischen dem 15. und 17. Jahrhundert, was sich in ihrem gro\u00dfen deutschen Wortschatz widerspiegelt , gelangten nach Polen und schlie\u00dflich im XVIII. Jahrhundert nach Russland.<\/span><\/p>\n\n\n\n<p><span class=\"Apple-style-span\">Grob gesagt gibt es vier Hauptstr\u00f6mungen von Roma-Gruppen: Die Balkan-Roma mit einem ziemlich gro\u00dfen t\u00fcrkischen Vokabular; die Vlach-Roma, die in das heutige Rum\u00e4nien eingewandert sind und einen gro\u00dfen rum\u00e4nischen Einfluss in ihren Dialekten haben; die Karpaten-Roma, die in der Tschechischen und Slowakischen Republik, in Ungarn und in \u00d6sterreich zu finden sind, mit einer st\u00e4rkeren Schicht slawischer Lexeme in ihrer Sprache; die nordischen Roma mit starkem deutschem Einfluss.<\/span><\/p>\n\n\n\n<p><span class=\"Apple-style-span\">Die h\u00e4ufigsten und bekanntesten Gruppen sind:<\/span><\/p>\n\n\n\n<p><strong>Balkan:<\/strong> Kirimlides, Arlii, Erlii, Jerlides, Sepet\u010dides, Bugurd\u017ei,&nbsp; Kalajd\u017ei, Drindari.<\/p>\n\n\n\n<p><strong>Karpatische:<\/strong> Czech, Moravian, Hungarian, West and East Slovakian and Burgenland Roma<\/p>\n\n\n\n<p><strong>Vlax: <\/strong>Servi, Vlaxurja, Ri\u0161arja, Kalajd\u017ei, Vlax, D\u017eamba\u0161i, Laxora, Gurbeti, Cerhara, \u010curara, Ma\u010dvaja, Patrinara, Lovara, Dirzara, Ma\u0161ara, Kaldera\u0161a, Rudari, Beja\u0161a, Ursari, Lingurari and Gurvara<\/p>\n\n\n\n<p><strong>Nordische<\/strong> Abruzezzi, Calabrezi, Cale, Kaale, Lotfitka, Manouches, Vol\u0161enenge, Polska, Sinti, and Xaladytka<\/p>\n\n\n\n<p><\/p>","protected":false},"excerpt":{"rendered":"<p>Besides the various names that given to Roma by Gad\u017ee, Roma are using other names to describe themselves &#8211; their [&hellip;]<\/p>\n","protected":false},"author":1,"featured_media":26155,"parent":48,"menu_order":21,"comment_status":"closed","ping_status":"closed","template":"","meta":{"_exactmetrics_skip_tracking":false,"_exactmetrics_sitenote_active":false,"_exactmetrics_sitenote_note":"","_exactmetrics_sitenote_category":0,"footnotes":""},"class_list":["post-56","page","type-page","status-publish","has-post-thumbnail","hentry"],"fifu_image_url":"https:\/\/rroma.org\/wp-content\/uploads\/2017\/12\/language.jpeg","_links":{"self":[{"href":"https:\/\/rroma.org\/de\/wp-json\/wp\/v2\/pages\/56","targetHints":{"allow":["GET"]}}],"collection":[{"href":"https:\/\/rroma.org\/de\/wp-json\/wp\/v2\/pages"}],"about":[{"href":"https:\/\/rroma.org\/de\/wp-json\/wp\/v2\/types\/page"}],"author":[{"embeddable":true,"href":"https:\/\/rroma.org\/de\/wp-json\/wp\/v2\/users\/1"}],"replies":[{"embeddable":true,"href":"https:\/\/rroma.org\/de\/wp-json\/wp\/v2\/comments?post=56"}],"version-history":[{"count":7,"href":"https:\/\/rroma.org\/de\/wp-json\/wp\/v2\/pages\/56\/revisions"}],"predecessor-version":[{"id":17864,"href":"https:\/\/rroma.org\/de\/wp-json\/wp\/v2\/pages\/56\/revisions\/17864"}],"up":[{"embeddable":true,"href":"https:\/\/rroma.org\/de\/wp-json\/wp\/v2\/pages\/48"}],"wp:featuredmedia":[{"embeddable":true,"href":"https:\/\/rroma.org\/de\/wp-json\/wp\/v2\/media\/26155"}],"wp:attachment":[{"href":"https:\/\/rroma.org\/de\/wp-json\/wp\/v2\/media?parent=56"}],"curies":[{"name":"wp","href":"https:\/\/api.w.org\/{rel}","templated":true}]}}