{"id":58,"date":"2014-10-08T09:11:32","date_gmt":"2014-10-08T09:11:32","guid":{"rendered":"http:\/\/rroma.sommer.support\/?page_id=58"},"modified":"2024-12-17T10:03:20","modified_gmt":"2024-12-17T09:03:20","slug":"social-organisation","status":"publish","type":"page","link":"https:\/\/rroma.org\/de\/the-roma\/social-organisation\/","title":{"rendered":"Soziale Organisation"},"content":{"rendered":"<p>Roma sind in verschiedenen Unterteilungen organisiert, die mangels eines besseren Begriffs als Gruppen bezeichnet werden. Die Liste solcher Gruppen ist ziemlich lang und jede von ihnen ist weiter in kleinere Einheiten unterteilt. Um das Verst\u00e4ndnis etwas zu vereinfachen, stellen wir uns diese soziale Organisation in umgekehrter Richtung vor, n\u00e4mlich von ihrer Kernebene aufw\u00e4rts.<br><\/p>\n\n\n\n<figure class=\"wp-block-image size-large\"><img loading=\"lazy\" decoding=\"async\" width=\"1024\" height=\"799\" src=\"https:\/\/rroma.org\/wp-content\/uploads\/2022\/09\/Rroma-Subgroups-1024x799.jpg\" alt=\"\" class=\"wp-image-17959\" srcset=\"https:\/\/rroma.org\/wp-content\/uploads\/2022\/09\/Rroma-Subgroups-1024x799.jpg 1024w, https:\/\/rroma.org\/wp-content\/uploads\/2022\/09\/Rroma-Subgroups-300x234.jpg 300w, https:\/\/rroma.org\/wp-content\/uploads\/2022\/09\/Rroma-Subgroups-768x599.jpg 768w, https:\/\/rroma.org\/wp-content\/uploads\/2022\/09\/Rroma-Subgroups-1536x1198.jpg 1536w, https:\/\/rroma.org\/wp-content\/uploads\/2022\/09\/Rroma-Subgroups-2048x1597.jpg 2048w, https:\/\/rroma.org\/wp-content\/uploads\/2022\/09\/Rroma-Subgroups-15x12.jpg 15w, https:\/\/rroma.org\/wp-content\/uploads\/2022\/09\/Rroma-Subgroups-624x487.jpg 624w, https:\/\/rroma.org\/wp-content\/uploads\/2022\/09\/Rroma-Subgroups-1800x1404.jpg 1800w\" sizes=\"auto, (max-width: 1024px) 100vw, 1024px\" \/><\/figure>\n\n\n\n<h3 class=\"wp-block-heading\">Die Standard-Divisionen<\/h3>\n\n\n\n<p>Die erste und wichtigste Ebene f\u00fcr Roma ist die Familie. Die Familie, die ziemlich gro\u00df sein und mehrere Generationen umfassen kann, ist der Lebensmittelpunkt eines Roms. Die erste Treue geht immer an die Verwandten.<\/p>\n\n\n\n<p>Die zweite Ebene ist die Abstammungslinie, d. h. die erweiterte Familie: Unter Kaldera\u0161a findet man zum Beispiel Jone\u0161ti, Bumbule\u0161ti, Miheje\u0161ti, Saporroni usw. Diese Abstammungslinien haben ihre Namen von einem prominenten Anf\u00fchrer oder Vorfahren aus alter Zeit. Zum Beispiel leitet sich Jone\u0161ti von Jono (John) ab, Miheje\u0161ti kommt von Mihai (Michael). usw.<\/p>\n\n\n\n<p>Die dritte Organisationsebene ist die Gruppe. Die Gruppen wie Kaldera\u0161a, Lovara, Sinti, \u010curara, Ma\u010dvaja, Zlotara und so weiter.<\/p>\n\n\n\n<p>Gruppen sind \u201ehistorische\u201c Einheiten, die durch eine gemeinsame Geschichte (wo sich die Gruppe urspr\u00fcnglich niederlie\u00df oder wanderte) sowie durch gemeinsame Traditionen und Sprache \u2013 einen Dialekt \u2013 und manchmal durch gemeinsame Berufe miteinander verbunden sind. Die Zugeh\u00f6rigkeit zu einer Gruppe ist wichtiger als die Tatsache, Rom zu sein.<\/p>\n\n\n\n<h3 class=\"wp-block-heading\">Zus\u00e4tzliche Strukturen<\/h3>\n\n\n\n<p>Nomadische Roma weisen oft zus\u00e4tzliche Strukturen innerhalb der Gruppe auf. Unter diesen kann man viele Vlach-Roma z\u00e4hlen, die mit Pferden und Wagen unterwegs waren. Dies erm\u00f6glichte es ihnen, ein hohes Mass an sozialer Organisation aufrechtzuerhalten. Die Sozialorganisation Kaldera\u0161a ist ein Vorbild f\u00fcr diese Strukturen, die auch f\u00fcr andere gelten.<\/p>\n\n\n\n<p>Kaldera\u0161a sind auf der ganzen Welt in Nationen wie Serben, Moldawien, Ungarn, Griechen, Russen usw. unterteilt. Eine Nation bezieht sich auf das Land, in dem sie lebten, aber selten auf den Pass, den sie derzeit besitzen. Es gibt zum Beispiel ziemlich viele Russen in Frankreich, Serben in Russland usw. Diese Nationen sind eine zus\u00e4tzliche Ebene \u00fcber den Abstammungslinien.<\/p>\n\n\n\n<p>Die Kaldera\u0161a, die zusammen reisten und arbeiteten, bildeten ein eine Kompanie, das aus mehreren Familien bestand, die nicht unbedingt aus derselben Abstammung stammten. Der Name der Kompanie ist immer vom Namen seines Leiters ableitbar, derjenige, der die Roma vor den lokalen Beh\u00f6rden vertritt.<\/p>\n\n\n\n<p>Wir m\u00fcssen hinzuf\u00fcgen, dass sich die Konzepte von Abstammungslinien und Gruppen weiterentwickeln. Bestimmte Clans werden zu Gruppen \u201eheraufgestuft\u201c, wie es bei Zweigen der russischen Lovara passiert ist, die jetzt \u201egutgl\u00e4ubige\u201c Gruppen sind, w\u00e4hrend einige Gruppen m\u00f6glicherweise zu Linien \u201eherabgestuft\u201c werden.<\/p>\n\n\n\n<p>Diese Ebenen waren extrem starr und sind es in bestimmten Gemeinschaften geblieben. Mischehen etwa zwischen einem Kaldera\u0161 und einem \u010curara waren fast unbekannt. Erst in letzter Zeit ist dies einfacher geworden, auch weil diese Strukturen unter repressiven staatlichen Massnahmen zerfallen sind.<\/p>\n\n\n\n<p>Die letzte Ebene ist das ethnische Zugeh\u00f6rigkeit, n\u00e4mlich das Konzept der Roma und im Gegensatz dazu die Gad\u017ee oder Nicht-Roma.<\/p>","protected":false},"excerpt":{"rendered":"<p>Roma are organised in various subdivisions that, for a lack of a better term are called groups. The list of [&hellip;]<\/p>\n","protected":false},"author":1,"featured_media":26145,"parent":48,"menu_order":19,"comment_status":"closed","ping_status":"closed","template":"","meta":{"_exactmetrics_skip_tracking":false,"_exactmetrics_sitenote_active":false,"_exactmetrics_sitenote_note":"","_exactmetrics_sitenote_category":0,"footnotes":""},"class_list":["post-58","page","type-page","status-publish","has-post-thumbnail","hentry"],"fifu_image_url":"https:\/\/rroma.org\/wp-content\/uploads\/2022\/09\/Rroma-Subgroups-scaled.jpg","_links":{"self":[{"href":"https:\/\/rroma.org\/de\/wp-json\/wp\/v2\/pages\/58","targetHints":{"allow":["GET"]}}],"collection":[{"href":"https:\/\/rroma.org\/de\/wp-json\/wp\/v2\/pages"}],"about":[{"href":"https:\/\/rroma.org\/de\/wp-json\/wp\/v2\/types\/page"}],"author":[{"embeddable":true,"href":"https:\/\/rroma.org\/de\/wp-json\/wp\/v2\/users\/1"}],"replies":[{"embeddable":true,"href":"https:\/\/rroma.org\/de\/wp-json\/wp\/v2\/comments?post=58"}],"version-history":[{"count":8,"href":"https:\/\/rroma.org\/de\/wp-json\/wp\/v2\/pages\/58\/revisions"}],"predecessor-version":[{"id":17963,"href":"https:\/\/rroma.org\/de\/wp-json\/wp\/v2\/pages\/58\/revisions\/17963"}],"up":[{"embeddable":true,"href":"https:\/\/rroma.org\/de\/wp-json\/wp\/v2\/pages\/48"}],"wp:featuredmedia":[{"embeddable":true,"href":"https:\/\/rroma.org\/de\/wp-json\/wp\/v2\/media\/26145"}],"wp:attachment":[{"href":"https:\/\/rroma.org\/de\/wp-json\/wp\/v2\/media?parent=58"}],"curies":[{"name":"wp","href":"https:\/\/api.w.org\/{rel}","templated":true}]}}