{"id":64,"date":"2014-10-08T09:12:30","date_gmt":"2014-10-08T09:12:30","guid":{"rendered":"http:\/\/rroma.sommer.support\/?page_id=64"},"modified":"2023-03-30T12:21:23","modified_gmt":"2023-03-30T11:21:23","slug":"rroma-origins","status":"publish","type":"page","link":"https:\/\/rroma.org\/de\/roma-history\/rroma-origins\/","title":{"rendered":"Ursprung"},"content":{"rendered":"<p>Istvan Valyi, ein ungarischer Aristokrat, der in den Niederlanden studierte und dort Hindi lernte, war der erste in Westeuropa, der erkannte, dass die Roma indische Wurzeln hatten, da er einige ihrer W\u00f6rter verstehen konnte. Er ver\u00f6ffentlichte diese Entdeckung 1775. Danach nahm das Entdeckungstempo zu:<\/p>\n\n\n\n<p>In 1782, ein Deutscher, Jakob R\u00fcdiger hat gezeigt, dass die Roma Sprache indische Wurzeln hat. Ein Jahr sp\u00e4ter, Heinrich Grellman, von der Universit\u00e4t G\u00f6ttingen hat eine umfangreiche Studie \u00fcber die Roma Sprache gef\u00fchrt und ist zum Schluss gekommen, dass die Roma aus Indien abstammen. <\/p>\n\n\n\n<p>Viel sp\u00e4ter, 1844, erschien ein wichtiges Werk: \u201eDie Zigeuner in Europa und Asien\u201c, geschrieben bei ein anderer deutsche, August Friedrich Pott. Er ist der Gr\u00fcnder der modernen \u201eRomanologie\u201c  und der Roma Linguistik.<\/p>\n\n\n\n<figure class=\"wp-block-image size-large\"><img loading=\"lazy\" decoding=\"async\" width=\"1024\" height=\"407\" src=\"https:\/\/rroma.org\/wp-content\/uploads\/2022\/08\/amber-fort-3101342-1024x407.jpg\" alt=\"\" class=\"wp-image-17387\" srcset=\"https:\/\/rroma.org\/wp-content\/uploads\/2022\/08\/amber-fort-3101342-1024x407.jpg 1024w, https:\/\/rroma.org\/wp-content\/uploads\/2022\/08\/amber-fort-3101342-300x119.jpg 300w, https:\/\/rroma.org\/wp-content\/uploads\/2022\/08\/amber-fort-3101342-768x305.jpg 768w, https:\/\/rroma.org\/wp-content\/uploads\/2022\/08\/amber-fort-3101342-1536x610.jpg 1536w, https:\/\/rroma.org\/wp-content\/uploads\/2022\/08\/amber-fort-3101342-2048x814.jpg 2048w, https:\/\/rroma.org\/wp-content\/uploads\/2022\/08\/amber-fort-3101342-18x7.jpg 18w, https:\/\/rroma.org\/wp-content\/uploads\/2022\/08\/amber-fort-3101342-624x248.jpg 624w, https:\/\/rroma.org\/wp-content\/uploads\/2022\/08\/amber-fort-3101342-500x200.jpg 500w, https:\/\/rroma.org\/wp-content\/uploads\/2022\/08\/amber-fort-3101342-1800x715.jpg 1800w\" sizes=\"auto, (max-width: 1024px) 100vw, 1024px\" \/><figcaption class=\"wp-element-caption\">Amber Fort, Jaipur<\/figcaption><\/figure>\n\n\n\n<h3 class=\"wp-block-heading\">Die Urspr\u00fcnge<\/h3>\n\n\n\n<p>Alle Forscher akzeptieren inzwischen, dass die Roma urspr\u00fcnglich aus Indien stammten. Die Details ihrer Reisen, der Grund, warum sie ihre Heimat verlassen haben, sind jedoch weitgehend unbekannt und die Details ihrer Migrationen Gegenstand von Hypothesen. <\/p>\n\n\n\n<p>Wir stellen eine Hypothese vor, die sprachwissenschaftlich untermauert und mit historischen \u00dcberlegungen verbunden ist. Wir halten es f\u00fcr das plausibelste und argumentierte. Beachten Sie aber, dass es andere Theorien \u00fcber die fr\u00fche Geschichte der Roma gibt.<\/p>\n\n\n\n<p>Bis heute gibt es in Indien eine Kaste namens Dom. Ihre vom Vater an den Sohn weitergegebenen Berufe sind Musiker und T\u00e4nzer, aber auch Schmiede, Korbflechter, Siebmacher und sogar Holzarbeiter. Die Urspr\u00fcnge des traditionellen Roma-Handwerks! <\/p>\n\n\n\n<p>Sie liefern auch den Ursprung des Namens der Roma: In Asien nennen sie sich Dom, in Armenien Lom und in Europa Rrom, Rom oder gar Rhom. Der indische retroflexive Konsonant D entwickelte sich im Laufe der Zeit zu einem L in Armenien und zu Rr, R oder Rh in Europa.<\/p>\n\n\n\n<p>Zum Beispiel wird das Sanskrit-Wort manda(ka) in Asien men(d)a, in Armenien manlav und von europ\u00e4ischen Zigeunern als manrro, ma(n)roor manrho (Brot auf Romanes) ausgesprochen, was diese Entwicklung des D in einen R deutlich zeigt.<\/p>\n\n\n\n<p>Einige Leute behaupten, dass der Name Rom von Rama, dem indischen Gott, abgeleitet ist, aber das ist h\u00f6chst unwahrscheinlich.<\/p>","protected":false},"excerpt":{"rendered":"<p>Istvan Valyi, a Hungarian aristocrat who studied in the Netherlands and learnt Hindi there, was the first in Western Europe [&hellip;]<\/p>\n","protected":false},"author":1,"featured_media":17387,"parent":62,"menu_order":48,"comment_status":"closed","ping_status":"closed","template":"","meta":{"_exactmetrics_skip_tracking":false,"_exactmetrics_sitenote_active":false,"_exactmetrics_sitenote_note":"","_exactmetrics_sitenote_category":0,"footnotes":""},"class_list":["post-64","page","type-page","status-publish","has-post-thumbnail","hentry"],"_links":{"self":[{"href":"https:\/\/rroma.org\/de\/wp-json\/wp\/v2\/pages\/64","targetHints":{"allow":["GET"]}}],"collection":[{"href":"https:\/\/rroma.org\/de\/wp-json\/wp\/v2\/pages"}],"about":[{"href":"https:\/\/rroma.org\/de\/wp-json\/wp\/v2\/types\/page"}],"author":[{"embeddable":true,"href":"https:\/\/rroma.org\/de\/wp-json\/wp\/v2\/users\/1"}],"replies":[{"embeddable":true,"href":"https:\/\/rroma.org\/de\/wp-json\/wp\/v2\/comments?post=64"}],"version-history":[{"count":15,"href":"https:\/\/rroma.org\/de\/wp-json\/wp\/v2\/pages\/64\/revisions"}],"predecessor-version":[{"id":19949,"href":"https:\/\/rroma.org\/de\/wp-json\/wp\/v2\/pages\/64\/revisions\/19949"}],"up":[{"embeddable":true,"href":"https:\/\/rroma.org\/de\/wp-json\/wp\/v2\/pages\/62"}],"wp:featuredmedia":[{"embeddable":true,"href":"https:\/\/rroma.org\/de\/wp-json\/wp\/v2\/media\/17387"}],"wp:attachment":[{"href":"https:\/\/rroma.org\/de\/wp-json\/wp\/v2\/media?parent=64"}],"curies":[{"name":"wp","href":"https:\/\/api.w.org\/{rel}","templated":true}]}}