{"id":68,"date":"2014-10-08T09:13:47","date_gmt":"2014-10-08T09:13:47","guid":{"rendered":"http:\/\/rroma.sommer.support\/?page_id=68"},"modified":"2023-03-30T12:21:25","modified_gmt":"2023-03-30T11:21:25","slug":"byzantine-history","status":"publish","type":"page","link":"https:\/\/rroma.org\/de\/roma-history\/byzantine-history\/","title":{"rendered":"Byzantinische Geschichte"},"content":{"rendered":"<figure class=\"wp-block-image size-large is-resized\"><img loading=\"lazy\" decoding=\"async\" src=\"https:\/\/rroma.org\/wp-content\/uploads\/2022\/08\/P1020241-1024x768.jpg\" alt=\"\" class=\"wp-image-17374\" width=\"838\" height=\"628\" srcset=\"https:\/\/rroma.org\/wp-content\/uploads\/2022\/08\/P1020241-1024x768.jpg 1024w, https:\/\/rroma.org\/wp-content\/uploads\/2022\/08\/P1020241-300x225.jpg 300w, https:\/\/rroma.org\/wp-content\/uploads\/2022\/08\/P1020241-768x576.jpg 768w, https:\/\/rroma.org\/wp-content\/uploads\/2022\/08\/P1020241-1536x1152.jpg 1536w, https:\/\/rroma.org\/wp-content\/uploads\/2022\/08\/P1020241-2048x1536.jpg 2048w, https:\/\/rroma.org\/wp-content\/uploads\/2022\/08\/P1020241-16x12.jpg 16w, https:\/\/rroma.org\/wp-content\/uploads\/2022\/08\/P1020241-624x468.jpg 624w, https:\/\/rroma.org\/wp-content\/uploads\/2022\/08\/P1020241-266x200.jpg 266w, https:\/\/rroma.org\/wp-content\/uploads\/2022\/08\/P1020241-1800x1350.jpg 1800w\" sizes=\"auto, (max-width: 838px) 100vw, 838px\" \/><\/figure>\n\n\n\n<p>Obwohl die Roma vor der ersten Jahrtausendwende, etwa zu Beginn des 10. Jahrhunderts, im Byzantinischen Reich nach Europa kamen, erschienen die ersten europ\u00e4ischen Schriften \u00fcber Roma erst um 1100. In einem Buch \u00fcber das Leben des Heiligen Georg Mtacmindeli, eines georgischen M\u00f6nchs aus dem Iveron-Kloster auf dem Berg Athos beschrieb \u201ehervorragende Wahrsager\u201c namens Athinganoi oder Atzinganoi in Konstantinopel. In vielen L\u00e4ndern sind Roma als Tzigan, Zigeuner, Zingari usw. bekannt, Namen, die sich vom Wort Atzinganoi ableiten. <\/p>\n\n\n\n<div class=\"wp-block-media-text alignwide is-stacked-on-mobile\"><figure class=\"wp-block-media-text__media\"><img loading=\"lazy\" decoding=\"async\" width=\"232\" height=\"300\" src=\"http:\/\/rroma.org\/wp-content\/uploads\/2014\/10\/constantinople3-232x300.gif\" alt=\"constantinople3\" class=\"wp-image-69 size-full\" srcset=\"https:\/\/rroma.org\/wp-content\/uploads\/2014\/10\/constantinople3-232x300.gif 232w, https:\/\/rroma.org\/wp-content\/uploads\/2014\/10\/constantinople3-794x1024.gif 794w\" sizes=\"auto, (max-width: 232px) 100vw, 232px\" \/><\/figure><div class=\"wp-block-media-text__content\">\n<p>Im Jahre 1322 traf der Franziskaner Simeon Simeoinis Roma in Kreta an. 1348 und 1362 haben wir dann schriftliche Dokumente \u00fcber Czingarije in Serbien und Kroatien. Die Roma blieben im Balkan bis zu den t\u00fcrkischen Invasionen.<\/p>\n\n\n\n<p>Dies will nicht hei\u00dfen, dass die Roma erst zu jener Zeit im Gebiet des Byzanz erschienen sind. Im Gegenteil, Roma mussten schon viel fr\u00fcher anwesend gewesen sein. Sie mussten sehr wahrscheinlich kurz vor dem Millennium im Balkan angekommen sein. Das wie und warum ist dabei nicht ganz klar. M\u00f6glicherweise wurden sie, zusammen mit den Armeniern, nach dem byzantinischen Sieg \u00fcber die Paulizianer, in den Westen deportiert. Der Begriff Athinganoi deutet auf eine Sekte hin, die w\u00e4hrend der byzantinischen Zeit vor allem mit den Paulizianer gleich gesetzt wurde.<\/p>\n<\/div><\/div>\n\n\n\n<p>Eines muss hiermit betont werden; viele Dokumente, die sich \u00fcber den Aufenthalt der Roma in den europ\u00e4ischen L\u00e4ndern beziehen, stammen aus dem 13. und 15. Jahrhundert. Leider ist daraus nicht immer leicht ersichtlich, ob es sich um Roma handelt oder nicht. Wir haben uns entschlossen, die Dokumente auszuw\u00e4hlen, woraus man schlie\u00dfen kann, dass sie sich auf die Zigeuner beziehen. Viele Experten glauben, dass die Roma, als sie im Balkan und den angrenzenden Nachbarl\u00e4ndern ankamen, sofort Arbeit, vor allem als Schmiede, aber auch in anderen Berufen, gefunden haben. Sie lie\u00dfen sich in der Gegend nieder und erstellten ihre H\u00e4user und Roma-Quartiere (Mahalas).<\/p>\n\n\n\n<p>Dies setzte sich auch unter t\u00fcrkischer Herrschaft fort. Die Osmanen gew\u00e4hrten Roma-Arbeitern, die sie ben\u00f6tigten, bestimmte Privilegien, und einige Roma arbeiteten sogar f\u00fcr die t\u00fcrkischen irregul\u00e4ren Truppen. Diese Privilegien sind einer der Gr\u00fcnde, warum heute so viele Roma auf dem Balkan und in angrenzenden Regionen wie Rum\u00e4nien und Ungarn leben.<\/p>","protected":false},"excerpt":{"rendered":"<p>Although Roma arrived in Europe in the Byzantine Empire before the turn of the first millennium, around the beginning of [&hellip;]<\/p>\n","protected":false},"author":1,"featured_media":17374,"parent":62,"menu_order":52,"comment_status":"closed","ping_status":"closed","template":"","meta":{"_exactmetrics_skip_tracking":false,"_exactmetrics_sitenote_active":false,"_exactmetrics_sitenote_note":"","_exactmetrics_sitenote_category":0,"footnotes":""},"class_list":["post-68","page","type-page","status-publish","has-post-thumbnail","hentry"],"_links":{"self":[{"href":"https:\/\/rroma.org\/de\/wp-json\/wp\/v2\/pages\/68","targetHints":{"allow":["GET"]}}],"collection":[{"href":"https:\/\/rroma.org\/de\/wp-json\/wp\/v2\/pages"}],"about":[{"href":"https:\/\/rroma.org\/de\/wp-json\/wp\/v2\/types\/page"}],"author":[{"embeddable":true,"href":"https:\/\/rroma.org\/de\/wp-json\/wp\/v2\/users\/1"}],"replies":[{"embeddable":true,"href":"https:\/\/rroma.org\/de\/wp-json\/wp\/v2\/comments?post=68"}],"version-history":[{"count":11,"href":"https:\/\/rroma.org\/de\/wp-json\/wp\/v2\/pages\/68\/revisions"}],"predecessor-version":[{"id":17646,"href":"https:\/\/rroma.org\/de\/wp-json\/wp\/v2\/pages\/68\/revisions\/17646"}],"up":[{"embeddable":true,"href":"https:\/\/rroma.org\/de\/wp-json\/wp\/v2\/pages\/62"}],"wp:featuredmedia":[{"embeddable":true,"href":"https:\/\/rroma.org\/de\/wp-json\/wp\/v2\/media\/17374"}],"wp:attachment":[{"href":"https:\/\/rroma.org\/de\/wp-json\/wp\/v2\/media?parent=68"}],"curies":[{"name":"wp","href":"https:\/\/api.w.org\/{rel}","templated":true}]}}