{"id":71,"date":"2014-10-08T09:14:12","date_gmt":"2014-10-08T09:14:12","guid":{"rendered":"http:\/\/rroma.sommer.support\/?page_id=71"},"modified":"2024-12-17T10:30:12","modified_gmt":"2024-12-17T09:30:12","slug":"migrations-in-europe","status":"publish","type":"page","link":"https:\/\/rroma.org\/de\/roma-history\/migrations-in-europe\/","title":{"rendered":"Migrationen in Europa"},"content":{"rendered":"<p>W\u00e4hrend der t\u00fcrkischen Expansion in den XV. Jahrhundert sind Roma ausgewandert in Richtung Mittel- und Westeuropa. Nicht alle Roma haben sich auf dem Balkan niedergelassen, und viele waren bereits Richtung Rum\u00e4nien oder Karpathen fr\u00fcher abgereist. In 1416, \u201eEmaus, Freiherr aus \u00c4gypten und seine 120 gefolgten\u201c kam in die rum\u00e4nische Stadt Brasov (Brasso, Kronstat) und forderte die Stadt f\u00fcr Lebensmittel und Geld f\u00fcr seine Weiterreisen. Von dort reisten sie durch Mittel- und Osteuropas.<\/p>\n\n\n\n<figure class=\"wp-block-image size-full\"><img loading=\"lazy\" decoding=\"async\" width=\"830\" height=\"619\" src=\"https:\/\/rroma.org\/wp-content\/uploads\/2014\/10\/europe-rroma-2.jpeg\" alt=\"\" class=\"wp-image-74\" srcset=\"https:\/\/rroma.org\/wp-content\/uploads\/2014\/10\/europe-rroma-2.jpeg 830w, https:\/\/rroma.org\/wp-content\/uploads\/2014\/10\/europe-rroma-2-300x223.jpeg 300w\" sizes=\"auto, (max-width: 830px) 100vw, 830px\" \/><\/figure>\n\n\n\n<p>Einige historische Dokumente weisen darauf hin, dass er fr\u00fcher eine kleinen \u201eInfiltration\u201c von Roma in Deutschland w\u00e4hrend den Jahren 1416-17 gab.Es waren die Vorl\u00e4ufer der Westeurop\u00e4ischen Roma.<\/p>\n\n\n\n<p>In 1423, findet man Texte \u00fcber die Rroma in Zips (Slowakei), wo K\u00f6nig Sigismund ihnen Reisedokumente (P\u00e4sse) gab, wie zum Beispiel am \u201eVojevode\u201c, F\u00fchrer der Roma, eine bestimmter Ladislav. Diese und andere, die danach folgten, reisten weiter durch Europa und einige lie\u00dfen sich in Frankreich nieder. Aufgrund dieser Dokumente wurden Roma Boh\u00e9miens in Frankreich und Boemianos in der Provence genannt. In 1420, ist der Roma \u201eGraf\u201c Andreas in Holland in der Stadt Deventer; in 1421 findet man ihn in Belgien und 1422 im Elsass. Die chronica di Bologna erw\u00e4hnt, dass Andreas und seine Leute in 1422 angekommen sind.<\/p>\n\n\n\n<p>Interessante ist die Tatsache, dass die Forli Chronik erw\u00e4hnt, dass Andreas Roma aus Indien stammen. Sie gingen sp\u00e4ter nach Rom und erhielten Reisedokumenten vom Papst. Ein weiteres \u201eGraf aus Klein \u00c4gypten\u201c, ein gewisser Michael wird auch in Rom erw\u00e4hnt und erhielt auch \u00e4hnliche Dokumente.<\/p>\n\n\n\n<p>In 1425 sind in Zaragoza (Spanien), Johann, ein \u201eFreiherr aus Klein \u00c4gypten\u201c und sein Clan, und ein wenig fr\u00fcher, einen \u201eGraf\u201c Thomas in der Stadtarchive erw\u00e4hnt. Alle diese Roma hatten Reisedokumente aus verschiedenen Quellen, vor allem von verschiedenen europ\u00e4ischen Aristokraten. Ein \u201eGraf\u201c, vermutlich Thomas, ist in St. Denis in der N\u00e4he von Paris im Jahr 1427 erw\u00e4hnt.<\/p>\n\n\n\n<p>Rund um den gleichen Zeitraum, wird der \u201eK\u00f6nig\u201c Zindelo oder Zindel in Bayern im Jahre 1439 erw\u00e4hnt, und ein wenig sp\u00e4ter geht seine Spur verloren. Andere \u201eGrafen aus Klein \u00c4gypten\u201c sind bekannt, reisten durch Europa, und wurden in verschiedenen Quellen aus den Jahren 1418-1477 erw\u00e4hnt:<\/p>\n\n\n\n<p>\u201eGraf\u201c Panuel reiste zwischen 1417 und 1430 in Deutschland, in der N\u00e4he der baltischen Staaten und auch nach Leipzig und Metz (Frankreich).<\/p>\n\n\n\n<p>\u201eGrafen\u201c Manuel und Andreas kamen in der Schweiz, von wo aus Andreas nach Bologna und Rom in Italien ging, dann in die Provence, in Spanien und schlie\u00dflich in England.<\/p>\n\n\n\n<p>\u201eGraf\u201c Michael, wird in der Schweiz erw\u00e4hnt, und reiste danach nach Strassburg, Augsburg, M\u00fcnster und Mei\u00dfen. Sein Clan wird sowohl in Luzern als auch in Barcelona erw\u00e4hnt.<\/p>\n\n\n\n<p>Was wissen wir \u00fcber jene Roma-Gruppen (oder Clans), die um diese Zeit durch ganz Europa reisten? Alle Quellen stimmen darin \u00fcberein, dass diese Roma-Gruppen eher klein waren, nicht mehr als 100 Personen, darunter Frauen und Kinder. Aus den bekannten verf\u00fcgbaren Quellen ist es ziemlich offensichtlich, dass sich ihre F\u00fchrer \u201eGrafen\u201c oder sogar \u201eK\u00f6nige\u201c aus \u201eKlein-\u00c4gypten\u201c nannten. Die gereisten Roma erz\u00e4hlten vielen Europ\u00e4ern, dass sie tats\u00e4chlich aus \u00c4gypten stammten, dass sie urspr\u00fcnglich Christen waren, die ihren Glauben verloren hatten und deshalb verbannt und zum Reisen gezwungen wurden. Diese Legende blieb in den K\u00f6pfen der Westeurop\u00e4er sehr lange lebendig und ist verantwortlich f\u00fcr die Namen, die sie den Roma gaben: Zigeuner und Gitanos, abgeleitet von den \u00c4gyptern. Noch heute erz\u00e4hlen viele Roma die Geschichte, dass ihr Anf\u00fchrer vor langer Zeit \u201eFara\u00f3\u201c hie\u00df. In Ungarn wurden Rroma sogar \u201eFara\u00f3 n\u00e9pe\u201c, das Volk der Pharaonen, genannt.<\/p>","protected":false},"excerpt":{"rendered":"<p>Many Roma moved on towards Central and Western Europe during the Turkish expansion in the XV century. For not all [&hellip;]<\/p>\n","protected":false},"author":1,"featured_media":26166,"parent":62,"menu_order":55,"comment_status":"closed","ping_status":"closed","template":"","meta":{"_exactmetrics_skip_tracking":false,"_exactmetrics_sitenote_active":false,"_exactmetrics_sitenote_note":"","_exactmetrics_sitenote_category":0,"footnotes":""},"class_list":["post-71","page","type-page","status-publish","has-post-thumbnail","hentry"],"fifu_image_url":"https:\/\/rroma.org\/wp-content\/uploads\/2014\/10\/europe-rroma-2.jpeg","_links":{"self":[{"href":"https:\/\/rroma.org\/de\/wp-json\/wp\/v2\/pages\/71","targetHints":{"allow":["GET"]}}],"collection":[{"href":"https:\/\/rroma.org\/de\/wp-json\/wp\/v2\/pages"}],"about":[{"href":"https:\/\/rroma.org\/de\/wp-json\/wp\/v2\/types\/page"}],"author":[{"embeddable":true,"href":"https:\/\/rroma.org\/de\/wp-json\/wp\/v2\/users\/1"}],"replies":[{"embeddable":true,"href":"https:\/\/rroma.org\/de\/wp-json\/wp\/v2\/comments?post=71"}],"version-history":[{"count":8,"href":"https:\/\/rroma.org\/de\/wp-json\/wp\/v2\/pages\/71\/revisions"}],"predecessor-version":[{"id":19921,"href":"https:\/\/rroma.org\/de\/wp-json\/wp\/v2\/pages\/71\/revisions\/19921"}],"up":[{"embeddable":true,"href":"https:\/\/rroma.org\/de\/wp-json\/wp\/v2\/pages\/62"}],"wp:featuredmedia":[{"embeddable":true,"href":"https:\/\/rroma.org\/de\/wp-json\/wp\/v2\/media\/26166"}],"wp:attachment":[{"href":"https:\/\/rroma.org\/de\/wp-json\/wp\/v2\/media?parent=71"}],"curies":[{"name":"wp","href":"https:\/\/api.w.org\/{rel}","templated":true}]}}