{"id":76,"date":"2014-10-08T09:15:17","date_gmt":"2014-10-08T09:15:17","guid":{"rendered":"http:\/\/rroma.sommer.support\/?page_id=76"},"modified":"2023-03-30T12:21:28","modified_gmt":"2023-03-30T11:21:28","slug":"holocaust","status":"publish","type":"page","link":"https:\/\/rroma.org\/de\/roma-history\/holocaust\/","title":{"rendered":"Holocaust"},"content":{"rendered":"<p>Die Machtergreifung der Nationalsozialisten in Deutschland und der darauffolgende Zweite Weltkrieg hatten katastrophale Folgen f\u00fcr Roma. Roma und Juden waren die einzigen zwei ethnischen Gruppen, die von den Nazis zur totalen Vernichtung bestimmt wurden.  1938 verabschiedete Heinrich Himmler ein neues Gesetz mit dem Namen \u201eBek\u00e4mpfung der Zigeunerplage\u201c. Bereits vorher wurden Roma zusammengetrieben und in Konzentrationslager geschickt, meistens Sinti. In \u00d6sterreich wurden nach dessen Anschluss 1938 viele Roma aus dem Burgenland, wo sie sich bei Maria Theresia niedergelassen hatten, ebenfalls in die KZs geschickt. Sie wurden in Lagern wie Dachau, Buchenwald und Ravensbr\u00fcck in Deutschland, sowie Mauthausen, Lackenbach und Salzburg in \u00d6sterreich interniert.<\/p>\n\n\n\n<figure class=\"wp-block-image size-large\"><img loading=\"lazy\" decoding=\"async\" width=\"1024\" height=\"680\" src=\"https:\/\/rroma.org\/wp-content\/uploads\/2022\/08\/auschwitz-3485116-1024x680.jpg\" alt=\"\" class=\"wp-image-17369\" srcset=\"https:\/\/rroma.org\/wp-content\/uploads\/2022\/08\/auschwitz-3485116-1024x680.jpg 1024w, https:\/\/rroma.org\/wp-content\/uploads\/2022\/08\/auschwitz-3485116-300x199.jpg 300w, https:\/\/rroma.org\/wp-content\/uploads\/2022\/08\/auschwitz-3485116-768x510.jpg 768w, https:\/\/rroma.org\/wp-content\/uploads\/2022\/08\/auschwitz-3485116-1536x1020.jpg 1536w, https:\/\/rroma.org\/wp-content\/uploads\/2022\/08\/auschwitz-3485116-2048x1360.jpg 2048w, https:\/\/rroma.org\/wp-content\/uploads\/2022\/08\/auschwitz-3485116-18x12.jpg 18w, https:\/\/rroma.org\/wp-content\/uploads\/2022\/08\/auschwitz-3485116-624x414.jpg 624w, https:\/\/rroma.org\/wp-content\/uploads\/2022\/08\/auschwitz-3485116-1800x1196.jpg 1800w, https:\/\/rroma.org\/wp-content\/uploads\/2022\/08\/auschwitz-3485116-272x182.jpg 272w\" sizes=\"auto, (max-width: 1024px) 100vw, 1024px\" \/><\/figure>\n\n\n\n<p>Die Roma in diesen Camps wurden f\u00fcr einen langsamen Tod durch Hunger und harte Arbeit oder f\u00fcr die totale Vernichtung ausgesondert.<\/p>\n\n\n\n<p>1939 fiel Hitler in Polen und 1941 in die UdSSR ein. Viele Roma lebten in diesen L\u00e4ndern. Die Nationalsozialisten entwickelten eine neue Methode, um Roma und Juden umzubringen. Die Einsatztruppen ermordeten die Roma, direkt wo sie lebten, in D\u00f6rfern, St\u00e4dten, auf der Stra\u00dfe oder im Wald. Im Gegensatz zu den Konzentrationslagern haben diese Truppen keine Beweise und keine gewissenhaft gef\u00fchrten Aufzeichnungen hinterlassen. Es ist daher schwer zu wissen, wie viele Roma von diesen Kommandos ermordet wurden.<\/p>\n\n\n\n<p>In Polen schufen die Deutschen neue Konzentrationslager. Das bekannteste davon, Auschwitz-Birkenau, hatte ein Zigeunerlager, ein Sonderlager f\u00fcr Roma. Ein weiteres ist das Litzmannstadt-Ghetto, ein j\u00fcdisches und Roma-Ghetto in der polnischen Stadt Lodz. Unn\u00f6tig zu sagen, dass in beiden viele tausend Roma ermordet wurden. Im Zigeunerlager in Auschwitz-Birkenau gibt es auch Aufzeichnungen, welche Roma ermordet wurden. Sie kamen aus \u00d6sterreich, der Tschechoslowakei, Frankreich, Deutschland, Ungarn, M\u00e4hren, Polen, Russland und vielen anderen Orten, wo immer sie den Nazis in die H\u00e4nde fielen. Die Camps enthalten die Namen und weitere Informationen \u00fcber 20'943 Roma. Viele Roma, wie jetzt bekannt ist, wurden direkt bei der Ankunft im Lager zu den Gaskammern gef\u00fchrt. \u00dcber diese, wie im Fall der Juden auch, wurden keine Aufzeichnungen gef\u00fchrt. Polnische Roma singen bis jetzt ein Lied \u00fcber diese Schrecken:<\/p>\n\n\n\n<p>Sie brachten uns am Tor herein<\/p>\n\n\n\n<p>Sie brachten uns durch den Schornstein raus<\/p>\n\n\n\n<p>Der Mord an Roma geschah auch in anderen Lagern. Schritt f\u00fcr Schritt, andere, wie die kroatischen Faschisten, \u201eustasha\u201c, folgten dem deutschen Vorbild. In ihrem Lager, Jasenovac, wurden viele Tausend Roma aus ganz Jugoslawien umgebracht.<\/p>\n\n\n\n<p>In Rum\u00e4nien wurde eine Aktion durchgef\u00fchrt, die in den K\u00f6pfen der Roma immer noch als \u201e\u00dcbertragung\u201c bekannt ist. Roma wurden einem langsamen Tod durch Arbeit und Hunger im sogenannten Transnistrien, dem ukrainischen Gebiet unter rum\u00e4nischer Kontrolle, zugef\u00fchrt. In Bulgarien wurden viele Roma in D\u00f6rfern und St\u00e4dten festgenommen und zur Zwangsarbeit Seite an Seite mit Juden in Lagern interniert.<\/p>\n\n\n\n<p>Menschen, die den Roma-Holocaust w\u00e4hrend des Zweiten Weltkriegs analysiert haben, behaupten nun, dass mindestens 500.000 Roma ermordet wurden. Andere gehen von der h\u00f6heren Zahl von 2\u2019500\u2019000 Opfern aus. Die Wahrheit ist nicht bekannt. Die Analyse von Aufzeichnungen (Lager, Exhumierungen, zum Beispiel in den baltischen Staaten etc.) ergibt eine sehr geringe Zahl (rund 200\u2019000). Dieselbe Diskrepanz zwischen tats\u00e4chlichen Opfern und \u201eoffiziellen\u201c Aufzeichnungen besteht auch f\u00fcr Juden. Im Fall der Juden existieren einfach Bev\u00f6lkerungsaufzeichnungen aus der Vorkriegszeit, w\u00e4hrend man in vielen L\u00e4ndern die gesamte Vorkriegsbev\u00f6lkerung der Zigeuner nur sch\u00e4tzen kann. Die wichtigste Tatsache sollte nicht durch eine Kontroverse \u00fcber Zahlen verschleiert werden: Roma wurden wegen ihres ethnischen Zubeh\u00f6rs ermordet, auf die gleiche Weise wie Juden. Selbst jetzt wissen nur wenige Menschen von diesem Roma-Holocaust oder haben davon geh\u00f6rt. Es gibt nur noch wenige Roma, die die Schrecken der Konzentrationslager \u00fcberlebt haben, und die meisten wollen nicht \u00fcber diese Zeit sprechen.<\/p>","protected":false},"excerpt":{"rendered":"<p>The arrival to power of Nazi in Germany and the subsequent Second World War brought the worst to Roma. Roma [&hellip;]<\/p>\n","protected":false},"author":1,"featured_media":17369,"parent":62,"menu_order":62,"comment_status":"closed","ping_status":"closed","template":"","meta":{"_exactmetrics_skip_tracking":false,"_exactmetrics_sitenote_active":false,"_exactmetrics_sitenote_note":"","_exactmetrics_sitenote_category":0,"footnotes":""},"class_list":["post-76","page","type-page","status-publish","has-post-thumbnail","hentry"],"_links":{"self":[{"href":"https:\/\/rroma.org\/de\/wp-json\/wp\/v2\/pages\/76","targetHints":{"allow":["GET"]}}],"collection":[{"href":"https:\/\/rroma.org\/de\/wp-json\/wp\/v2\/pages"}],"about":[{"href":"https:\/\/rroma.org\/de\/wp-json\/wp\/v2\/types\/page"}],"author":[{"embeddable":true,"href":"https:\/\/rroma.org\/de\/wp-json\/wp\/v2\/users\/1"}],"replies":[{"embeddable":true,"href":"https:\/\/rroma.org\/de\/wp-json\/wp\/v2\/comments?post=76"}],"version-history":[{"count":11,"href":"https:\/\/rroma.org\/de\/wp-json\/wp\/v2\/pages\/76\/revisions"}],"predecessor-version":[{"id":17595,"href":"https:\/\/rroma.org\/de\/wp-json\/wp\/v2\/pages\/76\/revisions\/17595"}],"up":[{"embeddable":true,"href":"https:\/\/rroma.org\/de\/wp-json\/wp\/v2\/pages\/62"}],"wp:featuredmedia":[{"embeddable":true,"href":"https:\/\/rroma.org\/de\/wp-json\/wp\/v2\/media\/17369"}],"wp:attachment":[{"href":"https:\/\/rroma.org\/de\/wp-json\/wp\/v2\/media?parent=76"}],"curies":[{"name":"wp","href":"https:\/\/api.w.org\/{rel}","templated":true}]}}