{"id":768,"date":"2015-01-30T21:44:57","date_gmt":"2015-01-30T21:44:57","guid":{"rendered":"http:\/\/rroma.org\/?page_id=768"},"modified":"2024-12-17T10:34:02","modified_gmt":"2024-12-17T09:34:02","slug":"la-repression","status":"publish","type":"page","link":"https:\/\/rroma.org\/de\/roma-history\/la-repression\/","title":{"rendered":"Westliche Unterdr\u00fcckung"},"content":{"rendered":"<p>Die ersten Reaktionen auf Roma in Westeuropa waren positiv. Nachdem sie sich als Pilger aus \u201eKlein \u00c4gypten\u201c vorgestellt hatten, wurde ihnen geholfen, sie bekamen Essen und sogar Reisegeld. Roma-M\u00e4nner suchten nach Geld und Essen, w\u00e4hrend ihre Frauen als Wahrsagerinnen arbeiteten. <\/p>\n\n\n\n<p>In dieser Zeit wird in einigen Texten erw\u00e4hnt, dass einige Roma gestohlen oder andere kleinkriminelle Aktivit\u00e4ten begangen haben. Die Bev\u00f6lkerung verstand bald, dass Roma keine wirklichen \u201ePilger aus Klein\u00e4gypten\u201c waren, dass ihr christlicher Glaube allenfalls oberfl\u00e4chlich war. Hinzu kommt, dass sie eine andere Sprache sprachen, andere Traditionen hatten und dunkler waren als die allgemeine Bev\u00f6lkerung. <\/p>\n\n\n\n<p>Schon bald tauchten Verd\u00e4chtigungen bez\u00fcglich ihrer Reisedokumente auf. Tats\u00e4chlich wissen wir heute, dass die meisten davon Kopien oder sogar glatte F\u00e4lschungen waren. Als Folge davon wandte sich die Bev\u00f6lkerung innerhalb k\u00fcrzester Zeit gegen Roma, versuchte sie zu vertreiben oder ermordete sie sogar.<\/p>\n\n\n\n<figure class=\"wp-block-image size-full is-resized\"><img loading=\"lazy\" decoding=\"async\" width=\"1000\" height=\"612\" src=\"https:\/\/rroma.org\/wp-content\/uploads\/2024\/12\/07904.jpg\" alt=\"\" class=\"wp-image-26169\" style=\"width:840px;height:513px\" srcset=\"https:\/\/rroma.org\/wp-content\/uploads\/2024\/12\/07904.jpg 1000w, https:\/\/rroma.org\/wp-content\/uploads\/2024\/12\/07904-300x184.jpg 300w, https:\/\/rroma.org\/wp-content\/uploads\/2024\/12\/07904-768x470.jpg 768w, https:\/\/rroma.org\/wp-content\/uploads\/2024\/12\/07904-18x12.jpg 18w, https:\/\/rroma.org\/wp-content\/uploads\/2024\/12\/07904-624x382.jpg 624w\" sizes=\"auto, (max-width: 1000px) 100vw, 1000px\" \/><figcaption class=\"wp-element-caption\">Fr\u00fche Darstellung der Roma<\/figcaption><\/figure>\n\n\n\n<h3 class=\"wp-block-heading\">Zwangsr\u00e4umungen und Verbote<\/h3>\n\n\n\n<p>Das Heilige R\u00f6mische Reich erlie\u00df 1497 ein Dekret, das Roma als t\u00fcrkische Spione brandmarkte. Das Imperium wies die Roma im folgenden Jahr aus und verbot ihnen die Einreise. Neue Dekrete von 1500 und 1501 verst\u00e4rkten dieses Verbot und zwangen viele Roma, nach Polen und Litauen zu gehen. <\/p>\n\n\n\n<p>Die Schweiz vertrieb die Roma 1471 und das Verbot dauerte offiziell bis 1972. Dieses Verbot muss ziemlich ineffizient gewesen sein, da St\u00e4dte und Kantone immer wieder Verordnungen \u00fcber Roma erlie\u00dfen. So erlie\u00df die Stadt Bern 1516 einen Erlass, der den Roma verbot, die Kantonsgrenzen zu \u00fcberschreiten.<\/p>\n\n\n\n<p>Frankreich vertrieb die Roma und erlie\u00df 1504 Gesetze, die 1539 vom franz\u00f6sischen K\u00f6nig unterzeichnet wurden. In Spanien verf\u00fcgten K\u00f6nig Ferdinand und seine Frau Isabella 1499, dass die Roma entweder aufh\u00f6ren mussten, um durch ihr Land zu reisen, oder das Land innerhalb von 60 Tagen verlassen mussten. Portugal erlie\u00df 1526, 1538 und 1557 \u00e4hnliche Gesetze und befahl den Roma, das Land zu verlassen. Das Gesetz von 1538 legte fest, dass im Land geborene Roma in die afrikanischen Kolonien Portugals geschickt und die anderen ausgewiesen werden sollten. <\/p>\n\n\n\n<p>Holland erlie\u00df 1544, 1548, 1553 und 1560 \u00e4hnliche Dekrete. Die italienischen Staaten begannen 1524 mit der Vertreibung der Roma.<\/p>\n\n\n\n<h3 class=\"wp-block-heading\">Weitere Migrationen<\/h3>\n\n\n\n<p>Viele Roma entschieden sich daf\u00fcr, weiterzuziehen.  <\/p>\n\n\n\n<p>Die ersten Roma kamen zwischen 1505 und 1514 nach Schottland und England und mussten die Verwaltungssteuern des K\u00f6nigs zahlen, um bleiben zu d\u00fcrfen. England verabschiedete 1530 das erste Anti-Roma-Gesetz. Roma mussten das Land innerhalb von 15 Tagen verlassen oder mit der Verhaftung rechnen. <\/p>\n\n\n\n<p>Die erste Quelle erw\u00e4hnt die Anwesenheit von Roma in Schweden im Jahr 1512, wahrscheinlich Roma aus England. Die Schweden nannten sie Tattare, ein Name, der bis heute Bestand hat. Es ist bekannt, dass Roma aus England 1505 in D\u00e4nemark waren. Sie wurden um 1540 aus Schweden vertrieben und viele von ihnen gingen nach Finnland und Estland, damals unter schwedischer Herrschaft.<\/p>\n\n\n\n<h3 class=\"wp-block-heading\">Zentral- und Osteuropa<\/h3>\n\n\n\n<p>Den Roma in Ost- und Mitteleuropa erging es besser als ihren westlichen Br\u00fcdern. Es gab eine gr\u00f6\u00dfere Toleranz ihnen gegen\u00fcber und ein gr\u00f6\u00dferes Bed\u00fcrfnis nach ihrer Arbeit. <\/p>\n\n\n\n<p>In Ungarn (das damals die heutige Slowakei und Siebenb\u00fcrgen umfasste) findet man bereits Mitte des 13. Jahrhunderts Erw\u00e4hnungen \u00fcber Roma, beispielsweise als Arbeiter in der Armee von K\u00f6nig Bela. In B\u00f6hmen k\u00f6nnten einige der Erw\u00e4hnungen sogar fr\u00fcher sein, mit einer m\u00f6glichen Erw\u00e4hnung im Jahr 1242.<\/p>\n\n\n\n<p>Quellen zeigen, dass Roma in beiden L\u00e4ndern Musiker und Schmiede waren. Sie waren tats\u00e4chlich Waffenhersteller. Mathias Corvin machte Roma 1476 zu Untertanen der Krone und verbot dem Adel, sie zu besch\u00e4ftigen. Sie waren geschickt in Waffen, Kanonen und S\u00e4bel schmieden und trugen zur Verteidigung mehrerer ungarischer St\u00e4dte gegen die Osmanen bei. <\/p>\n\n\n\n<p>In B\u00f6hmen und im K\u00f6nigreich Ungarn lie\u00dfen sich Roma nieder, wobei jedes Dorf und jede Stadt lokale Roma hatte. Zu dieser Zeit lebten Roma nicht in getrennten Siedlungen, was von der Kaiserin Maria-Theresia befohlen hat. <\/p>\n\n\n\n<p>In Litauen wurden den Roma mehrere Privilegien gew\u00e4hrt, darunter das Recht, ihren eigenen Anf\u00fchrer zu w\u00e4hlen. Die Familie Marcinkiewicz aus der Stadt Mir in Wei\u00dfrussland hatte diese Position bis zum 18. Jahrhundert inne. Von Polen und Litauen reisten Roma bis nach Lettland. Die ersten bekannten Schriften \u00fcber sie stammen aus dem 16. Jahrhundert. Aus der Polnisch-Litauischen Union kamen sie de facto in die heutige Ukraine und in das eigentliche Russland.<\/p>\n\n\n\n<p>Es ist wichtig zu erw\u00e4hnen, dass bis zum 20. Jahrhundert negative Stereotype gegen\u00fcber Roma in Polen, Litauen, Lettland, der Ukraine und Russland nicht vorherrschend waren und es keine repressiven Ma\u00dfnahmen gegen sie gab.<\/p>\n\n\n\n<h3 class=\"wp-block-heading\">Institutionalisierte Repression<\/h3>\n\n\n\n<p>Das 16. und die erste H\u00e4lfte des 17. Jahrhunderts waren f\u00fcr die Roma in Westeuropa und in der \u00f6sterreichisch-ungarischen Monarchie \u00e4u\u00dferst schlecht. Es gab eine brutale und oft blutige Repression gegen Roma. Der englische \u201eAct for Punishment of Vagabunds\u201c legte 1572 fest, dass jeder Rom, der \u00e4lter als 14 Jahre war, ausgepeitscht und zu Zwangsarbeit verurteilt werden musste. Roma wurden auch mit einem brennenden Eisen gebrandmarkt. Roma-Kinder zwischen 5 und 14 Jahren k\u00f6nnten von jedermann zur Arbeit in ihrem Haushalt mitgenommen werden.<\/p>\n\n\n\n<p>In verschiedenen Formen reichten diese Anti-Roma-Gesetze bis ins 19. Jahrhundert: 1822 verurteilte das \u201eLandstreichergesetz\u201c Roma faktisch zu 6 Monaten Gef\u00e4ngnis.<\/p>\n\n\n\n<p>Frankreich erlie\u00df bereits 1666 \u00e4hnliche Gesetze. Ohne Urteil sollten Roma auf die Galeeren geschickt werden. Die Roma flohen und breiteten sich in den gro\u00dfen W\u00e4ldern der Vogesen und Lothringens aus. Ihre Situation war so schwierig, dass das wenige Essen, das sie finden konnten, ihren Kindern gegeben wurde. Die Unterdr\u00fcckung setzte sich in Frankreich im 17. Jahrhundert fort. Erst 1786 lud der K\u00f6nig Roma-Vertreter ein und ihm wurde gesagt, dass der einzige Weg f\u00fcr die Roma zum \u00dcberleben darin bestehe, Geld und Lebensmittel von der Bev\u00f6lkerung zu stehlen oder zu erbetteln. Das Leben der Roma wurde nach diesem Treffen etwas einfacher, obwohl mehrere Leute immer wieder die Idee hatten, die Roma nach Franz\u00f6sisch-Guayana abzuschieben. <\/p>\n\n\n\n<p>W\u00e4hrend dieser Zeit fanden in Holland buchst\u00e4bliche Jagden auf Roma statt. auf Niederl\u00e4ndisch ein \u201eHeidenjachten\u201c. Roma wurden wie Bestien geschlagen und ermordet, wenn sie ihnen in die H\u00e4nde fielen. Unter Androhung von Auspeitschungen und Brandzeichen auf der linken Schulter mit einem L\u00f6tkolben durften die Roma die Landesgrenzen nicht \u00fcberschreiten.<\/p>\n\n\n\n<p>Auch in den deutschen Staaten wurden strenge Anti-Roma-Gesetze und -Gesetze durchgesetzt.<\/p>\n\n\n\n<p>1577 verbot die Stadt Frankfurt den Roma, mit Pferd und Wagen in die Stadt zu kommen sowie jegliche Arbeit zu verrichten, auch um ihre Familien ern\u00e4hren zu k\u00f6nnen. Dieses Gesetz besagte, dass alle Roma t\u00fcrkische Spione seien und dass sie gekommen seien, um die christlichen Nationen zu untergraben. 1652 ordnete der s\u00e4chsische Landesf\u00fcrst Georg I. die Deportation der Roma aus seinen Territorien an. 1710 zog Prinz Adolf Friedrich von Mecklenburg-Strelitz nach und verf\u00fcgte, dass alle Roma \u00fcber 25 Jahre in Dosen eingemacht, mit einem brennenden Eisen auf die Schulter gebrandmarkt und in kleinen Gruppen vertrieben werden mussten. Sollten sie zur\u00fcckkehren, sollten sie geh\u00e4ngt werden. Roma-Frauen unter 25 Jahren sollten niedere Arbeiten f\u00fcr die Bev\u00f6lkerung verrichten, junge Roma zu Zwangsarbeit verurteilt und Kinder unter zehn Jahren an \u201egute Christen\u201c abgegeben werden.<\/p>\n\n\n\n<p>W\u00e4hrend dieser zwei Jahrhunderte mussten Roma in Europa zwischen \u201eHimmel und Erde\u201c leben, lebten in den W\u00e4ldern und mussten Wege zum \u00dcberleben finden. Nat\u00fcrlich mussten sie auch einen Teil ihrer Lebensmittel und sogar etwas Geld stehlen oder w\u00e4hrend des Drei\u00dfigj\u00e4hrigen Krieges Armeen folgen. Heute ist bekannt, dass einige Roma Wallensteins Truppen folgten und andere mit den schwedischen Armeen gingen.<\/p>\n\n\n\n<h3 class=\"wp-block-heading\">Fahrende<\/h3>\n\n\n\n<p>Diese Verfolgungen sind der Ursprung des best\u00e4ndigsten Stereotyps \u00fcber Roma: der nomadischen Roma. Die Realit\u00e4t ist einfacher: Es war ihnen verboten, sich irgendwo niederzulassen. In deutschen Landen, einem Flickenteppich kleiner Staaten, wurden sie regelm\u00e4\u00dfig von diesen Staaten vertrieben. Also passten sich die Roma dieser neuen Realit\u00e4t an und begannen, echte Fahrende zu werden. <\/p>\n\n\n\n<p>Es ist also die Gad\u017ee-Repression, die die Quelle der westeurop\u00e4ischen Wahrnehmung der Roma ist und auch eine Lebensweise geschaffen hat, die unter Sinti und Manouches immer noch sehr verbreitet ist. <\/p>\n\n\n\n<h3 class=\"wp-block-heading\">Assimilation<\/h3>\n\n\n\n<p>Gegen Ende des 18. Jahrhunderts entschieden sich die europ\u00e4ischen F\u00fchrer f\u00fcr eine neue Herangehensweise an das \u201eRoma-Problem\u201c. Die \u00f6sterreichische Kaiserin Maria Theresia war die erste, die zwischen 1758 und 1773 beschloss, die Rroma-Reisen auf jede erdenkliche Weise zu stoppen, aber nicht durch Ermordung. Sie erlie\u00df ein Dekret, das die Rroma zwang, nur noch an einem Ort zu leben, Steuern zu zahlen und als Landarbeiter zu arbeiten. Sie durften weder Pferde noch Wagen haben und mussten um eine Sondergenehmigung bitten, wenn sie ihr Dorf verlassen wollten. Sp\u00e4ter entschied sie, dass Roma nicht Zigeuner (auf Ungarisch Cigany oder auf Deutsch Zigeuner) genannt werden d\u00fcrften, sondern den Namen \u201eneue Ungarn\u201c (ujmagyarok) annehmen m\u00fcssten. Roma-Jungen \u00fcber 16 Jahren wurden zum Milit\u00e4rdienst gezwungen. Sie verst\u00e4rkte diese Gesetze, indem sie den Rroma verbot, ihre traditionelle Kleidung zu tragen, ihre eigene Sprache \u2013 Romanes \u2013 zu sprechen und ihren traditionellen Berufen nachzugehen. Den Roma wurde verboten, untereinander zu heiraten, und Roma-Kinder, die \u00e4lter als 5 Jahre waren, mussten Nicht-Roma-Familien \u00fcbergeben werden, die sie erziehen sollten. Diese Gesetze wurden in allen Besitzungen Maria-Theresias, in Ungarn, der Slowakei und dem Burgenland durchgesetzt.<\/p>\n\n\n\n<p>\u00c4hnliche Gesetze wurden den Roma in Spanien auferlegt: Auch sie mussten ihren Namen in Neukastillier (Nuevos Castillanos) \u00e4ndern.<\/p>","protected":false},"excerpt":{"rendered":"<p>The first reactions towards Roma in Western Europe were positive. Roma presented themselves as pilgrims from &#8220;Little Egypt&#8221;, and were [&hellip;]<\/p>\n","protected":false},"author":1,"featured_media":26172,"parent":62,"menu_order":61,"comment_status":"closed","ping_status":"closed","template":"","meta":{"_exactmetrics_skip_tracking":false,"_exactmetrics_sitenote_active":false,"_exactmetrics_sitenote_note":"","_exactmetrics_sitenote_category":0,"footnotes":""},"class_list":["post-768","page","type-page","status-publish","has-post-thumbnail","hentry"],"fifu_image_url":"https:\/\/hls-dhs-dss.ch\/download\/Articles\/008246\/2014-02-26\/med008246-07904\/07904.jpg?rev=1.2&width=620","_links":{"self":[{"href":"https:\/\/rroma.org\/de\/wp-json\/wp\/v2\/pages\/768","targetHints":{"allow":["GET"]}}],"collection":[{"href":"https:\/\/rroma.org\/de\/wp-json\/wp\/v2\/pages"}],"about":[{"href":"https:\/\/rroma.org\/de\/wp-json\/wp\/v2\/types\/page"}],"author":[{"embeddable":true,"href":"https:\/\/rroma.org\/de\/wp-json\/wp\/v2\/users\/1"}],"replies":[{"embeddable":true,"href":"https:\/\/rroma.org\/de\/wp-json\/wp\/v2\/comments?post=768"}],"version-history":[{"count":23,"href":"https:\/\/rroma.org\/de\/wp-json\/wp\/v2\/pages\/768\/revisions"}],"predecessor-version":[{"id":26171,"href":"https:\/\/rroma.org\/de\/wp-json\/wp\/v2\/pages\/768\/revisions\/26171"}],"up":[{"embeddable":true,"href":"https:\/\/rroma.org\/de\/wp-json\/wp\/v2\/pages\/62"}],"wp:featuredmedia":[{"embeddable":true,"href":"https:\/\/rroma.org\/de\/wp-json\/wp\/v2\/media\/26172"}],"wp:attachment":[{"href":"https:\/\/rroma.org\/de\/wp-json\/wp\/v2\/media?parent=768"}],"curies":[{"name":"wp","href":"https:\/\/api.w.org\/{rel}","templated":true}]}}