{"id":10647,"date":"2022-07-22T14:56:09","date_gmt":"2022-07-22T13:56:09","guid":{"rendered":"https:\/\/rroma.org\/?page_id=10647"},"modified":"2023-03-30T12:21:14","modified_gmt":"2023-03-30T11:21:14","slug":"interviews","status":"publish","type":"page","link":"https:\/\/rroma.org\/fr\/videos\/interviews\/","title":{"rendered":"Interviews"},"content":{"rendered":"<p>Une s\u00e9rie d'interviews anonymes de Roms et Romnja en Suisse qui pr\u00e9f\u00e8rent rester inconnus pour ne pas \u00eatre confront\u00e9s \u00e0 des st\u00e9r\u00e9otypes n\u00e9gatifs et au racisme.<br \/>\nIt tells a lot about the invisible Roma in the country.<\/p>\n<p>Interviews en suisse-allemand<br \/>\nCopyright: Rroma Foundation<\/p>\n<p><iframe loading=\"lazy\" title=\"Interview a\" src=\"https:\/\/www.youtube.com\/embed\/IrjqNyIp5iI\" width=\"700\" height=\"350\" frameborder=\"0\" allowfullscreen=\"allowfullscreen\"><\/iframe><\/p>\n<p><iframe loading=\"lazy\" title=\"Interview b\" src=\"https:\/\/www.youtube.com\/embed\/rBfApVHWubs\" width=\"700\" height=\"350\" frameborder=\"0\" allowfullscreen=\"allowfullscreen\"><\/iframe><\/p>\n<p><iframe loading=\"lazy\" title=\"Interview c\" src=\"https:\/\/www.youtube.com\/embed\/QjV9v3MASco\" width=\"700\" height=\"350\" frameborder=\"0\" allowfullscreen=\"allowfullscreen\"><\/iframe><\/p>\n<p><iframe loading=\"lazy\" title=\"Interview Stevo\" src=\"https:\/\/www.youtube.com\/embed\/fLEQltTPnsI\" width=\"700\" height=\"350\" frameborder=\"0\" allowfullscreen=\"allowfullscreen\"><\/iframe><\/p>\n<p><iframe loading=\"lazy\" title=\"Interview Ismael\" src=\"https:\/\/www.youtube.com\/embed\/xzBfO9mYCwY\" width=\"700\" height=\"350\" frameborder=\"0\" allowfullscreen=\"allowfullscreen\"><\/iframe><\/p>\n<p><iframe loading=\"lazy\" title=\"interview ljuba\" src=\"https:\/\/www.youtube.com\/embed\/geolySJGfZM\" width=\"700\" height=\"350\" frameborder=\"0\" allowfullscreen=\"allowfullscreen\"><\/iframe><\/p>\n<p><iframe loading=\"lazy\" title=\"interview Fevzi\" src=\"https:\/\/www.youtube.com\/embed\/GO9lZnHV9oc\" width=\"700\" height=\"350\" frameborder=\"0\" allowfullscreen=\"allowfullscreen\"><\/iframe><\/p>","protected":false},"excerpt":{"rendered":"<p>A series of anonymous interviews of Roma and Romnja in Switzerland who prefer to remain unknown so as not to [&hellip;]<\/p>\n","protected":false},"author":2,"featured_media":0,"parent":10645,"menu_order":2,"comment_status":"closed","ping_status":"closed","template":"","meta":{"_exactmetrics_skip_tracking":false,"_exactmetrics_sitenote_active":false,"_exactmetrics_sitenote_note":"","_exactmetrics_sitenote_category":0,"footnotes":""},"class_list":["post-10647","page","type-page","status-publish","hentry"],"fifu_video_url":"https:\/\/youtu.be\/IrjqNyIp5iI","_links":{"self":[{"href":"https:\/\/rroma.org\/fr\/wp-json\/wp\/v2\/pages\/10647","targetHints":{"allow":["GET"]}}],"collection":[{"href":"https:\/\/rroma.org\/fr\/wp-json\/wp\/v2\/pages"}],"about":[{"href":"https:\/\/rroma.org\/fr\/wp-json\/wp\/v2\/types\/page"}],"author":[{"embeddable":true,"href":"https:\/\/rroma.org\/fr\/wp-json\/wp\/v2\/users\/2"}],"replies":[{"embeddable":true,"href":"https:\/\/rroma.org\/fr\/wp-json\/wp\/v2\/comments?post=10647"}],"version-history":[{"count":3,"href":"https:\/\/rroma.org\/fr\/wp-json\/wp\/v2\/pages\/10647\/revisions"}],"predecessor-version":[{"id":17170,"href":"https:\/\/rroma.org\/fr\/wp-json\/wp\/v2\/pages\/10647\/revisions\/17170"}],"up":[{"embeddable":true,"href":"https:\/\/rroma.org\/fr\/wp-json\/wp\/v2\/pages\/10645"}],"wp:attachment":[{"href":"https:\/\/rroma.org\/fr\/wp-json\/wp\/v2\/media?parent=10647"}],"curies":[{"name":"wp","href":"https:\/\/api.w.org\/{rel}","templated":true}]}}