{"id":107,"date":"2014-10-08T09:45:27","date_gmt":"2014-10-08T08:45:27","guid":{"rendered":"http:\/\/rroma.sommer.support\/?page_id=107"},"modified":"2023-03-30T12:21:42","modified_gmt":"2023-03-30T11:21:42","slug":"the-kris","status":"publish","type":"page","link":"https:\/\/rroma.org\/fr\/traditions\/the-kris\/","title":{"rendered":"La Kris"},"content":{"rendered":"<p class=\"translation-block\">La d\u00e9cision de soulager quelqu'un (ou quelque chose) de l'impuret\u00e9 rituelle incombe \u00e0 la plus haute instance des structures sociales roms. Cette instance, un \"Tribunal rom\" est appel\u00e9 chez les Roms valaques <em>Kris<\/em> ou <em>Krisi<\/em> (f\u00e9minin). En Bulgarie, chez les Kaldera\u0161a, on utilise <em>me\u0161erjava<\/em>, et chez les Roms russes et polonais, <em>romano sendo<\/em>. Il s'agit en fait d'un tribunal arbitral. Les membres de ce tribunal (appel\u00e9s par les Roms valaques <em>krisatora<\/em> ou <em>krisinatora<\/em>) sont choisis parmi les Roms les plus estim\u00e9s, les plus honn\u00eates et les plus intelligents de la communaut\u00e9. Chaque Rom qui a un probl\u00e8me avec un autre est libre d'appeler le Kris <em>Vazdel i Kris<\/em>. Les juges se r\u00e9unissent et \u00e9valuent les preuves et les torts caus\u00e9s au demandeur.<\/p>\n\n\n\n<p>Qu'est-ce qui rel\u00e8ve de la comp\u00e9tence de la Kris ? Probl\u00e8mes d'argent (pr\u00eats, etc.), parfois aussi des probl\u00e8mes familiaux (par exemple, si un mari ne donne pas d'argent \u00e0 sa femme pour subvenir aux besoins de ses enfants), diffamation et injures contre un autre Rrom, bagarres, etc. La peine la plus \u00e9lev\u00e9e inflig\u00e9e par la kris est le bannissement de la communaut\u00e9, soit pour une p\u00e9riode d\u00e9termin\u00e9e, soit totalement. Le Rom banni sera alors exclu m\u00eame des autres clans. C'est une lourde peine car un Rom ne peut exister sans les structures sociales roms. Cette peine est plus redout\u00e9e que la mort. Mais force est de constater qu'aucune Kris n'a jamais prononc\u00e9 la peine de mort. Une Kris n'a pas le droit de prendre la vie d'un Rom. La Kris distribue \u00e9galement d'autres sanctions, par exemple des amendes (parfois assez \u00e9lev\u00e9es), \u00e0 payer par le coupable.<\/p>\n\n\n\n<p>Cette tradition est encore totalement vivace, m\u00eame dans les pays d'Europe occidentale, o\u00f9 les Roms continuent g\u00e9n\u00e9ralement \u00e0 r\u00e9soudre les conflits internes au sein de la communaut\u00e9. Il faut d\u00e9finitivement noter qu'une Kris ne juge jamais les crimes violents. Celles-ci rel\u00e8vent exclusivement de la justice de Gad\u017ee, c'est-\u00e0-dire du syst\u00e8me judiciaire ordinaire.<\/p>","protected":false},"excerpt":{"rendered":"<p>The decision to relieve someone (or something) from ritual uncleanness falls on the highest instance of the Roma social structures. [&hellip;]<\/p>\n","protected":false},"author":1,"featured_media":17713,"parent":82,"menu_order":0,"comment_status":"closed","ping_status":"closed","template":"","meta":{"_exactmetrics_skip_tracking":false,"_exactmetrics_sitenote_active":false,"_exactmetrics_sitenote_note":"","_exactmetrics_sitenote_category":0,"footnotes":""},"class_list":["post-107","page","type-page","status-publish","has-post-thumbnail","hentry"],"_links":{"self":[{"href":"https:\/\/rroma.org\/fr\/wp-json\/wp\/v2\/pages\/107","targetHints":{"allow":["GET"]}}],"collection":[{"href":"https:\/\/rroma.org\/fr\/wp-json\/wp\/v2\/pages"}],"about":[{"href":"https:\/\/rroma.org\/fr\/wp-json\/wp\/v2\/types\/page"}],"author":[{"embeddable":true,"href":"https:\/\/rroma.org\/fr\/wp-json\/wp\/v2\/users\/1"}],"replies":[{"embeddable":true,"href":"https:\/\/rroma.org\/fr\/wp-json\/wp\/v2\/comments?post=107"}],"version-history":[{"count":7,"href":"https:\/\/rroma.org\/fr\/wp-json\/wp\/v2\/pages\/107\/revisions"}],"predecessor-version":[{"id":19436,"href":"https:\/\/rroma.org\/fr\/wp-json\/wp\/v2\/pages\/107\/revisions\/19436"}],"up":[{"embeddable":true,"href":"https:\/\/rroma.org\/fr\/wp-json\/wp\/v2\/pages\/82"}],"wp:featuredmedia":[{"embeddable":true,"href":"https:\/\/rroma.org\/fr\/wp-json\/wp\/v2\/media\/17713"}],"wp:attachment":[{"href":"https:\/\/rroma.org\/fr\/wp-json\/wp\/v2\/media?parent=107"}],"curies":[{"name":"wp","href":"https:\/\/api.w.org\/{rel}","templated":true}]}}