{"id":125,"date":"2014-10-08T09:50:39","date_gmt":"2014-10-08T09:50:39","guid":{"rendered":"http:\/\/rroma.sommer.support\/?page_id=125"},"modified":"2023-03-30T12:22:07","modified_gmt":"2023-03-30T11:22:07","slug":"links","status":"publish","type":"page","link":"https:\/\/rroma.org\/fr\/literaturelinks\/links\/","title":{"rendered":"Links"},"content":{"rendered":"<p>This is a collection of various links, organised broadly along themes. The themes are:<\/p>\n<p>This list is of course far from complete, and we welcome any feedback on new and interesting websites to add to this collection!<\/p>\n<div class=\"first graphic-container wide center\">\n<div class=\"general-index graphic\">\n<div class=\"figure-content\">\n<div class=\"i1 o article\">\n<h3 class=\"index-title\"><a title=\"Information\" href=\"https:\/\/rroma.org\/fr\/information\/site-information\/links\/information\/\"><span class=\"in\">Information<\/span><\/a><\/h3>\n<div class=\"article-summary\">\n<p>These pages provide information on the situation of Rroma, issues, and quite a few RSS links to which on can subscribe.<\/p>\n<div class=\"first graphic-container wide center\">\n<div class=\"general-index graphic\">\n<div class=\"figure-content\">\n<div class=\"i1 o article\">\n<h3 class=\"index-title\"><a title=\"European Roma Grassroots Organisation\" href=\"http:\/\/www.ergonetwork.org\/index.htm\"><span class=\"in\">European Roma Grassroots Organisation<\/span><\/a><\/h3>\n<div>\n<p>News and issues on the situation of Rroma in Europe.<\/p>\n<\/div>\n<div class=\"article-info\"><\/div>\n<\/div>\n<div class=\"i2 e article\">\n<h3 class=\"index-title\"><a title=\"Roma Kosovo Info\" href=\"http:\/\/www.roma-kosovoinfo.com\/\"><span class=\"in\">Roma Kosovo Info<\/span><\/a><\/h3>\n<div>\n<p>The latest on the situation of Rroma in Kosovo and the issues faced by refugees from that region.<\/p>\n<\/div>\n<div class=\"article-info\"><\/div>\n<\/div>\n<div class=\"i3 o article\">\n<h3 class=\"index-title\"><a title=\"Roma Decade\" href=\"http:\/\/www.bahtalodrom.org.yu\/\"><span class=\"in\">Roma Decade<\/span><\/a><\/h3>\n<div>\n<p>A web portal on Rroma issues. Lots of interesting and reliable information.<\/p>\n<\/div>\n<div class=\"article-info\"><\/div>\n<\/div>\n<div class=\"i4 e article\">\n<h3 class=\"index-title\"><a title=\"RomNews Network Community\" href=\"http:\/\/romnews.com\/community\/index.php?newlang=eng\"><span class=\"in\">RomNews Network Community<\/span><\/a><\/h3>\n<div>\n<p>The news part of the Romnews network. News poted by the various NGOs of the network. News can be of varying qualities.<\/p>\n<\/div>\n<div class=\"article-info\"><\/div>\n<\/div>\n<div class=\"i5 o article\">\n<h3 class=\"index-title\"><a title=\"Roma Right Center\" href=\"http:\/\/www.errc.org\/\"><span class=\"in\">Roma Right Center<\/span><\/a><\/h3>\n<div>\n<p>A more legally oriented news source. From the European Roma Right Centre in Budapest, part of the Soros Foundation Network.<\/p>\n<\/div>\n<div class=\"article-info\"><\/div>\n<\/div>\n<div class=\"i6 e article\">\n<h3 class=\"index-title\"><a title=\"SDC Web\" href=\"http:\/\/www.deza.ch\/en\/Dossiers\/SDC_Roma_Dossier\"><span class=\"in\">SDC Web<\/span><\/a><\/h3>\n<div>\n<p>Dossier on the current Rroma situation, with several articles and pictures.<\/p>\n<\/div>\n<div class=\"article-info\"><\/div>\n<\/div>\n<div class=\"i7 o article\">\n<h3 class=\"index-title\"><a title=\"Roma in the Czech Republic\" href=\"http:\/\/romove.radio.cz\/en\/\"><span class=\"in\">Roma in the Czech Republic<\/span><\/a><\/h3>\n<div>\n<p>Site devoted to the situation of Rroma in the Czech Republic. Actual news, background info, etc. In several languages.<\/p>\n<\/div>\n<div class=\"article-info\"><\/div>\n<\/div>\n<div class=\"i8 e last-item article\">\n<h3 class=\"index-title\"><a title=\"Roma Buzz \u00bb Unwrapping the Mystery Inside the Enigma.\" href=\"http:\/\/www.idebate.org\/roma\/\"><span class=\"in\">Roma Buzz \u00bb Unwrapping the Mystery Inside the Enigma.<\/span><\/a><\/h3>\n<div><\/div>\n<div class=\"article-info\"><\/div>\n<\/div>\n<div class=\"general-index-bottom\"><\/div>\n<\/div>\n<\/div>\n<\/div>\n<\/div>\n<div class=\"article-info\"><\/div>\n<\/div>\n<div class=\"i2 e article\">\n<h3 class=\"index-title\"><a title=\"Language and Research\" href=\"https:\/\/rroma.org\/fr\/information\/site-information\/links\/language-and-research\/\"><span class=\"in\">Language and Research<\/span><\/a><\/h3>\n<div class=\"article-summary\">\n<p>These link are links to pages devoted to research on Rroma. Some are very scholarly, but contain lots of really good information and lots of other links to follo on.<\/p>\n<div class=\"first graphic-container wide center\">\n<div class=\"general-index graphic\">\n<div class=\"figure-content\">\n<div class=\"i1 o article\">\n<h3 class=\"index-title\"><a title=\"Studii Romani\" href=\"http:\/\/www.romadecade.com\/index.php?option=com_content&amp;task=view&amp;id=211&amp;Itemid=45\"><span class=\"in\">Studii Romani<\/span><\/a><\/h3>\n<div>\n<p>One of the oldest and most serious organisation devoted to research on Rroma. Located in Bulgaria, their website offers several useful links and information.<\/p>\n<\/div>\n<div class=\"article-info\"><\/div>\n<\/div>\n<div class=\"i2 e article\">\n<h3 class=\"index-title\"><a title=\"Romano D\u017eaniben\" href=\"http:\/\/www.dzaniben.cz\/\"><span class=\"in\">Romano D\u017eaniben<\/span><\/a><\/h3>\n<div>\n<p>One of the most serious research and information sources. This journal is published in Czech and Rromanes.<\/p>\n<\/div>\n<div class=\"article-info\"><\/div>\n<\/div>\n<div class=\"i3 o article\">\n<h3 class=\"index-title\"><a title=\"Rromanes DataBase\" href=\"http:\/\/romani.kfunigraz.ac.at\/romlex\/\"><span class=\"in\">Rromanes DataBase<\/span><\/a><\/h3>\n<div>\n<p>A scholarly site, with an online Rromanes database. Quite interesting to linguists.<\/p>\n<\/div>\n<div class=\"article-info\"><\/div>\n<\/div>\n<div class=\"i4 e article\">\n<h3 class=\"index-title\"><a title=\"Romany Language\" href=\"http:\/\/www2.arnes.si\/~eusmith\/Romany\/\"><span class=\"in\">Romany Language<\/span><\/a><\/h3>\n<div>\n<p>A less scholarly page, with some interesting views and information on Rromanes.<\/p>\n<\/div>\n<div class=\"article-info\"><\/div>\n<\/div>\n<div class=\"i5 o article\">\n<h3 class=\"index-title\"><a title=\"The Gypsy Lore Society\" href=\"http:\/\/www.gypsyloresociety.org\/cultureintro.html\"><span class=\"in\">The Gypsy Lore Society<\/span><\/a><\/h3>\n<div>\n<p>Long at the forefront of research, the Gypsy Lore society has published hundreds of research papers on Rroma studies.<\/p>\n<\/div>\n<div class=\"article-info\"><\/div>\n<\/div>\n<div class=\"i6 e last-item article\">\n<h3 class=\"index-title\"><a title=\"\u00c9tudes Tsiganes\" href=\"http:\/\/www.etudestsiganes.asso.fr\/\"><span class=\"in\">\u00c9tudes Tsiganes<\/span><\/a><\/h3>\n<div>\n<p>A French site on Rroma studies.<\/p>\n<\/div>\n<div class=\"article-info\"><\/div>\n<\/div>\n<div class=\"general-index-bottom\"><\/div>\n<\/div>\n<\/div>\n<\/div>\n<\/div>\n<div class=\"article-info\"><\/div>\n<\/div>\n<div class=\"i3 o article\">\n<h3 class=\"index-title\"><a title=\"Organisations\" href=\"https:\/\/rroma.org\/fr\/information\/site-information\/links\/organisations\/\"><span class=\"in\">Organisations<\/span><\/a><\/h3>\n<div class=\"article-summary\">\n<p>This page links to various organisations, NGOs, local activists, or simply home-pages.<\/p>\n<div class=\"first graphic-container wide center\">\n<div class=\"general-index graphic\">\n<div class=\"figure-content\">\n<div class=\"i1 o article\">\n<h3 class=\"index-title\"><a title=\"Romano Centro\" href=\"http:\/\/www.romano-centro.org\/publikationen_en.html\"><span class=\"in\">Romano Centro<\/span><\/a><\/h3>\n<div>\n<p>An Austrian Rroma organisation, with an excellent monthly newsletter in German and Rromanes.<\/p>\n<\/div>\n<div class=\"article-info\"><\/div>\n<\/div>\n<div class=\"i2 e article\">\n<h3 class=\"index-title\"><a title=\"Rroma Burgenland\" href=\"http:\/\/www.roma-service.at\/\"><span class=\"in\">Rroma Burgenland<\/span><\/a><\/h3>\n<div><\/div>\n<div class=\"article-info\"><\/div>\n<\/div>\n<div class=\"i3 o article\">\n<h3 class=\"index-title\"><a title=\"D\u017eeno\" href=\"http:\/\/www.dzeno.cz\/\"><span class=\"in\">D\u017eeno<\/span><\/a><\/h3>\n<div>\n<p>A Czech website (English translation is there!) with really useful information on Rroma, culture, etc.<\/p>\n<\/div>\n<div class=\"article-info\"><\/div>\n<\/div>\n<div class=\"i4 e article\">\n<h3 class=\"index-title\"><a title=\"Sanzi - Slovakia\" href=\"http:\/\/www.sanzi.sk\/index_en.htm\"><span class=\"in\">Sanzi &#8211; Slovakia<\/span><\/a><\/h3>\n<div>\n<p>A Slovak page, in English. This page is centred on the city of Jarovnice, where a teacher is helpping Rroma children in that city. The children paint and have done several exhibitions in various places.<\/p>\n<\/div>\n<div class=\"article-info\"><\/div>\n<\/div>\n<div class=\"i5 o article\">\n<h3 class=\"index-title\"><a title=\"Russian Roma - St. Petersburg\" href=\"http:\/\/zigane.pp.ru\/\"><span class=\"in\">Russian Roma &#8211; St. Petersburg<\/span><\/a><\/h3>\n<div>\n<p>A Russian site, with a lot of information on Russian (Xaladytka) Roma. No translation available.<\/p>\n<\/div>\n<div class=\"article-info\"><\/div>\n<\/div>\n<div class=\"i6 e article\">\n<h3 class=\"index-title\"><a title=\"Kelderari in Russia\" href=\"http:\/\/policy.hu\/kelderari\/Photgal.htm\"><span class=\"in\">Kelderari in Russia<\/span><\/a><\/h3>\n<div>\n<p>A wealth of information on Kaldera\u0161a in Russia. Pictures, information, news, etc. A must.<\/p>\n<\/div>\n<div class=\"article-info\"><\/div>\n<\/div>\n<div class=\"i7 o article\">\n<h3 class=\"index-title\"><a title=\"Roma in Lithuania\" href=\"http:\/\/www.roma.lt\/?lang=lt\"><span class=\"in\">Roma in Lithuania<\/span><\/a><\/h3>\n<div>\n<p>Information and more on Rroma in Lithuania, in the Kaunas region.<\/p>\n<\/div>\n<div class=\"article-info\"><\/div>\n<\/div>\n<div class=\"i8 e article\">\n<h3 class=\"index-title\"><a title=\"Rrom po Drom\" href=\"http:\/\/katalog.czasopism.pl\/pismo_en.php?id_pisma=446\"><span class=\"in\">Rrom po Drom<\/span><\/a><\/h3>\n<div>\n<p>One of the first journals in Rromanes in Poland, copies can be downloaded here.<\/p>\n<\/div>\n<div class=\"article-info\"><\/div>\n<\/div>\n<div class=\"i9 o article\">\n<h3 class=\"index-title\"><a title=\"Verein-Roma\" href=\"http:\/\/www.verein-roma.at\/\"><span class=\"in\">Verein-Roma<\/span><\/a><\/h3>\n<div>\n<p>Austrian Rroma association in Oberwart.<\/p>\n<\/div>\n<div class=\"article-info\"><\/div>\n<\/div>\n<div class=\"i10 e article\">\n<h3 class=\"index-title\"><a title=\"Deutsche Sinti und Roma\" href=\"http:\/\/www.sinti-und-roma.de\/\"><span class=\"in\">Deutsche Sinti und Roma<\/span><\/a><\/h3>\n<div>\n<p>The oldest German Sinti and Roma association. Informations, some documentation. In German\/English.<\/p>\n<\/div>\n<div class=\"article-info\"><\/div>\n<\/div>\n<div class=\"i11 o article\">\n<h3 class=\"index-title\"><a title=\"Romnews Society\" href=\"http:\/\/www.romnews.com\/\"><span class=\"in\">Romnews Society<\/span><\/a><\/h3>\n<div>\n<p>The web portal of the Roma National Congress (Rroma NGO in Hamburg). Lots of links, excellent news.<\/p>\n<\/div>\n<div class=\"article-info\"><\/div>\n<\/div>\n<div class=\"i12 e article\">\n<h3 class=\"index-title\"><a title=\"Union Romani\" href=\"http:\/\/www.unionromani.org\/\"><span class=\"in\">Union Romani<\/span><\/a><\/h3>\n<div>\n<p>Not to be mistaken with the International Romani Union! In Spanish and Rromanes, useful information about Rroma in Spain.<\/p>\n<\/div>\n<div class=\"article-info\"><\/div>\n<\/div>\n<div class=\"i13 o article\">\n<h3 class=\"index-title\"><a title=\"Amaro Drom\" href=\"http:\/\/www.amarodrom.hu\/\"><span class=\"in\">Amaro Drom<\/span><\/a><\/h3>\n<div>\n<p>A Hungarian NGO, the web page is in Hungarian&#8230;<\/p>\n<\/div>\n<div class=\"article-info\"><\/div>\n<\/div>\n<div class=\"i14 e article\">\n<h3 class=\"index-title\"><a title=\"Roma Port\u00e1l\" href=\"http:\/\/www.romaweb.hu\/romaweb\/index.jsp?p=kultura&amp;pid=144\"><span class=\"in\">Roma Port\u00e1l<\/span><\/a><\/h3>\n<div>\n<p>A portal on Rroma in Hungary. Mostly in Hungarian, with some bits and pieces in Rromanes and in other languages.<\/p>\n<\/div>\n<div class=\"article-info\"><\/div>\n<\/div>\n<div class=\"i15 o article\">\n<h3 class=\"index-title\"><a title=\"Gipsy-Info\" href=\"http:\/\/www.gipsy-info.com\/ro.html\"><span class=\"in\">Gipsy-Info<\/span><\/a><\/h3>\n<div>\n<p>In Rromanes and German, some information on Rroma, culture, events, and television. The page is not friendly with all browsers!<\/p>\n<\/div>\n<div class=\"article-info\"><\/div>\n<\/div>\n<div class=\"i16 e article\">\n<h3 class=\"index-title\"><a title=\"Roma Education Fund\" href=\"http:\/\/www.romaeducationfund.hu\/\"><span class=\"in\">Roma Education Fund<\/span><\/a><\/h3>\n<div>\n<p>A NGO, part of the Soros Foundation network, whose aim is to further Rroma education. Grants applications are possible.<\/p>\n<\/div>\n<div class=\"article-info\"><\/div>\n<\/div>\n<div class=\"i17 o article\">\n<h3 class=\"index-title\"><a title=\"Roma Film Foundation\" href=\"http:\/\/www.romafilmfund.com\/RomanyPeople.asp?NewsID=8\"><span class=\"in\">Roma Film Foundation<\/span><\/a><\/h3>\n<div>\n<p>A NGO promoting Rroma films.<\/p>\n<\/div>\n<div class=\"article-info\"><\/div>\n<\/div>\n<div class=\"i18 e article\">\n<h3 class=\"index-title\"><a title=\"Romani CRISS\" href=\"http:\/\/www.romanicriss.org\/\"><span class=\"in\">Romani CRISS<\/span><\/a><\/h3>\n<div>\n<p>A Romanian NGO, with a wealth of activities. In Romanian, German, and English.<\/p>\n<\/div>\n<div class=\"article-info\"><\/div>\n<\/div>\n<div class=\"i19 o article\">\n<h3 class=\"index-title\"><a title=\"International Romani Writers' Association\" href=\"http:\/\/www.romaniwriters.com\/\"><span class=\"in\">International Romani Writers&#8217; Association<\/span><\/a><\/h3>\n<div>\n<p>A Rroma writer&#8217;s association.<\/p>\n<\/div>\n<div class=\"article-info\"><\/div>\n<\/div>\n<div class=\"i20 e article\">\n<h3 class=\"index-title\"><a title=\"Romendar Romenge\" href=\"http:\/\/www.rromanes.com\/\"><span class=\"in\">Romendar Romenge<\/span><\/a><\/h3>\n<div>\n<p>A private web page. Quite a few useful links, some good information.<\/p>\n<\/div>\n<div class=\"article-info\"><\/div>\n<\/div>\n<div class=\"i21 o article\">\n<h3 class=\"index-title\"><a title=\"Patrin Web Journal\" href=\"http:\/\/www.geocities.com\/~patrin\/\"><span class=\"in\">Patrin Web Journal<\/span><\/a><\/h3>\n<div>\n<p>One of the oldest pages on Rroma. Lots of information. Based in France, but in English.<\/p>\n<\/div>\n<div class=\"article-info\"><\/div>\n<\/div>\n<div class=\"i22 e article\">\n<h3 class=\"index-title\"><a title=\"Stiftung f\u00fcr Freiheit und Menschenrechte\" href=\"http:\/\/www.freiheit-und-menschenrechte.ch\/\"><span class=\"in\">Stiftung f\u00fcr Freiheit und Menschenrechte<\/span><\/a><\/h3>\n<div><\/div>\n<div class=\"article-info\"><\/div>\n<\/div>\n<div class=\"i23 o last-item article\">\n<h3 class=\"index-title\"><a title=\"Embaixadacigana.Com.Br\" href=\"http:\/\/www.embaixadacigana.com.br\/\"><span class=\"in\">Embaixadacigana.Com.Br<\/span><\/a><\/h3>\n<div><\/div>\n<div class=\"article-info\"><\/div>\n<\/div>\n<div class=\"general-index-bottom\"><\/div>\n<\/div>\n<\/div>\n<\/div>\n<\/div>\n<div class=\"article-info\"><\/div>\n<\/div>\n<div class=\"i4 e last-item article\">\n<h3 class=\"index-title\"><a title=\"Music and Musicians\" href=\"https:\/\/rroma.org\/fr\/information\/site-information\/links\/music-and-musicians\/\"><span class=\"in\">Music and Musicians<\/span><\/a><\/h3>\n<div class=\"article-summary\">\n<p>Some, albeit not all good Rroma musicians have a home page. This lists some of our favourites. For more about Rroma music, go to the following <a href=\"https:\/\/rroma.org\/fr\/rroma-music\/\">link<\/a>.<\/p>\n<div class=\"first graphic-container wide center\">\n<div class=\"general-index graphic\">\n<div class=\"figure-content\">\n<div class=\"i1 o article\">\n<h3 class=\"index-title\"><a title=\"\u0160aban Bajramovi\u0107\" href=\"http:\/\/www.sabanbajramovic.com\/\"><span class=\"in\">\u0160aban Bajramovi\u0107<\/span><\/a><\/h3>\n<div><\/div>\n<div class=\"article-info\"><\/div>\n<\/div>\n<div class=\"i2 e article\">\n<h3 class=\"index-title\"><a title=\"Tziganes Ivanovitch\" href=\"http:\/\/www.petroivanovitch.com\/\"><span class=\"in\">Tziganes Ivanovitch<\/span><\/a><\/h3>\n<div><\/div>\n<div class=\"article-info\"><\/div>\n<\/div>\n<div class=\"i3 o article\">\n<h3 class=\"index-title\"><a title=\"Djana Saveljeva\" href=\"http:\/\/www.diana-saveljeva.narod.ru\/\"><span class=\"in\">Djana Saveljeva<\/span><\/a><\/h3>\n<div><\/div>\n<div class=\"article-info\"><\/div>\n<\/div>\n<div class=\"i4 e article\">\n<h3 class=\"index-title\"><a title=\"Kalyi Jag\" href=\"http:\/\/www.amrita-it.com\/kalyi_jag\/\"><span class=\"in\">Kalyi Jag<\/span><\/a><\/h3>\n<div><\/div>\n<div class=\"article-info\"><\/div>\n<\/div>\n<div class=\"i5 o article\">\n<h3 class=\"index-title\"><a title=\"V\u011bra B\u00edl\u00e1\" href=\"http:\/\/www.verabila.com\/\"><span class=\"in\">V\u011bra B\u00edl\u00e1<\/span><\/a><\/h3>\n<div><\/div>\n<div class=\"article-info\"><\/div>\n<\/div>\n<div class=\"i6 e article\">\n<h3 class=\"index-title\"><a title=\"Ko\u010dani Orkestar\" href=\"http:\/\/www.myspace.com\/kocaniorkestar\"><span class=\"in\">Ko\u010dani Orkestar<\/span><\/a><\/h3>\n<div><\/div>\n<div class=\"article-info\"><\/div>\n<\/div>\n<div class=\"i7 o article\">\n<h3 class=\"index-title\"><a title=\"Taraf de Hajdouk\" href=\"http:\/\/profile.myspace.com\/index.cfm?fuseaction=user.viewprofile&amp;friendid=75859067\"><span class=\"in\">Taraf de Hajdouk<\/span><\/a><\/h3>\n<div><\/div>\n<div class=\"article-info\"><\/div>\n<\/div>\n<div class=\"i8 e article\">\n<h3 class=\"index-title\"><a title=\"Antonio El Pipa\" href=\"http:\/\/www.antonioelpipa.com\/\"><span class=\"in\">Antonio El Pipa<\/span><\/a><\/h3>\n<div><\/div>\n<div class=\"article-info\"><\/div>\n<\/div>\n<div class=\"i9 o article\">\n<h3 class=\"index-title\"><a title=\"Angelo Debarre\" href=\"http:\/\/pages.infinit.net\/michto\/biography.htm\"><span class=\"in\">Angelo Debarre<\/span><\/a><\/h3>\n<div><\/div>\n<div class=\"article-info\"><\/div>\n<\/div>\n<div class=\"i10 e last-item article\">\n<h3 class=\"index-title\"><a title=\"Romano Drom\" href=\"http:\/\/www.romanodrom.com\/eng_index_1024.html\"><span class=\"in\">Romano Drom<\/span><\/a><\/h3>\n<\/div>\n<\/div>\n<\/div>\n<\/div>\n<\/div>\n<\/div>\n<\/div>\n<\/div>\n<\/div>","protected":false},"excerpt":{"rendered":"<p>This is a collection of various links, organised broadly along themes. The themes are: This list is of course far [&hellip;]<\/p>\n","protected":false},"author":1,"featured_media":0,"parent":93,"menu_order":0,"comment_status":"closed","ping_status":"closed","template":"","meta":{"_exactmetrics_skip_tracking":false,"_exactmetrics_sitenote_active":false,"_exactmetrics_sitenote_note":"","_exactmetrics_sitenote_category":0,"footnotes":""},"class_list":["post-125","page","type-page","status-publish","hentry"],"_links":{"self":[{"href":"https:\/\/rroma.org\/fr\/wp-json\/wp\/v2\/pages\/125","targetHints":{"allow":["GET"]}}],"collection":[{"href":"https:\/\/rroma.org\/fr\/wp-json\/wp\/v2\/pages"}],"about":[{"href":"https:\/\/rroma.org\/fr\/wp-json\/wp\/v2\/types\/page"}],"author":[{"embeddable":true,"href":"https:\/\/rroma.org\/fr\/wp-json\/wp\/v2\/users\/1"}],"replies":[{"embeddable":true,"href":"https:\/\/rroma.org\/fr\/wp-json\/wp\/v2\/comments?post=125"}],"version-history":[{"count":6,"href":"https:\/\/rroma.org\/fr\/wp-json\/wp\/v2\/pages\/125\/revisions"}],"predecessor-version":[{"id":15227,"href":"https:\/\/rroma.org\/fr\/wp-json\/wp\/v2\/pages\/125\/revisions\/15227"}],"up":[{"embeddable":true,"href":"https:\/\/rroma.org\/fr\/wp-json\/wp\/v2\/pages\/93"}],"wp:attachment":[{"href":"https:\/\/rroma.org\/fr\/wp-json\/wp\/v2\/media?parent=125"}],"curies":[{"name":"wp","href":"https:\/\/api.w.org\/{rel}","templated":true}]}}