{"id":130,"date":"2014-10-08T09:52:42","date_gmt":"2014-10-08T08:52:42","guid":{"rendered":"http:\/\/rroma.sommer.support\/?page_id=130"},"modified":"2023-03-30T12:22:04","modified_gmt":"2023-03-30T11:22:04","slug":"general-books","status":"publish","type":"page","link":"https:\/\/rroma.org\/fr\/literaturelinks\/general-books\/","title":{"rendered":"General Books"},"content":{"rendered":"<p><!--:en--><\/p>\n<p>Vossen, R\u00fcdiger. Zigeuner. Ullstein Sachbuch, Frankfurt 1983 (in German).\u00a0A very complete book about Rroma in general. Covers history, traditions, as well as a wealth of other items. THis book is originally a compilation for an exhibition, but the author managed to give a good overview of Rroma in general, and many references.<\/p>\n<p>Erich, Renate. Roma in den ehemaligen kommunistischen Staaten Ost und S\u00fcdost europas. In: Roma, das unbekannte Volk, Eds. M. Heinschink, U. Hemetek. Vienna, 1994.<\/p>\n<p>Kochanowski, Vania de Gila Roma. History of their Indian Origins. In: Roma, Vol 4.<\/p>\n<p>Li\u00e9geois, Jean-Pierre. Roma, Gypsies, Travellers. Council of Europe, 1994.<\/p>\n<p>Reemtsma, Katrin. Sinti und Roma. Munich, Beck Verlag, 1996.<\/p>\n<p><!--:--><!--:de--><\/p>\n<p>Vossen, R\u00fcdiger. Zigeuner. Ullstein Sachbuch, Frankfurt 1983 (in German).\u00a0A very complete book about Rroma in general. Covers history, traditions, as well as a wealth of other items. THis book is originally a compilation for an exhibition, but the author managed to give a good overview of Rroma in general, and many references.<\/p>\n<p>Erich, Renate. Roma in den ehemaligen kommunistischen Staaten Ost und S\u00fcdost europas. In: Roma, das unbekannte Volk, Eds. M. Heinschink, U. Hemetek. Vienna, 1994.<\/p>\n<p>Kochanowski, Vania de Gila Roma. History of their Indian Origins. In: Roma, Vol 4.<\/p>\n<p>Li\u00e9geois, Jean-Pierre. Roma, Gypsies, Travellers. Council of Europe, 1994.<\/p>\n<p>Reemtsma, Katrin. Sinti und Roma. Munich, Beck Verlag, 1996.<\/p>\n<p><!--:--><!--:fr--><\/p>\n<p>Vossen, R\u00fcdiger. Zigeuner. Ullstein Sachbuch, Frankfurt 1983 (en allemand).<\/p>\n<p>Un livre tr\u00e8s complet sur les Rroma en g\u00e9n\u00e9ral. Chapitres sur l&#8217;histoire, les traditions, et beaucoup d&#8217;autres sujets. Ce livre \u00e9tait \u00e0 l&#8217;origine une compilation pour une exposition sur les Rroma. L&#8217;auteur y donn n\u00e9anmoins une vue compl\u00e8te du sujet et de nombreuse r\u00e9f\u00e9rences.\u00a0<\/p>\n<p>Erich, Renate. Roma in den ehemaligen kommunistischen Staaten Ost und S\u00fcdost europas. In: Roma, das unbekannte Volk, Eds. M. Heinschink, U. Hemetek. Vienna, 1994.<\/p>\n<p>Kochanowski, Vania de Gila Roma. History of their Indian Origins. In: Roma, Vol 4.<\/p>\n<p>Li\u00e9geois, Jean-Pierre. Roma, Gypsies, Travellers. Council of Europe, 1994.<\/p>\n<p>Reemtsma, Katrin. Sinti und Roma. Munich, Beck Verlag, 1996.<\/p>\n<p><!--:--><\/p>","protected":false},"excerpt":{"rendered":"<p>Vossen, R\u00fcdiger. Zigeuner. Ullstein Sachbuch, Frankfurt 1983 (in German).\u00a0A very complete book about Rroma in general. Covers history, traditions, as [&hellip;]<\/p>\n","protected":false},"author":1,"featured_media":0,"parent":93,"menu_order":0,"comment_status":"closed","ping_status":"closed","template":"","meta":{"_exactmetrics_skip_tracking":false,"_exactmetrics_sitenote_active":false,"_exactmetrics_sitenote_note":"","_exactmetrics_sitenote_category":0,"footnotes":""},"class_list":["post-130","page","type-page","status-publish","hentry"],"_links":{"self":[{"href":"https:\/\/rroma.org\/fr\/wp-json\/wp\/v2\/pages\/130","targetHints":{"allow":["GET"]}}],"collection":[{"href":"https:\/\/rroma.org\/fr\/wp-json\/wp\/v2\/pages"}],"about":[{"href":"https:\/\/rroma.org\/fr\/wp-json\/wp\/v2\/types\/page"}],"author":[{"embeddable":true,"href":"https:\/\/rroma.org\/fr\/wp-json\/wp\/v2\/users\/1"}],"replies":[{"embeddable":true,"href":"https:\/\/rroma.org\/fr\/wp-json\/wp\/v2\/comments?post=130"}],"version-history":[{"count":5,"href":"https:\/\/rroma.org\/fr\/wp-json\/wp\/v2\/pages\/130\/revisions"}],"predecessor-version":[{"id":17179,"href":"https:\/\/rroma.org\/fr\/wp-json\/wp\/v2\/pages\/130\/revisions\/17179"}],"up":[{"embeddable":true,"href":"https:\/\/rroma.org\/fr\/wp-json\/wp\/v2\/pages\/93"}],"wp:attachment":[{"href":"https:\/\/rroma.org\/fr\/wp-json\/wp\/v2\/media?parent=130"}],"curies":[{"name":"wp","href":"https:\/\/api.w.org\/{rel}","templated":true}]}}