{"id":17266,"date":"2022-08-08T16:45:17","date_gmt":"2022-08-08T15:45:17","guid":{"rendered":"https:\/\/rroma.org\/?page_id=17266"},"modified":"2023-03-30T12:21:09","modified_gmt":"2023-03-30T11:21:09","slug":"materials","status":"publish","type":"page","link":"https:\/\/rroma.org\/fr\/materials\/","title":{"rendered":"Ressources"},"content":{"rendered":"<p>Ce mat\u00e9riel est librement t\u00e9l\u00e9chargeable.<br>Veuillez mentionner la Fondation Rroma lors de son utilisation.<\/p>\n<p>Copyright: Rroma Foundation<\/p>\n\n\n<h3 class=\"wp-block-heading\">Brochure<\/h3>\n\n\n\n<p>Une petite brochure sur les Roms t\u00e9l\u00e9chargeable en fran\u00e7ais, allemand, italien et anglais<\/p>\n\n\n\n<h3 class=\"wp-block-heading\">Fiches d'information<\/h3>\n\n\n\n<p>Fiches d'information sur divers sujets. Actuellement uniquement en allemand.<\/p>\n\n\n\n<p><a href=\"http:\/\/rroma.org\/wp-content\/uploads\/2018\/12\/Short_Soziale-Organisation-der-Rroma.pdf\" target=\"_blank\" rel=\"noreferrer noopener\">&nbsp; \u25cf&nbsp; &nbsp;Soziale Organisation der Rroma<\/a><br><a href=\"http:\/\/rroma.org\/wp-content\/uploads\/2018\/12\/Short_Anerkennung-und-Rassimus.pdf\" target=\"_blank\" rel=\"noreferrer noopener\">&nbsp; \u25cf&nbsp; &nbsp;Anerkennung und Rassimus<\/a><br><a href=\"http:\/\/rroma.org\/wp-content\/uploads\/2018\/12\/Short_Fahrende.pdf\" target=\"_blank\" rel=\"noreferrer noopener\">&nbsp; \u25cf&nbsp; &nbsp;Fahrende<\/a><br><a href=\"http:\/\/rroma.org\/wp-content\/uploads\/2018\/12\/Short_Migration-und-Geschichte-der-Rroma.pdf\">&nbsp; \u25cf&nbsp; &nbsp;Migration und Geschichte der Rroma<\/a><br><a href=\"http:\/\/rroma.org\/wp-content\/uploads\/2018\/12\/Short_Rroma-in-der-Schweiz.pdf\" target=\"_blank\" rel=\"noreferrer noopener\">&nbsp; \u25cf&nbsp; &nbsp;Rroma in der Schweiz<\/a><br><a href=\"http:\/\/rroma.org\/wp-content\/uploads\/2018\/12\/Short_Sinti-und-Rroma.pdf\" target=\"_blank\" rel=\"noreferrer noopener\">&nbsp; \u25cf&nbsp; &nbsp;Sinti und Rroma<\/a><\/p>","protected":false},"excerpt":{"rendered":"<p>This material is freely downloadable.Please mention the Rroma Foundation when using it. Copyright: Rroma Foundation Brochure A short brochure on [&hellip;]<\/p>\n","protected":false},"author":2,"featured_media":0,"parent":0,"menu_order":6,"comment_status":"closed","ping_status":"closed","template":"","meta":{"_exactmetrics_skip_tracking":false,"_exactmetrics_sitenote_active":false,"_exactmetrics_sitenote_note":"","_exactmetrics_sitenote_category":0,"footnotes":""},"class_list":["post-17266","page","type-page","status-publish","hentry"],"_links":{"self":[{"href":"https:\/\/rroma.org\/fr\/wp-json\/wp\/v2\/pages\/17266","targetHints":{"allow":["GET"]}}],"collection":[{"href":"https:\/\/rroma.org\/fr\/wp-json\/wp\/v2\/pages"}],"about":[{"href":"https:\/\/rroma.org\/fr\/wp-json\/wp\/v2\/types\/page"}],"author":[{"embeddable":true,"href":"https:\/\/rroma.org\/fr\/wp-json\/wp\/v2\/users\/2"}],"replies":[{"embeddable":true,"href":"https:\/\/rroma.org\/fr\/wp-json\/wp\/v2\/comments?post=17266"}],"version-history":[{"count":3,"href":"https:\/\/rroma.org\/fr\/wp-json\/wp\/v2\/pages\/17266\/revisions"}],"predecessor-version":[{"id":17305,"href":"https:\/\/rroma.org\/fr\/wp-json\/wp\/v2\/pages\/17266\/revisions\/17305"}],"wp:attachment":[{"href":"https:\/\/rroma.org\/fr\/wp-json\/wp\/v2\/media?parent=17266"}],"curies":[{"name":"wp","href":"https:\/\/api.w.org\/{rel}","templated":true}]}}