{"id":17452,"date":"2022-08-15T13:55:23","date_gmt":"2022-08-15T12:55:23","guid":{"rendered":"https:\/\/rroma.org\/?page_id=17452"},"modified":"2024-12-17T10:28:16","modified_gmt":"2024-12-17T09:28:16","slug":"the-ottoman-empire","status":"publish","type":"page","link":"https:\/\/rroma.org\/fr\/roma-history\/the-ottoman-empire\/","title":{"rendered":"L'empire Ottoman"},"content":{"rendered":"<p>Les Roms ont toujours \u00e9t\u00e9 pers\u00e9cut\u00e9s \u2013 n'est-ce pas ? Non, c'est faux, car il n'y a pas eu de pers\u00e9cutions de Roms dans toute l'histoire de l'Empire ottoman.<\/p>\n\n\n\n<p>Les Roms de l'Empire ottoman \u00e9taient consid\u00e9r\u00e9s comme des citoyens comme les autres, \u00e0 une exception notable, \u00e0 savoir qu'ils devaient payer le hara\u00e7 - imp\u00f4t - en tant que chr\u00e9tiens, m\u00eame lorsque, comme beaucoup l'ont fait, ils s'\u00e9taient convertis \u00e0 la religion musulmane.<\/p>\n\n\n\n<figure class=\"wp-block-image size-large\"><img loading=\"lazy\" decoding=\"async\" width=\"1024\" height=\"826\" src=\"https:\/\/rroma.org\/wp-content\/uploads\/2024\/12\/main-image-1024x826.jpeg\" alt=\"\" class=\"wp-image-26161\" srcset=\"https:\/\/rroma.org\/wp-content\/uploads\/2024\/12\/main-image-1024x826.jpeg 1024w, https:\/\/rroma.org\/wp-content\/uploads\/2024\/12\/main-image-300x242.jpeg 300w, https:\/\/rroma.org\/wp-content\/uploads\/2024\/12\/main-image-768x620.jpeg 768w, https:\/\/rroma.org\/wp-content\/uploads\/2024\/12\/main-image-15x12.jpeg 15w, https:\/\/rroma.org\/wp-content\/uploads\/2024\/12\/main-image-624x503.jpeg 624w, https:\/\/rroma.org\/wp-content\/uploads\/2024\/12\/main-image.jpeg 1200w\" sizes=\"auto, (max-width: 1024px) 100vw, 1024px\" \/><\/figure>\n\n\n\n<p>Gr\u00e2ce \u00e0 l'obsession ottomane de la perception des imp\u00f4ts, nous disposons d'un outil formidable pour \u00e9tudier la population rom depuis le premier registre fiscal ottoman de la fin du XVe jusqu'\u00e0 la fin du XVIIe si\u00e8cle. Les ottomans fondaient leurs imp\u00f4ts sur les noyaux familiaux, regroup\u00e9s ainsi en unit\u00e9s fiscales appel\u00e9es cemaat. Ils notaient le nombre d'enfants, la profession du chef de famille et le montant de l'imp\u00f4t \u00e0 payer.<\/p>\n\n\n\n<p>De ces registres, nous pouvons tirer de nombreuses informations :<\/p>\n\n\n\n<ul class=\"wp-block-list\">\n<li>que la population rom est rest\u00e9e assez constante \u00e0 environ 10% de la population totale, ceci au cours des si\u00e8cles<\/li>\n\n\n\n<li>que les Roms avaient de nombreux emplois diff\u00e9rents, du plus bas au plus \u00e9lev\u00e9, y compris dans la police, l'arm\u00e9e et l'administration<\/li>\n\n\n\n<li>de nombreux Roms \u00e9taient des forgerons qualifi\u00e9s employ\u00e9s dans l'industrie de l'armement, fondant des canons et forgeant des \u00e9p\u00e9es<\/li>\n\n\n\n<li>que certains Roms \u00e9taient effectivement tr\u00e8s riches, leur facture fiscale repr\u00e9sentant plusieurs centaines de fois le revenu annuel moyen d'une famille<\/li>\n<\/ul>\n\n\n\n<p>Il n'y avait pas de lois anti-Roms jusqu'\u00e0 la fin du XVIIe si\u00e8cle, et que ces tr\u00e8s rares lois visaient les Roms fuyant l'esclavage en Valachie et en Moldavie. Il n'y a rien contre les Roms de Roum\u00e9lie, la partie europ\u00e9enne de l'Empire.<\/p>\n\n\n\n<p>Cette situation s'est poursuivie au-del\u00e0 de la chute de l'Empire ottoman o\u00f9 les pr\u00e9jug\u00e9s anti-Roms \u00e9taient rares jusqu'\u00e0 r\u00e9cemment avec la mont\u00e9e du nationalisme et des politiciens populistes, surtout apr\u00e8s la chute du rideau de fer. Les Roms \u00e9taient int\u00e9gr\u00e9s, avaient des emplois et faisaient partie de la soci\u00e9t\u00e9 en g\u00e9n\u00e9ral.<\/p>","protected":false},"excerpt":{"rendered":"<p>All Roma were always persecuted &#8211; correct? No, it is false, as there were no persecutions of Roma in the [&hellip;]<\/p>\n","protected":false},"author":2,"featured_media":26164,"parent":62,"menu_order":53,"comment_status":"closed","ping_status":"closed","template":"","meta":{"_exactmetrics_skip_tracking":false,"_exactmetrics_sitenote_active":false,"_exactmetrics_sitenote_note":"","_exactmetrics_sitenote_category":0,"footnotes":""},"class_list":["post-17452","page","type-page","status-publish","has-post-thumbnail","hentry"],"fifu_image_url":"https:\/\/collectionapi.metmuseum.org\/api\/collection\/v1\/iiif\/449533\/906683\/main-image","_links":{"self":[{"href":"https:\/\/rroma.org\/fr\/wp-json\/wp\/v2\/pages\/17452","targetHints":{"allow":["GET"]}}],"collection":[{"href":"https:\/\/rroma.org\/fr\/wp-json\/wp\/v2\/pages"}],"about":[{"href":"https:\/\/rroma.org\/fr\/wp-json\/wp\/v2\/types\/page"}],"author":[{"embeddable":true,"href":"https:\/\/rroma.org\/fr\/wp-json\/wp\/v2\/users\/2"}],"replies":[{"embeddable":true,"href":"https:\/\/rroma.org\/fr\/wp-json\/wp\/v2\/comments?post=17452"}],"version-history":[{"count":6,"href":"https:\/\/rroma.org\/fr\/wp-json\/wp\/v2\/pages\/17452\/revisions"}],"predecessor-version":[{"id":26163,"href":"https:\/\/rroma.org\/fr\/wp-json\/wp\/v2\/pages\/17452\/revisions\/26163"}],"up":[{"embeddable":true,"href":"https:\/\/rroma.org\/fr\/wp-json\/wp\/v2\/pages\/62"}],"wp:featuredmedia":[{"embeddable":true,"href":"https:\/\/rroma.org\/fr\/wp-json\/wp\/v2\/media\/26164"}],"wp:attachment":[{"href":"https:\/\/rroma.org\/fr\/wp-json\/wp\/v2\/media?parent=17452"}],"curies":[{"name":"wp","href":"https:\/\/api.w.org\/{rel}","templated":true}]}}