{"id":17463,"date":"2022-08-15T14:53:40","date_gmt":"2022-08-15T13:53:40","guid":{"rendered":"https:\/\/rroma.org\/?page_id=17463"},"modified":"2024-12-17T10:32:00","modified_gmt":"2024-12-17T09:32:00","slug":"slavery","status":"publish","type":"page","link":"https:\/\/rroma.org\/fr\/roma-history\/slavery\/","title":{"rendered":"Esclavage"},"content":{"rendered":"<p>Les Roms ont \u00e9t\u00e9 r\u00e9duits en esclavage dans les r\u00e9gions de la Roumanie actuelle, jusqu'\u00e0 la fin du XIXe si\u00e8cle. Cet esclavage a commenc\u00e9 tr\u00e8s t\u00f4t, au XIIIe si\u00e8cle en Valachie et en Moldavie ainsi qu'un peu plus tard en Transylvanie. Il a dur\u00e9 jusqu'en 1848\u00a0en Transylvanie et 1856 pour la Valachie et la Moldavie, les deux \u00c9tats qui se sont unis \u00e0 cette \u00e9poque pour devenir la Roumanie.<\/p>\n\n\n\n<p>Cet esclavage \u00e9tait unique \u00e0 la Roumanie actuelle et n'existait nulle part ailleurs.<\/p>\n\n\n\n<h3 class=\"wp-block-heading\">Les esclaves<\/h3>\n\n\n\n<p>Cet esclavage permettait d'acheter, de vendre, d'utiliser et d'abuser des Roms, exactement comme l'esclavage des Africains aux USA. Les esclaves \u00e9taient divis\u00e9s en trois cat\u00e9gories, avec des sorts quelque peu diff\u00e9rents : les esclaves de l'\u00c9tat, les esclaves de l'\u00c9glise et les esclaves du peuple.<\/p>\n\n\n\n<p>Les esclaves de l'\u00c9tat \u00e9taient les plus privil\u00e9gi\u00e9s, car de facto, ils devaient payer une taxe annuelle et \u00e9taient autrement assez libres de se d\u00e9placer et de faire ce qu'ils voulaient. Les esclaves de l'\u00c9glise \u00e9taient plus restreints et g\u00e9n\u00e9ralement li\u00e9s aux terres, tout comme les esclaves des gens ordinaires. Ces derniers ont rapidement perdu leur culture et leur langue d'origine.<\/p>\n\n\n\n<figure class=\"wp-block-image size-large\"><img loading=\"lazy\" decoding=\"async\" width=\"1024\" height=\"853\" src=\"https:\/\/rroma.org\/wp-content\/uploads\/2022\/08\/roma_slaves-1024x853.jpeg\" alt=\"\" class=\"wp-image-17378\" srcset=\"https:\/\/rroma.org\/wp-content\/uploads\/2022\/08\/roma_slaves-1024x853.jpeg 1024w, https:\/\/rroma.org\/wp-content\/uploads\/2022\/08\/roma_slaves-300x250.jpeg 300w, https:\/\/rroma.org\/wp-content\/uploads\/2022\/08\/roma_slaves-768x640.jpeg 768w, https:\/\/rroma.org\/wp-content\/uploads\/2022\/08\/roma_slaves-14x12.jpeg 14w, https:\/\/rroma.org\/wp-content\/uploads\/2022\/08\/roma_slaves-624x520.jpeg 624w, https:\/\/rroma.org\/wp-content\/uploads\/2022\/08\/roma_slaves.jpeg 1200w\" sizes=\"auto, (max-width: 1024px) 100vw, 1024px\" \/><figcaption>Roms roumains<\/figcaption><\/figure>\n\n\n\n<h3 class=\"wp-block-heading\">Les suites<\/h3>\n\n\n\n<p>Certains Roms valaques ont fui la r\u00e9gion et se sont install\u00e9s dans l'actuelle Serbie ou en Ukraine, les anc\u00eatres des Serbes Gurbeti et des Servi ukrainiens.<\/p>\n\n\n\n<p>Les Roms de cette r\u00e9gion, les Roms dits valaques, ont \u00e9t\u00e9 profond\u00e9ment marqu\u00e9s par cet esclavage. Plusieurs de leurs traditions, telles que payer pour la mari\u00e9e, sont li\u00e9es au paiement du propri\u00e9taire de la mari\u00e9e qui perdrait un esclave. Cette tradition est unique aux Roms valaques. Il a \u00e9galement marqu\u00e9 \u00e0 ce jour le regard des Roumains sur les Roms. De mani\u00e8re tr\u00e8s similaire aux \u00c9tats-Unis, la s\u00e9gr\u00e9gation est toujours r\u00e9pandue et les opinions des gens sur les Roms sont pleines de st\u00e9r\u00e9otypes.<\/p>\n\n\n\n<p>De nombreux Roms valaques ont quitt\u00e9 le pays avec l'abolition de l'esclavage et se trouvent aujourd'hui dans le monde entier. Beaucoup sont all\u00e9s en Europe occidentale, une majorit\u00e9 d'entre eux via la Russie puis fuyant la r\u00e9volution, se sont \u00e9tendus \u00e0 travers les Balkans et l'Europe de l'Est, et ont m\u00eame d\u00e9m\u00e9nag\u00e9 aux Am\u00e9riques avec de grandes colonies de Roms valaques au Br\u00e9sil et en Argentine.<\/p>\n\n\n\n<p>Lors de l'abolition de l'esclavage, environ 250\u00a0000 Roms ont \u00e9t\u00e9 lib\u00e9r\u00e9s en Valachie et en Moldavie. Avec l'augmentation globale de la population roumaine depuis lors (un facteur de 5), cela signifie qu'il y a plus de 1,5 million de Roms en Roumanie, et probablement plus proche de 2 millions.<\/p>","protected":false},"excerpt":{"rendered":"<p>Roma were enslaved in the regions of present day Romania, until the end of the XIXth century. This slavery started [&hellip;]<\/p>\n","protected":false},"author":2,"featured_media":26168,"parent":62,"menu_order":56,"comment_status":"closed","ping_status":"closed","template":"","meta":{"_exactmetrics_skip_tracking":false,"_exactmetrics_sitenote_active":false,"_exactmetrics_sitenote_note":"","_exactmetrics_sitenote_category":0,"footnotes":""},"class_list":["post-17463","page","type-page","status-publish","has-post-thumbnail","hentry"],"fifu_image_url":"https:\/\/rroma.org\/wp-content\/uploads\/2022\/08\/roma_slaves.jpeg","_links":{"self":[{"href":"https:\/\/rroma.org\/fr\/wp-json\/wp\/v2\/pages\/17463","targetHints":{"allow":["GET"]}}],"collection":[{"href":"https:\/\/rroma.org\/fr\/wp-json\/wp\/v2\/pages"}],"about":[{"href":"https:\/\/rroma.org\/fr\/wp-json\/wp\/v2\/types\/page"}],"author":[{"embeddable":true,"href":"https:\/\/rroma.org\/fr\/wp-json\/wp\/v2\/users\/2"}],"replies":[{"embeddable":true,"href":"https:\/\/rroma.org\/fr\/wp-json\/wp\/v2\/comments?post=17463"}],"version-history":[{"count":6,"href":"https:\/\/rroma.org\/fr\/wp-json\/wp\/v2\/pages\/17463\/revisions"}],"predecessor-version":[{"id":17473,"href":"https:\/\/rroma.org\/fr\/wp-json\/wp\/v2\/pages\/17463\/revisions\/17473"}],"up":[{"embeddable":true,"href":"https:\/\/rroma.org\/fr\/wp-json\/wp\/v2\/pages\/62"}],"wp:featuredmedia":[{"embeddable":true,"href":"https:\/\/rroma.org\/fr\/wp-json\/wp\/v2\/media\/26168"}],"wp:attachment":[{"href":"https:\/\/rroma.org\/fr\/wp-json\/wp\/v2\/media?parent=17463"}],"curies":[{"name":"wp","href":"https:\/\/api.w.org\/{rel}","templated":true}]}}