{"id":267,"date":"2014-10-08T11:45:30","date_gmt":"2014-10-08T11:45:30","guid":{"rendered":"http:\/\/rroma.sommer.support\/?page_id=267"},"modified":"2023-03-30T12:22:01","modified_gmt":"2023-03-30T11:22:01","slug":"the-foundation","status":"publish","type":"page","link":"https:\/\/rroma.org\/fr\/the-foundation\/","title":{"rendered":"\u00c0 notre propos"},"content":{"rendered":"<h3 class=\"wp-block-heading\">La Rroma Foundation<\/h3>\n\n\n\n<p>La Fondation Rroma (Rroma Foundation \/ Rromani Fundacija) a \u00e9t\u00e9 fond\u00e9e en novembre 1993 \u00e0 Zurich, en Suisse. La fondation a \u00e9t\u00e9 cr\u00e9\u00e9e \u00e0 un moment o\u00f9 les pays d'Europe se rapprochaient, annon\u00e7ant l'extension de l'union europ\u00e9enne, alors que dans le m\u00eame temps des mouvements nationalistes et racistes dans les  anciens pays communistes prenaient leur essor. <\/p>\n\n\n\n<p>La Rroma Fondation est une fondation enregistr\u00e9e soumise au droit suisse et \u00e0 l'examen par les autorit\u00e9s f\u00e9d\u00e9rales suisses de son budget annuel et de son rapport d'activit\u00e9s. Le Conseil d'administration de la Fondation d\u00e9cide des diff\u00e9rents projets et de l'allocation des fonds, et est \u00e9galement en charge de la recherche de fonds et des relations publiques. Le conseil consultatif de la Fondation examine les projets et activit\u00e9s soumis et conseille le conseil d'administration. La Fondation a des collaborateurs dans divers pays d'Europe de l'Est.<\/p>\n\n\n\n<h3 class=\"wp-block-heading\">Pour plus d'informations<\/h3>\n\n\n\n<p>Si vous avez des questions concernant la Rroma Fondation, n'h\u00e9sitez pas \u00e0 nous contacter par e-mail \u00e0 <a href=\"mailto:admin@rroma.org\">admin@rroma.org<\/a><\/p>","protected":false},"excerpt":{"rendered":"<p>The Rroma Foundation The Rroma Foundation (Rromani Fundacija) was founded in November 1993, in Zurich, Switzerland. The foundation was created [&hellip;]<\/p>\n","protected":false},"author":1,"featured_media":0,"parent":0,"menu_order":61,"comment_status":"closed","ping_status":"closed","template":"","meta":{"_exactmetrics_skip_tracking":false,"_exactmetrics_sitenote_active":false,"_exactmetrics_sitenote_note":"","_exactmetrics_sitenote_category":0,"footnotes":""},"class_list":["post-267","page","type-page","status-publish","hentry"],"_links":{"self":[{"href":"https:\/\/rroma.org\/fr\/wp-json\/wp\/v2\/pages\/267","targetHints":{"allow":["GET"]}}],"collection":[{"href":"https:\/\/rroma.org\/fr\/wp-json\/wp\/v2\/pages"}],"about":[{"href":"https:\/\/rroma.org\/fr\/wp-json\/wp\/v2\/types\/page"}],"author":[{"embeddable":true,"href":"https:\/\/rroma.org\/fr\/wp-json\/wp\/v2\/users\/1"}],"replies":[{"embeddable":true,"href":"https:\/\/rroma.org\/fr\/wp-json\/wp\/v2\/comments?post=267"}],"version-history":[{"count":15,"href":"https:\/\/rroma.org\/fr\/wp-json\/wp\/v2\/pages\/267\/revisions"}],"predecessor-version":[{"id":17279,"href":"https:\/\/rroma.org\/fr\/wp-json\/wp\/v2\/pages\/267\/revisions\/17279"}],"wp:attachment":[{"href":"https:\/\/rroma.org\/fr\/wp-json\/wp\/v2\/media?parent=267"}],"curies":[{"name":"wp","href":"https:\/\/api.w.org\/{rel}","templated":true}]}}