{"id":273,"date":"2014-10-08T11:45:58","date_gmt":"2014-10-08T11:45:58","guid":{"rendered":"http:\/\/rroma.sommer.support\/?page_id=273"},"modified":"2023-03-30T12:21:16","modified_gmt":"2023-03-30T11:21:16","slug":"activities","status":"publish","type":"page","link":"https:\/\/rroma.org\/fr\/activities\/","title":{"rendered":"Objectifs &amp; activit\u00e9s"},"content":{"rendered":"<h3 class=\"wp-block-heading\">Objectifs<\/h3>\n\n\n\n<p>Les objectifs de la Rroma Fondation sont d'habiliter et d'aider les Roms \u00e0 travers le monde. \u00c0 cette fin, la Fondation soutient tout projet ou programme qui remplit cet objectif et qui est lanc\u00e9 et g\u00e9r\u00e9 par des Roms pour des Roms.<\/p>\n\n\n\n<h3 class=\"wp-block-heading\">Activit\u00e9s<\/h3>\n\n\n\n<p>Les activit\u00e9s de la Rroma Fondation sont centr\u00e9es sur les m\u00e9dias, le lobbying, l'\u00e9ducation, la soci\u00e9t\u00e9 civile, le soutien aux projets et le soutien aux r\u00e9fugi\u00e9s.<\/p>\n\n\n\n<p>La Fondation a des partenaires dans plusieurs pays europ\u00e9ens tels que la Pologne, l'Ukraine, etc.<\/p>\n\n\n\n<h4 class=\"wp-block-heading\">M\u00e9dias<\/h4>\n\n\n\n<p>The foundation currently centres its activities on a media campaign on behalf of Roma. These activities include media reports, collaboration with journalists from various countries and media, exhibitions, meetings with governments etc.<\/p>\n\n\n\n<h4 class=\"wp-block-heading\">Travail de Lobby<\/h4>\n\n\n\n<p>La Rroma Fondation est active en Suisse ainsi qu'au niveau de l'UE dans le lobbying au nom des Roms. Nous travaillons en Suisse sur la reconnaissance de la minorit\u00e9 rom dans le pays ; travaillont avec d'autres ONG internationales sur les probl\u00e8mes g\u00e9n\u00e9raux des Roms ; nous produisons des rapports par pays (pas tous disponibles en raison des susceptibilit\u00e9s des pays) pour mettre en \u00e9vidence les probl\u00e8mes des et les probl\u00e8mes avec les Roms en Europe.<\/p>\n\n\n\n<p>La Rroma Fondation est d\u00e9sormais \u00e9galement engag\u00e9e dans l'Alliance internationale pour la m\u00e9moire de l'Holocauste au sein de la d\u00e9l\u00e9gation suisse. <\/p>\n\n\n\n<h4 class=\"wp-block-heading\">\u00c9ducation<\/h4>\n\n\n\n<p>En mati\u00e8re d'\u00e9ducation, la Rroma Fondation est active dans la fourniture de mat\u00e9riel aux enseignants et professeurs, organise et participe \u00e0 des projets dans les domaines de l'\u00e9ducation, par exemple dans le cadre de l'IHRA sur le g\u00e9nocide des Roms.<\/p>\n\n\n\n<p>L'une de nos principales offres consiste en des conf\u00e9rences sur mesure avec des classes scolaires ou dans des universit\u00e9s o\u00f9 nous pouvons fournir des informations ou enseigner sur les Roms, leur histoire, leurs traditions, leur situation actuelle, etc. tout en offrant aux \u00e9tudiants un contact direct avec les Roms. Si int\u00e9ress\u00e9, merci de nous contacter.<\/p>\n\n\n\n<h4 class=\"wp-block-heading\">Soci\u00e9t\u00e9 civile<\/h4>\n\n\n\n<p>Nous travaillons \u00e0 l'am\u00e9lioration de la situation des Roms de plusieurs mani\u00e8res : Mettre en \u00e9vidence le racisme institutionnel ; lutter contre le discours de haine en saisissant les tribunaux\u00a0; aider les Roms \u00e0 faire face \u00e0 l'administration, ceci, principalement en Suisse.<\/p>\n\n\n\n<h4 class=\"wp-block-heading\">R\u00e9fugi\u00e9s<\/h4>\n\n\n\n<p>La Rroma Fondation a \u00e9galement aid\u00e9 et continue d'aider les r\u00e9fugi\u00e9s Roms (principalement en Suisse). En Suisse, ce service juridique et cette repr\u00e9sentation sont gratuits et nous avons d\u00e9fendu de nombreux Roms de l'ex-Yougoslavie, notamment du Kosovo. <\/p>\n\n\n\n<p>Nous nous occupons d\u00e9sormais des r\u00e9fugi\u00e9s de la guerre d'Ukraine, \u00e0 la fois en Suisse, mais aussi via un r\u00e9seau de volontaires en Pologne. <\/p>\n\n\n\n<h4 class=\"wp-block-heading\">Projets<\/h4>\n\n\n\n<p>En termes de projets, nous continuons \u00e0 fournir des fonds de contrepartie ou des conseils \u00e0 diverses ONG Roms dont les objectifs correspondent \u00e0 ceux de notre charte. Nous offrons \u00e9galement des allocations aux \u00e9tudiants Roms dou\u00e9s.<\/p>\n\n\n\n<p>En outre, la Rroma Fondation aide d'autres organisations et individus \u00e0 \u00e9crire ou \u00e0 am\u00e9liorer leurs projets et \u00e0 trouver de l'argent aupr\u00e8s d'autres sources.<\/p>","protected":false},"excerpt":{"rendered":"<p>Goals The goals of the Rroma Foundation are to empower and help Roma throughout the world. To that end, the [&hellip;]<\/p>\n","protected":false},"author":1,"featured_media":0,"parent":0,"menu_order":32,"comment_status":"closed","ping_status":"closed","template":"","meta":{"_exactmetrics_skip_tracking":false,"_exactmetrics_sitenote_active":false,"_exactmetrics_sitenote_note":"","_exactmetrics_sitenote_category":0,"footnotes":""},"class_list":["post-273","page","type-page","status-publish","hentry"],"_links":{"self":[{"href":"https:\/\/rroma.org\/fr\/wp-json\/wp\/v2\/pages\/273","targetHints":{"allow":["GET"]}}],"collection":[{"href":"https:\/\/rroma.org\/fr\/wp-json\/wp\/v2\/pages"}],"about":[{"href":"https:\/\/rroma.org\/fr\/wp-json\/wp\/v2\/types\/page"}],"author":[{"embeddable":true,"href":"https:\/\/rroma.org\/fr\/wp-json\/wp\/v2\/users\/1"}],"replies":[{"embeddable":true,"href":"https:\/\/rroma.org\/fr\/wp-json\/wp\/v2\/comments?post=273"}],"version-history":[{"count":16,"href":"https:\/\/rroma.org\/fr\/wp-json\/wp\/v2\/pages\/273\/revisions"}],"predecessor-version":[{"id":17302,"href":"https:\/\/rroma.org\/fr\/wp-json\/wp\/v2\/pages\/273\/revisions\/17302"}],"wp:attachment":[{"href":"https:\/\/rroma.org\/fr\/wp-json\/wp\/v2\/media?parent=273"}],"curies":[{"name":"wp","href":"https:\/\/api.w.org\/{rel}","templated":true}]}}