{"id":50,"date":"2014-10-08T09:10:27","date_gmt":"2014-10-08T09:10:27","guid":{"rendered":"http:\/\/rroma.sommer.support\/?page_id=50"},"modified":"2024-12-17T10:09:58","modified_gmt":"2024-12-17T09:09:58","slug":"where-from","status":"publish","type":"page","link":"https:\/\/rroma.org\/fr\/the-roma\/where-from\/","title":{"rendered":"D'o\u00f9 viennent-ils?"},"content":{"rendered":"<p>Jusqu'au XVIIIe si\u00e8cle en Europe occidentale, beaucoup pensaient que les Roms venaient d'Egypte, de Nubie ou d'une autre terre \u00ab sarrasine \u00bb ou encore, qu'ils \u00e9taient une des tribus juives perdues. <\/p>\n\n\n\n<h3 class=\"wp-block-heading\">La d\u00e9couverte<\/h3>\n\n\n\n<p>La soci\u00e9t\u00e9 rom \u00e9tait et reste g\u00e9n\u00e9ralement ferm\u00e9e aux \u00ab \u00e9trangers \u00bb. Les \u00e9trangers avaient donc peu de chances d'apprendre les traditions et la langue des roms. Les mots de cette langue \u00e9clairent n\u00e9anmoins les origines des Roms. En 1753, un jeune aristocrate Hongrois, Istvan Valyi \u00e9tudie \u00e0 Leiden aux Pays-Bas o\u00f9 il rencontre des indiens qui lui apprennent environ 1000 mots de leur langue. De retour chez lui, il s'est rendu compte que les Roms comprenaient une partie du vocabulaire qu'il avait appris \u00e0 Leyden. Il a expos\u00e9 ce fait dans un article en 1776 marquant le d\u00e9but des \u00e9tudes sur les Roms.<\/p>\n\n\n\n<h3 class=\"wp-block-heading\">Europ\u00e9ens<\/h3>\n\n\n\n<p>Ces origines indiennes ne doivent pas occulter le fait que les Roms sont des Europ\u00e9ens, autant que des Hongrois, qui apr\u00e8s tout, se sont install\u00e9s dans les m\u00eames r\u00e9gions au tournant du premier mill\u00e9naire. Qui, en Europe, n'est pas venu de plus \u00e0 l'Est ? Les Slaves sont arriv\u00e9s aux IIIe et IVe si\u00e8cles, les Magyars au IXe, les Bulgares au VIe\u2026<\/p>\n\n\n\n<h3 class=\"wp-block-heading\">Nomades<\/h3>\n\n\n\n<p>Enfin, il convient de contredire un mythe pr\u00e9sent depuis l'apparition des Roms en Europe occidentale au XVe si\u00e8cle.<\/p>\n\n\n\n<p>Les Roms ne sont pas nomades. Cela ne veut pas dire qu'il n'y en a pas, car il y a aussi des semi-nomades, mais la grande majorit\u00e9 s'est install\u00e9e d\u00e8s son arriv\u00e9e en Europe. Seuls quelques-uns, pouss\u00e9s par les pers\u00e9cutions et l'opprobre, ainsi que par quelques consid\u00e9rations commerciales, voyagent. Ce mythe, ou plut\u00f4t cette v\u00e9rit\u00e9 partielle, r\u00e9sultait de la pr\u00e9sence en Europe occidentale d'une \u00e9crasante majorit\u00e9 de ces Roms \u00ab errants \u00bb. Dans les Balkans, dans les Carpates, en Roumanie, ce sont la minorit\u00e9, la grande majorit\u00e9 \u00e9tant install\u00e9e depuis longtemps.<\/p>\n\n\n\n<h3 class=\"wp-block-heading\">Les noms<\/h3>\n\n\n\n<p>Les Gad\u017ee ou non-Roms ont donn\u00e9 divers noms aux Roms, ce qui a sem\u00e9 la confusion. Pour compliquer la chose, les Roms se donnent plusieurs noms diff\u00e9rents tels que Kaldera\u0161a, Lovara, Xaladitka, Cale, Sinti etc. Ces noms sont les noms de groupes roms, car, quand on parle romanes, faut-il pr\u00e9ciser qu'on est rom ?<\/p>","protected":false},"excerpt":{"rendered":"<p>Until the XVIIIth century in Western Europe, many thought that Roma came from Egypt, Nubia or some other &#8220;Saracen&#8221; land [&hellip;]<\/p>\n","protected":false},"author":1,"featured_media":26150,"parent":48,"menu_order":0,"comment_status":"closed","ping_status":"closed","template":"","meta":{"_exactmetrics_skip_tracking":false,"_exactmetrics_sitenote_active":false,"_exactmetrics_sitenote_note":"","_exactmetrics_sitenote_category":0,"footnotes":""},"class_list":["post-50","page","type-page","status-publish","has-post-thumbnail","hentry"],"fifu_image_url":"https:\/\/c8.alamy.com\/comp\/2J62TD6\/close-up-orographic-map-of-northwest-india-with-references-in-spanish-concept-cartography-travel-tourism-geography-differential-focus-2J62TD6.jpg","_links":{"self":[{"href":"https:\/\/rroma.org\/fr\/wp-json\/wp\/v2\/pages\/50","targetHints":{"allow":["GET"]}}],"collection":[{"href":"https:\/\/rroma.org\/fr\/wp-json\/wp\/v2\/pages"}],"about":[{"href":"https:\/\/rroma.org\/fr\/wp-json\/wp\/v2\/types\/page"}],"author":[{"embeddable":true,"href":"https:\/\/rroma.org\/fr\/wp-json\/wp\/v2\/users\/1"}],"replies":[{"embeddable":true,"href":"https:\/\/rroma.org\/fr\/wp-json\/wp\/v2\/comments?post=50"}],"version-history":[{"count":5,"href":"https:\/\/rroma.org\/fr\/wp-json\/wp\/v2\/pages\/50\/revisions"}],"predecessor-version":[{"id":17811,"href":"https:\/\/rroma.org\/fr\/wp-json\/wp\/v2\/pages\/50\/revisions\/17811"}],"up":[{"embeddable":true,"href":"https:\/\/rroma.org\/fr\/wp-json\/wp\/v2\/pages\/48"}],"wp:featuredmedia":[{"embeddable":true,"href":"https:\/\/rroma.org\/fr\/wp-json\/wp\/v2\/media\/26150"}],"wp:attachment":[{"href":"https:\/\/rroma.org\/fr\/wp-json\/wp\/v2\/media?parent=50"}],"curies":[{"name":"wp","href":"https:\/\/api.w.org\/{rel}","templated":true}]}}