{"id":52,"date":"2014-10-08T09:10:44","date_gmt":"2014-10-08T09:10:44","guid":{"rendered":"http:\/\/rroma.sommer.support\/?page_id=52"},"modified":"2024-12-17T10:00:47","modified_gmt":"2024-12-17T09:00:47","slug":"rroma-names","status":"publish","type":"page","link":"https:\/\/rroma.org\/fr\/the-roma\/rroma-names\/","title":{"rendered":"Les noms des Roms"},"content":{"rendered":"<p>Rom, au pluriel Roma, signifie \u00ab homme \u00bb et \u00ab mari \u00bb, tandis que sa forme f\u00e9minine, Romni avec le pluriel de Romnja signifie \u00ab femme \u00bb et \u00ab \u00e9pouse \u00bb. Cela ne signifie jamais \"\u00eatre humain\" comme certains le pr\u00e9tendent, en Romanes, c'est le sanskrit \"Manu\u0161\". <\/p>\n\n\n\n<h3 class=\"wp-block-heading\">Les origines<\/h3>\n\n\n\n<p>L'origine la plus probable du nom de Rom vient de la caste en Inde, appel\u00e9e Dom. Ce nom s'est d\u00e9form\u00e9 en Arm\u00e9nie, en Lom et en Europe Rom, Rrom ou encore Rhom. La consonne r\u00e9troflexive indienne D a \u00e9volu\u00e9 au fil du temps en un L en Arm\u00e9nie et en Rr, R ou Rh en Europe.<\/p>\n\n\n\n<h3 class=\"wp-block-heading\">Tsiganes ou Zigeuner<\/h3>\n\n\n\n<p>Il existe des preuves solides que les personnes d\u00e9crites dans le texte de la vie de saint Georges l'Athonite comme Adsincani, Adsincanoi ou Athinganoi vers 1050 dans l'Empire byzantin \u00e9taient en fait les Roms originaux. Athinganoi \u00e9tait le nom d'une secte manich\u00e9iste chr\u00e9tienne arm\u00e9nienne et syrienne d\u00e9port\u00e9e dans les Balkans au IXe si\u00e8cle. <\/p>\n\n\n\n<p>Dans une grande partie de l'Europe, ce nom est rest\u00e9. Des d\u00e9riv\u00e9s en sont encore utilis\u00e9s dans de nombreux pays : Cigan, Zigeuner, Zingari etc. <\/p>\n\n\n\n<h3 class=\"wp-block-heading\">\u00c9gyptiens<\/h3>\n\n\n\n<p>Les migrations ult\u00e9rieures des Roms en Europe ont fourni quelques nouvelles appellations. Ils d\u00e9rivent en grande partie des r\u00e9cits que ces personnes ont racont\u00e9s \u00e0 la population g\u00e9n\u00e9rale \u00e0 leur arriv\u00e9e. En Europe occidentale, les Roms racontaient qu'ils \u00e9taient des \u00ab p\u00e8lerins de la Petite \u00c9gypte \u00bb, voire des comtes, des voj\u00e9vodes ou des rois de ce pays. Ces origines \u00ab \u00e9gyptiennes \u00bb ont donn\u00e9 naissance aux noms de Gitans, Gitanos, Gitans, etc. Il faut souligner que les Roms n'ont aucun lien avec l'\u00c9gypte.<\/p>\n\n\n\n<p>En fait, aucun Rom n'a migr\u00e9 \u00e0 travers l'\u00c9gypte vers l'Europe et l'emplacement r\u00e9el de la \u00ab\u00a0Petite \u00c9gypte\u00a0\u00bb a fait l'objet de nombreuses sp\u00e9culations. C'\u00e9tait tr\u00e8s probablement le nom d'un quartier de la ville grecque de Modon.<\/p>\n\n\n\n<h3 class=\"wp-block-heading\">Autres noms<\/h3>\n\n\n\n<p>Dans certaines r\u00e9gions d'Europe, notamment en France, un autre nom a surgi : Boh\u00e9miens, issu des documents de voyage que certains Roms avaient obtenus du roi de Boh\u00eame Sigismond. En Europe du Nord et en Scandinavie, les Tziganes \u00e9taient et sont encore souvent appel\u00e9s Tatare. Ceci, \u00e0 son tour, d\u00e9coule des premi\u00e8res brochures anti-tsiganes, les qualifiant d'espions ottomans. <\/p>\n\n\n\n<h3 class=\"wp-block-heading\">Gens du voyage<\/h3>\n\n\n\n<p>Lors des premi\u00e8res migrations des Roms en Europe occidentale au d\u00e9but du XVe si\u00e8cle, des bouleversements politiques ont contraint une partie non n\u00e9gligeable de la population europ\u00e9enne \u00e0 prendre la route. Ces personnes, voyageant de ville en ville \u00e0 la recherche d'un travail et d'une bouch\u00e9e de pain, se sont parfois s\u00e9dentaris\u00e9es tandis que certaines ont opt\u00e9 pour un mode de vie semi-nomade. Ces non-Roms sont \u00e0 l'origine des Tinkers irlandais, des Jenishe allemands et d'autres voyageurs non-Roms.<\/p>\n\n\n\n<p>Dans les \u00c9tats allemands, les Roms se voient interdire de s'installer et sont r\u00e9guli\u00e8rement expuls\u00e9s. Cela les obligeait \u00e0 voyager continuellement. Ainsi, les Roms qui voyagent en Europe occidentale sont le r\u00e9sultat de la r\u00e9pression et de la discrimination, non d'un choix. Elle a n\u00e9anmoins cr\u00e9\u00e9 le mythe des Roms itin\u00e9rants. <\/p>\n\n\n\n<p>Une fois en Europe, la plupart des Roms se sont install\u00e9s imm\u00e9diatement, par exemple dans les Balkans, o\u00f9 certains quartiers roms remontent \u00e0 pr\u00e8s de 1000 ans. C'est aussi le cas des Roms dans les r\u00e9gions tch\u00e8ques et slovaques ou encore dans les pays baltes, o\u00f9 \u00e0 leur arriv\u00e9e au XVIIe si\u00e8cle, la plupart se sont install\u00e9s. Ainsi, les Roms ne sont pas des nomades ni m\u00eame des semi-nomades. Cela ne veut pas dire qu'il n'y en a pas qui vivent ainsi, comme les Sinti en Allemagne et en France ou certains autres groupes dans les Balkans.<\/p>\n\n\n\n<p>Pour r\u00e9sumer, le terme de \u00ab Fahrende \u00bb, utilis\u00e9 en allemand, ou Travellers utilis\u00e9 en anglais est le r\u00e9sultat d'une confusion entre les groupes europ\u00e9ens de migrants r\u00e9els et les Roms ainsi que le r\u00e9sultat d'un mythe, celui des Roms nomades.<\/p>\n\n\n\n<h3 class=\"wp-block-heading\">Sinti et Roms<\/h3>\n\n\n\n<p>Cette \u00e9tude ne serait pas compl\u00e8te sans une mention de l'appellation courante dans certains pays de \u00ab Sinti et Roms \u00bb. Les Roms sont socialement organis\u00e9s autour de leurs familles et, dans une moindre mesure, de groupes. Il existe de nombreux groupes de ce type. Les Sinti, Kaldera\u0161a, Lovara, \u010curara, Ma\u010dvaja, Ursara, Xaladytka, Xoraxane pour n'en citer que quelques-uns. Un Rom de chacun de ces groupes nommera d'abord son appartenance de groupe et non celle de Rom. Demandez \u00e0 quelqu'un de l'un de ces groupes comment il appelle sa femme ou son mari, la r\u00e9ponse sera \u00ab rom \u00bb ou \u00ab romni \u00bb. La langue de tous ces groupes montre clairement que le romanes est une langue avec des variations dialectiques. Ces variations dialectiques de groupe sont le r\u00e9sultat des migrations ainsi qu'un marqueur d'identit\u00e9 de groupe. Ainsi, les Sinti sont des Roms, juste un groupe d'entre eux, et de nombreux Roms du Nord sont en fait des sous-divisions sintis qui ont surgi de leurs migrations.<\/p>\n\n\n\n<p>Ainsi, l'appellation Sinti et Roma ne refl\u00e8te pas une distinction effective, mais plut\u00f4t une volont\u00e9 politique.<\/p>\n\n\n\n<p>Cette terminologie est n\u00e9e en Allemagne, un pays dans lequel il n'y avait jusqu'\u00e0 r\u00e9cemment qu'un seul groupe rom : les Sintis. Plus tard et surtout apr\u00e8s la Seconde Guerre mondiale, d'autres Roms sont venus en Allemagne. Les Sinti allemands utilisent \u00ab Roma \u00bb comme appellation d'autres Tsiganes \u00e9trangers qui ont r\u00e9cemment \u00e9migr\u00e9 dans ce pays.<\/p>\n\n\n\n<p>Pour compliquer encore plus les choses, les Sinti qui se sont install\u00e9s sur les terres francophones apr\u00e8s la guerre franco-allemande de 1870 se font appeler \"Manouches\" du romanes manu\u0161 - \u00eatre humain. Le fait que l'un des repr\u00e9sentants les plus c\u00e9l\u00e8bres, le musicien Django Reinhardt, soit \u00e0 la fois consid\u00e9r\u00e9 comme Sinto et Manouche montre l'\u00e9lasticit\u00e9 de telles d\u00e9nominations.<\/p>\n\n\n\n<p>Toute cette terminologie a induit une grande confusion qu'il convient de dissiper. Premi\u00e8rement, il faut faire la distinction entre les Roms (qu'ils soient sintis) et les voyageurs d'origine non indienne. Deuxi\u00e8mement, soit on nomme tous les groupes roms en parlant des Tsiganes en g\u00e9n\u00e9ral, soit on accepte une d\u00e9nomination g\u00e9n\u00e9rale valable pour tous. Le plus naturel, puisqu'il appara\u00eet dans tous les dialectes du romanes, est naturellement le nom rom.<\/p>","protected":false},"excerpt":{"rendered":"<p>Rom, with the plural of Roma, means &#8220;man&#8221; and &#8220;husband&#8221;, while its feminine form, Romni with the plural of Romnja [&hellip;]<\/p>\n","protected":false},"author":1,"featured_media":26141,"parent":48,"menu_order":14,"comment_status":"closed","ping_status":"closed","template":"","meta":{"_exactmetrics_skip_tracking":false,"_exactmetrics_sitenote_active":false,"_exactmetrics_sitenote_note":"","_exactmetrics_sitenote_category":0,"footnotes":""},"class_list":["post-52","page","type-page","status-publish","has-post-thumbnail","hentry"],"fifu_image_url":"https:\/\/rroma.org\/wp-content\/uploads\/2022\/09\/names-scaled.jpg","_links":{"self":[{"href":"https:\/\/rroma.org\/fr\/wp-json\/wp\/v2\/pages\/52","targetHints":{"allow":["GET"]}}],"collection":[{"href":"https:\/\/rroma.org\/fr\/wp-json\/wp\/v2\/pages"}],"about":[{"href":"https:\/\/rroma.org\/fr\/wp-json\/wp\/v2\/types\/page"}],"author":[{"embeddable":true,"href":"https:\/\/rroma.org\/fr\/wp-json\/wp\/v2\/users\/1"}],"replies":[{"embeddable":true,"href":"https:\/\/rroma.org\/fr\/wp-json\/wp\/v2\/comments?post=52"}],"version-history":[{"count":14,"href":"https:\/\/rroma.org\/fr\/wp-json\/wp\/v2\/pages\/52\/revisions"}],"predecessor-version":[{"id":17859,"href":"https:\/\/rroma.org\/fr\/wp-json\/wp\/v2\/pages\/52\/revisions\/17859"}],"up":[{"embeddable":true,"href":"https:\/\/rroma.org\/fr\/wp-json\/wp\/v2\/pages\/48"}],"wp:featuredmedia":[{"embeddable":true,"href":"https:\/\/rroma.org\/fr\/wp-json\/wp\/v2\/media\/26141"}],"wp:attachment":[{"href":"https:\/\/rroma.org\/fr\/wp-json\/wp\/v2\/media?parent=52"}],"curies":[{"name":"wp","href":"https:\/\/api.w.org\/{rel}","templated":true}]}}