{"id":56,"date":"2014-10-08T09:11:13","date_gmt":"2014-10-08T08:11:13","guid":{"rendered":"http:\/\/rroma.sommer.support\/?page_id=56"},"modified":"2024-12-17T10:17:26","modified_gmt":"2024-12-17T09:17:26","slug":"rroma-groups","status":"publish","type":"page","link":"https:\/\/rroma.org\/fr\/the-roma\/rroma-groups\/","title":{"rendered":"Les groupes roms"},"content":{"rendered":"<p>Outre les diff\u00e9rents noms donn\u00e9s aux Roms par Gad\u017ee, les Roms utilisent d'autres noms pour se d\u00e9crire \u2013 leur appartenance \u00e0 un groupe. Les clans et les lignages ne doivent pas \u00eatre confondus avec des groupes. Ils sont le prochain niveau de subdivisions en dessous des groupes. La taille des groupes peut varier de quelques milliers (comme les Roms Lotfitka, les Roms lettons) \u00e0 plus d'un million, comme les Arlii des Balkans. Une histoire commune, une unit\u00e9 dans les m\u00e9tiers et les traditions sont \u00e0 l'origine des diff\u00e9rents groupes roms. L'identit\u00e9 des groupes se refl\u00e8te un \u00e0 un dans la variante de Romanes qu'ils parlent.<\/p>\n\n\n\n<p><span class=\"Apple-style-span\">Pour ne prendre qu'un exemple, les Xaladytka Roma, que l'on retrouve de la Pologne orientale \u00e0 la Russie et d'autres pays, \u00e9taient tous marchands de chevaux et musiciens, s\u00e9journ\u00e8rent longtemps en Allemagne, tr\u00e8s probablement entre le XVe et le XVIIe si\u00e8cle, comme en t\u00e9moigne leur large vocabulaire allemand, pass\u00e8rent en Pologne, et arriv\u00e8rent finalement en Russie proprement dite au XVIIIe si\u00e8cle.<\/span><\/p>\n\n\n\n<p><span class=\"Apple-style-span\">D'une mani\u00e8re g\u00e9n\u00e9rale, il existe quatre principaux m\u00e9tagroupes roms : les Roms des Balkans, avec un vocabulaire turc assez \u00e9tendu ; les Vlax Roma qui ont \u00e9migr\u00e9 vers la Roumanie actuelle et ont une grande influence roumaine dans leurs dialectes ; les Roms des Carpates, trouv\u00e9s dans les R\u00e9publiques tch\u00e8que et slovaque, en Hongrie et en Autriche avec une couche plus forte de lex\u00e8mes slaves dans leur langue ; les Roms nordiques, avec une forte influence allemande.<\/span><\/p>\n\n\n\n<p><span class=\"Apple-style-span\">Les groupes les plus courants et les mieux connus sont :<\/span><\/p>\n\n\n\n<p><strong>Balkaniques:<\/strong> Kirimlides, Arlii, Erlii, Jerlides, Sepet\u010dides, Bugurd\u017ei,&nbsp; Kalajd\u017ei, Drindari.<\/p>\n\n\n\n<p><strong>Carpatiens:<\/strong> Czech, Moravian, Hungarian, West and East Slovakian and Burgenland Roma<\/p>\n\n\n\n<p><strong>Vlax: <\/strong>Servi, Vlaxurja, Ri\u0161arja, Kalajd\u017ei, Vlax, D\u017eamba\u0161i, Laxora, Gurbeti, Cerhara, \u010curara, Ma\u010dvaja, Patrinara, Lovara, Dirzara, Ma\u0161ara, Kaldera\u0161a, Rudari, Beja\u0161a, Ursari, Lingurari and Gurvara<\/p>\n\n\n\n<p><strong>Nordiques<\/strong> Abruzezzi, Calabrezi, Cale, Kaale, Lotfitka, Manouches, Vol\u0161enenge, Polska, Sinti, and Xaladytka<\/p>\n\n\n\n<p><\/p>","protected":false},"excerpt":{"rendered":"<p>Besides the various names that given to Roma by Gad\u017ee, Roma are using other names to describe themselves &#8211; their [&hellip;]<\/p>\n","protected":false},"author":1,"featured_media":26155,"parent":48,"menu_order":21,"comment_status":"closed","ping_status":"closed","template":"","meta":{"_exactmetrics_skip_tracking":false,"_exactmetrics_sitenote_active":false,"_exactmetrics_sitenote_note":"","_exactmetrics_sitenote_category":0,"footnotes":""},"class_list":["post-56","page","type-page","status-publish","has-post-thumbnail","hentry"],"fifu_image_url":"https:\/\/rroma.org\/wp-content\/uploads\/2017\/12\/language.jpeg","_links":{"self":[{"href":"https:\/\/rroma.org\/fr\/wp-json\/wp\/v2\/pages\/56","targetHints":{"allow":["GET"]}}],"collection":[{"href":"https:\/\/rroma.org\/fr\/wp-json\/wp\/v2\/pages"}],"about":[{"href":"https:\/\/rroma.org\/fr\/wp-json\/wp\/v2\/types\/page"}],"author":[{"embeddable":true,"href":"https:\/\/rroma.org\/fr\/wp-json\/wp\/v2\/users\/1"}],"replies":[{"embeddable":true,"href":"https:\/\/rroma.org\/fr\/wp-json\/wp\/v2\/comments?post=56"}],"version-history":[{"count":7,"href":"https:\/\/rroma.org\/fr\/wp-json\/wp\/v2\/pages\/56\/revisions"}],"predecessor-version":[{"id":17864,"href":"https:\/\/rroma.org\/fr\/wp-json\/wp\/v2\/pages\/56\/revisions\/17864"}],"up":[{"embeddable":true,"href":"https:\/\/rroma.org\/fr\/wp-json\/wp\/v2\/pages\/48"}],"wp:featuredmedia":[{"embeddable":true,"href":"https:\/\/rroma.org\/fr\/wp-json\/wp\/v2\/media\/26155"}],"wp:attachment":[{"href":"https:\/\/rroma.org\/fr\/wp-json\/wp\/v2\/media?parent=56"}],"curies":[{"name":"wp","href":"https:\/\/api.w.org\/{rel}","templated":true}]}}