{"id":58,"date":"2014-10-08T09:11:32","date_gmt":"2014-10-08T09:11:32","guid":{"rendered":"http:\/\/rroma.sommer.support\/?page_id=58"},"modified":"2024-12-17T10:03:20","modified_gmt":"2024-12-17T09:03:20","slug":"social-organisation","status":"publish","type":"page","link":"https:\/\/rroma.org\/fr\/the-roma\/social-organisation\/","title":{"rendered":"Organisation sociale"},"content":{"rendered":"<p>Les Roms sont organis\u00e9s en diverses subdivisions qui, faute d'un meilleur terme, sont appel\u00e9es groupes. La liste de ces groupes est assez longue et chacun d'eux est divis\u00e9 en entit\u00e9s plus petites. Pour simplifier quelque peu la compr\u00e9hension, nous pr\u00e9sentons ici cette organisation sociale dans le sens inverse, \u00e0 savoir de son niveau le plus bas vers le haut.<br><\/p>\n\n\n\n<figure class=\"wp-block-image size-large\"><img loading=\"lazy\" decoding=\"async\" width=\"1024\" height=\"799\" src=\"https:\/\/rroma.org\/wp-content\/uploads\/2022\/09\/Rroma-Subgroups-1024x799.jpg\" alt=\"\" class=\"wp-image-17959\" srcset=\"https:\/\/rroma.org\/wp-content\/uploads\/2022\/09\/Rroma-Subgroups-1024x799.jpg 1024w, https:\/\/rroma.org\/wp-content\/uploads\/2022\/09\/Rroma-Subgroups-300x234.jpg 300w, https:\/\/rroma.org\/wp-content\/uploads\/2022\/09\/Rroma-Subgroups-768x599.jpg 768w, https:\/\/rroma.org\/wp-content\/uploads\/2022\/09\/Rroma-Subgroups-1536x1198.jpg 1536w, https:\/\/rroma.org\/wp-content\/uploads\/2022\/09\/Rroma-Subgroups-2048x1597.jpg 2048w, https:\/\/rroma.org\/wp-content\/uploads\/2022\/09\/Rroma-Subgroups-15x12.jpg 15w, https:\/\/rroma.org\/wp-content\/uploads\/2022\/09\/Rroma-Subgroups-624x487.jpg 624w, https:\/\/rroma.org\/wp-content\/uploads\/2022\/09\/Rroma-Subgroups-1800x1404.jpg 1800w\" sizes=\"auto, (max-width: 1024px) 100vw, 1024px\" \/><\/figure>\n\n\n\n<h3 class=\"wp-block-heading\">Les divisions courantes<\/h3>\n\n\n\n<p>Le premier niveau et le plus important pour les Roms est la famille. La famille, qui peut \u00eatre assez nombreuse et s'\u00e9tendre sur plusieurs g\u00e9n\u00e9rations, est au centre de la vie d'un Rom. La premi\u00e8re all\u00e9geance va toujours aux proches.<\/p>\n\n\n\n<p>Le deuxi\u00e8me niveau est la lign\u00e9e, c'est-\u00e0-dire la famille \u00e9largie : par exemple chez les Kaldera\u0161a, on trouve les Jone\u0161ti, Bumbule\u0161ti, Miheje\u0161ti, Saporroni etc. Ces lign\u00e9es tirent leurs noms d'un ancien chef ou anc\u00eatre \u00e9minent. Par exemple, Jone\u0161ti est d\u00e9riv\u00e9 de Jono (John), Miheje\u0161ti vient de Mihai (Michael). etc.<\/p>\n\n\n\n<p>Le troisi\u00e8me niveau d'organisation est le groupe. Les groupes, comme Kaldera\u0161a, Lovara, Sinti, \u010curara, Ma\u010dvaja, Zlotara et ainsi de suite.<\/p>\n\n\n\n<p>Les groupes sont des entit\u00e9s \u00ab historiques \u00bb qui sont li\u00e9es par une histoire commune (o\u00f9 le groupe s'est install\u00e9 ou a voyag\u00e9 \u00e0 l'origine) ainsi que par des traditions et une langue communes \u2013 un dialecte \u2013 et parfois par des m\u00e9tiers communs. L'appartenance \u00e0 un groupe est plus importante que le fait d'\u00eatre Rom.<\/p>\n\n\n\n<h3 class=\"wp-block-heading\">Structures additionelles<\/h3>\n\n\n\n<p>Les Roms nomades pr\u00e9sentent souvent des structures suppl\u00e9mentaires \u00e0 l'int\u00e9rieur du groupe. Parmi ceux-ci, on peut compter de nombreux Vlax Roma qui voyageaient avec des chevaux et des charrettes. Cela leur a permis de maintenir un degr\u00e9 \u00e9lev\u00e9 de leur organisation sociale. L'organisation sociale de Kaldera\u0161a fournit un bon exemple de ces structures, qui sont \u00e9galement valables pour d'autres.<\/p>\n\n\n\n<p>Les Kaldera\u0161a sont divis\u00e9 en nations telles que les Serbes, les Moldaves, les Hongrois, les Grecs, les Russes, etc. partout dans le monde. Une nation fait r\u00e9f\u00e9rence au pays dans lequel ils vivaient mais rarement au passeport qu'ils d\u00e9tiennent actuellement. Il y a par exemple pas mal de Russes en France, de Serbes en Russie, etc. Ces nations sont un niveau suppl\u00e9mentaire au-dessus des lignages.<\/p>\n\n\n\n<p>Les Kaldera\u0161a qui voyageaient et travaillaient ensemble formaient une compagnie, compos\u00e9e de plusieurs familles, pas n\u00e9cessairement de la m\u00eame lign\u00e9e. Le nom de la compagnie est toujours d\u00e9riv\u00e9 du nom de son dirigeant, celui qui repr\u00e9sente les Roms aupr\u00e8s des autorit\u00e9s locales.<\/p>\n\n\n\n<p>Il faut ajouter que les notions de lignages et de groupes \u00e9voluent. Certains clans sont \"class\u00e9s\" en groupes, comme cela s'est produit avec des branches de Lovara russes qui sont maintenant des groupes \"authentiques\" tandis que certains groupes peuvent \u00eatre \"r\u00e9trograd\u00e9s\" en lign\u00e9es.<\/p>\n\n\n\n<p>Ces niveaux \u00e9taient extr\u00eamement rigides et le sont rest\u00e9s dans certaines communaut\u00e9s. Les mariages mixtes, par exemple, entre un Kaldera\u0161 et un \u010curara \u00e9taient presque inconnus. Ce n'est que r\u00e9cemment que cela est devenu plus facile, en partie \u00e0 cause de la d\u00e9sint\u00e9gration de ces structures sous les mesures gouvernementales r\u00e9pressives.<\/p>\n\n\n\n<p>Le dernier niveau est l'appartenance ethnique, \u00e0 savoir le concept de Rom, et, par opposition, aux Gad\u017ee ou non-Rom.<\/p>","protected":false},"excerpt":{"rendered":"<p>Roma are organised in various subdivisions that, for a lack of a better term are called groups. The list of [&hellip;]<\/p>\n","protected":false},"author":1,"featured_media":26145,"parent":48,"menu_order":19,"comment_status":"closed","ping_status":"closed","template":"","meta":{"_exactmetrics_skip_tracking":false,"_exactmetrics_sitenote_active":false,"_exactmetrics_sitenote_note":"","_exactmetrics_sitenote_category":0,"footnotes":""},"class_list":["post-58","page","type-page","status-publish","has-post-thumbnail","hentry"],"fifu_image_url":"https:\/\/rroma.org\/wp-content\/uploads\/2022\/09\/Rroma-Subgroups-scaled.jpg","_links":{"self":[{"href":"https:\/\/rroma.org\/fr\/wp-json\/wp\/v2\/pages\/58","targetHints":{"allow":["GET"]}}],"collection":[{"href":"https:\/\/rroma.org\/fr\/wp-json\/wp\/v2\/pages"}],"about":[{"href":"https:\/\/rroma.org\/fr\/wp-json\/wp\/v2\/types\/page"}],"author":[{"embeddable":true,"href":"https:\/\/rroma.org\/fr\/wp-json\/wp\/v2\/users\/1"}],"replies":[{"embeddable":true,"href":"https:\/\/rroma.org\/fr\/wp-json\/wp\/v2\/comments?post=58"}],"version-history":[{"count":8,"href":"https:\/\/rroma.org\/fr\/wp-json\/wp\/v2\/pages\/58\/revisions"}],"predecessor-version":[{"id":17963,"href":"https:\/\/rroma.org\/fr\/wp-json\/wp\/v2\/pages\/58\/revisions\/17963"}],"up":[{"embeddable":true,"href":"https:\/\/rroma.org\/fr\/wp-json\/wp\/v2\/pages\/48"}],"wp:featuredmedia":[{"embeddable":true,"href":"https:\/\/rroma.org\/fr\/wp-json\/wp\/v2\/media\/26145"}],"wp:attachment":[{"href":"https:\/\/rroma.org\/fr\/wp-json\/wp\/v2\/media?parent=58"}],"curies":[{"name":"wp","href":"https:\/\/api.w.org\/{rel}","templated":true}]}}