{"id":68,"date":"2014-10-08T09:13:47","date_gmt":"2014-10-08T09:13:47","guid":{"rendered":"http:\/\/rroma.sommer.support\/?page_id=68"},"modified":"2023-03-30T12:21:25","modified_gmt":"2023-03-30T11:21:25","slug":"byzantine-history","status":"publish","type":"page","link":"https:\/\/rroma.org\/fr\/roma-history\/byzantine-history\/","title":{"rendered":"Histoire byzantine"},"content":{"rendered":"<figure class=\"wp-block-image size-large is-resized\"><img loading=\"lazy\" decoding=\"async\" src=\"https:\/\/rroma.org\/wp-content\/uploads\/2022\/08\/P1020241-1024x768.jpg\" alt=\"\" class=\"wp-image-17374\" width=\"838\" height=\"628\" srcset=\"https:\/\/rroma.org\/wp-content\/uploads\/2022\/08\/P1020241-1024x768.jpg 1024w, https:\/\/rroma.org\/wp-content\/uploads\/2022\/08\/P1020241-300x225.jpg 300w, https:\/\/rroma.org\/wp-content\/uploads\/2022\/08\/P1020241-768x576.jpg 768w, https:\/\/rroma.org\/wp-content\/uploads\/2022\/08\/P1020241-1536x1152.jpg 1536w, https:\/\/rroma.org\/wp-content\/uploads\/2022\/08\/P1020241-2048x1536.jpg 2048w, https:\/\/rroma.org\/wp-content\/uploads\/2022\/08\/P1020241-16x12.jpg 16w, https:\/\/rroma.org\/wp-content\/uploads\/2022\/08\/P1020241-624x468.jpg 624w, https:\/\/rroma.org\/wp-content\/uploads\/2022\/08\/P1020241-266x200.jpg 266w, https:\/\/rroma.org\/wp-content\/uploads\/2022\/08\/P1020241-1800x1350.jpg 1800w\" sizes=\"auto, (max-width: 838px) 100vw, 838px\" \/><\/figure>\n\n\n\n<p>Bien que les Roms soient arriv\u00e9s en Europe dans l'Empire byzantin avant le tournant du premier mill\u00e9naire, vers le d\u00e9but du Xe si\u00e8cle, les premiers \u00e9crits europ\u00e9ens concernant les Roms n'apparaissent que vers 1100. Dans un livre sur la vie de saint Georges Mtacmindeli, un moine g\u00e9orgien du monast\u00e8re d'Iveron sur le mont Athos a d\u00e9crit \"d'excellents diseurs de bonne aventure\" appel\u00e9s Athinganoi ou Atzinganoi \u00e0 Constantinople. Dans de nombreux pays, les Roms sont connus sous le nom de Tzigan, Zigeuner, Zingari etc., noms d\u00e9riv\u00e9s du mot Atzinganoi. <\/p>\n\n\n\n<div class=\"wp-block-media-text alignwide is-stacked-on-mobile\"><figure class=\"wp-block-media-text__media\"><img loading=\"lazy\" decoding=\"async\" width=\"232\" height=\"300\" src=\"http:\/\/rroma.org\/wp-content\/uploads\/2014\/10\/constantinople3-232x300.gif\" alt=\"constantinople3\" class=\"wp-image-69 size-full\" srcset=\"https:\/\/rroma.org\/wp-content\/uploads\/2014\/10\/constantinople3-232x300.gif 232w, https:\/\/rroma.org\/wp-content\/uploads\/2014\/10\/constantinople3-794x1024.gif 794w\" sizes=\"auto, (max-width: 232px) 100vw, 232px\" \/><\/figure><div class=\"wp-block-media-text__content\">\n<p>En 1322, le franciscain Simeon Simeonis a rencontr\u00e9 Roms en Cr\u00e8te, en 1348 et 1362, on trouve des \u00e9crits sur les \u00ab Czingarije \u00bb en Serbie et en Croatie. La plus part des Roms sont rest\u00e9s dans les Balkans jusqu\u2019aux invasions turques.<\/p>\n\n\n\n<p>L\u2019absence de textes ant\u00e9rieurs a 1100, ne signifie pas que les Rroma sont seulement apparus dans l\u2019empire byzantin \u00e0 cette p\u00e9riode. Au contraire, Roms \u00e9taient d\u00e9j\u00e0 l\u00e0 depuis longtemps. Ils sont arriv\u00e9s le plus probablement aux Balkans, particuli\u00e8rement en Thrace, avant la fin du premier mill\u00e9naire. Comment ils sont arriv\u00e9s n\u2019est pas sur, mais l\u2019explication la plus probable est qu\u2019ils ont \u00e9t\u00e9 d\u00e9port\u00e9s avec les Arm\u00e9niens dans ces r\u00e9gions suivant la d\u00e9faite du Pauliciens par les forces byzantines. Le nom qu\u2019on leur a donn\u00e9, Athinganoi, correspond \u00e0 celui d\u2019une secte qui \u00e9tait souvent associ\u00e9e, au moins pendant des p\u00e9riodes byzantines, avec le Pauliciens.<\/p>\n<\/div><\/div>\n\n\n\n<p>Il faut insister qu\u2019il y a beaucoup de documents \u00e0 partir du 13e et du 14e si\u00e8cles qui peuvent se rapporter \u00e0 des Roms et \u00e0 leur pr\u00e9sence dans divers pays europ\u00e9ens. Il est, malheureusement souvent difficile de d\u00e9cider si c\u2019est le cas ou non. Nous avons choisi de nous r\u00e9f\u00e9rer \u00e0 des documents de lesquels peut raisonnement supposer qu\u2019ils se rapportent \u00e0 des Roms. Beaucoup d\u2019experts pensent que lorsque les Roms sont arriv\u00e9s aux Balkans et dans les pays voisins, bon nombre d\u2019entre eux ont trouv\u00e9 le travail comme forgerons ou dans d\u2019autres activit\u00e9s. La population autochtone avait besoin d\u2019ouvriers, des Roma et de leurs travail. Pour cette raison, la plupart des Roms se sont d\u00e9finitivement install\u00e9s dans ces pays, construits leurs maisons, villages et quartiers roms (mahalades)<\/p>\n\n\n\n<p>Cela a continu\u00e9 m\u00eame sous la domination turque. Les Ottomans ont accord\u00e9 aux travailleurs roms dont ils avaient besoin certains privil\u00e8ges et certains Roms ont m\u00eame travaill\u00e9 pour les troupes irr\u00e9guli\u00e8res turques. Ces privil\u00e8ges sont l'une des raisons pour lesquelles tant de Roms vivent d\u00e9sormais dans les Balkans et dans les r\u00e9gions voisines telles que la Roumanie et la Hongrie.<\/p>","protected":false},"excerpt":{"rendered":"<p>Although Roma arrived in Europe in the Byzantine Empire before the turn of the first millennium, around the beginning of [&hellip;]<\/p>\n","protected":false},"author":1,"featured_media":17374,"parent":62,"menu_order":52,"comment_status":"closed","ping_status":"closed","template":"","meta":{"_exactmetrics_skip_tracking":false,"_exactmetrics_sitenote_active":false,"_exactmetrics_sitenote_note":"","_exactmetrics_sitenote_category":0,"footnotes":""},"class_list":["post-68","page","type-page","status-publish","has-post-thumbnail","hentry"],"_links":{"self":[{"href":"https:\/\/rroma.org\/fr\/wp-json\/wp\/v2\/pages\/68","targetHints":{"allow":["GET"]}}],"collection":[{"href":"https:\/\/rroma.org\/fr\/wp-json\/wp\/v2\/pages"}],"about":[{"href":"https:\/\/rroma.org\/fr\/wp-json\/wp\/v2\/types\/page"}],"author":[{"embeddable":true,"href":"https:\/\/rroma.org\/fr\/wp-json\/wp\/v2\/users\/1"}],"replies":[{"embeddable":true,"href":"https:\/\/rroma.org\/fr\/wp-json\/wp\/v2\/comments?post=68"}],"version-history":[{"count":11,"href":"https:\/\/rroma.org\/fr\/wp-json\/wp\/v2\/pages\/68\/revisions"}],"predecessor-version":[{"id":17646,"href":"https:\/\/rroma.org\/fr\/wp-json\/wp\/v2\/pages\/68\/revisions\/17646"}],"up":[{"embeddable":true,"href":"https:\/\/rroma.org\/fr\/wp-json\/wp\/v2\/pages\/62"}],"wp:featuredmedia":[{"embeddable":true,"href":"https:\/\/rroma.org\/fr\/wp-json\/wp\/v2\/media\/17374"}],"wp:attachment":[{"href":"https:\/\/rroma.org\/fr\/wp-json\/wp\/v2\/media?parent=68"}],"curies":[{"name":"wp","href":"https:\/\/api.w.org\/{rel}","templated":true}]}}