{"id":76,"date":"2014-10-08T09:15:17","date_gmt":"2014-10-08T09:15:17","guid":{"rendered":"http:\/\/rroma.sommer.support\/?page_id=76"},"modified":"2023-03-30T12:21:28","modified_gmt":"2023-03-30T11:21:28","slug":"holocaust","status":"publish","type":"page","link":"https:\/\/rroma.org\/fr\/roma-history\/holocaust\/","title":{"rendered":"Holocauste"},"content":{"rendered":"<p>L'arriv\u00e9e au pouvoir des nazis en l'Allemagne et la deuxi\u00e8me guerre mondiale ont\u00e9t\u00e9 la pire p\u00e9riode pour les Roms. Roms et juifs ont \u00e9t\u00e9 les seuls groupes ethniques que les nazis allemands ont vou\u00e9 \u00e0 l'extermination totale. En 1938, Heinrich Himmler a pass\u00e9 une loi appel\u00e9e \u00ab Bek\u00e4mpfung der Zigeunerplague \u00bb, litt\u00e9ralement, \u00ab bataille contre la peste Tsigane \u00bb. D\u00e9j\u00e0 plus t\u00f4t, les Allemands avaient arr\u00eat\u00e9 les Roms allemand, pour la plupart des Sinti,et les avaient exp\u00e9di\u00e9s dans des camps de concentration. En Autriche, apr\u00e8s l\u2019Anschluss de 1938, beaucoup de Roms du Burgenland, o\u00f9 ils avaient \u00e9t\u00e9 forc\u00e9 de s\u2019\u00e9tablir par Marie-Th\u00e9r\u00e8se ont \u00e9t\u00e9 \u00e9galement envoy\u00e9s aux KZs. Ils ont \u00e9t\u00e9 enferm\u00e9s dans des camps comme ceux de Dachau, Buchenwald et Ravensbr\u00fcck en Allemagne, de Mauthausen, de Lackenbach et \u00e0 Salzbourg en Autriche.<\/p>\n\n\n\n<figure class=\"wp-block-image size-large\"><img loading=\"lazy\" decoding=\"async\" width=\"1024\" height=\"680\" src=\"https:\/\/rroma.org\/wp-content\/uploads\/2022\/08\/auschwitz-3485116-1024x680.jpg\" alt=\"\" class=\"wp-image-17369\" srcset=\"https:\/\/rroma.org\/wp-content\/uploads\/2022\/08\/auschwitz-3485116-1024x680.jpg 1024w, https:\/\/rroma.org\/wp-content\/uploads\/2022\/08\/auschwitz-3485116-300x199.jpg 300w, https:\/\/rroma.org\/wp-content\/uploads\/2022\/08\/auschwitz-3485116-768x510.jpg 768w, https:\/\/rroma.org\/wp-content\/uploads\/2022\/08\/auschwitz-3485116-1536x1020.jpg 1536w, https:\/\/rroma.org\/wp-content\/uploads\/2022\/08\/auschwitz-3485116-2048x1360.jpg 2048w, https:\/\/rroma.org\/wp-content\/uploads\/2022\/08\/auschwitz-3485116-18x12.jpg 18w, https:\/\/rroma.org\/wp-content\/uploads\/2022\/08\/auschwitz-3485116-624x414.jpg 624w, https:\/\/rroma.org\/wp-content\/uploads\/2022\/08\/auschwitz-3485116-1800x1196.jpg 1800w, https:\/\/rroma.org\/wp-content\/uploads\/2022\/08\/auschwitz-3485116-272x182.jpg 272w\" sizes=\"auto, (max-width: 1024px) 100vw, 1024px\" \/><\/figure>\n\n\n\n<p>Ces Roms ont \u00e9t\u00e9  condamn\u00e9s \u00e0 une mort lente due \u00e0 la famine et au travail forc\u00e9 ou par meurtre pur et simple.<\/p>\n\n\n\n<p>En 1939, Hitler a envahi la Pologne et en 1941 l'URSS. Beaucoup Roms vivaient dans ces pays. Les nazis, face a une population beaucoup plus \u00e9lev\u00e9e, aussi bien pour les Roms que les Juifs, ont d\u00e9velopp\u00e9 une autre m\u00e9thode pour s\u2019en d\u00e9barrasser. Les \u00ab Einsatztruppen \u00bb (troupes sp\u00e9ciales) ont simplement assassin\u00e9 les Roms la o\u00f9 ils vivaient, dans les villages, les villes, sur la route ou dans les bois. Au contraire des camps de concentration, ces troupes n'ont laiss\u00e9 aucune \u00e9vidence derri\u00e8re eux, aucun registre documentant les ex\u00e9cutions. Il est donc tr\u00e8s difficile de savoir combien de Roms ont \u00e9t\u00e9 tu\u00e9s par ces Komandos.<\/p>\n\n\n\n<p>En Pologne occup\u00e9e, pratiquement imm\u00e9diatement, les Allemands ont cr\u00e9\u00e9 de nouveaux camps d\u2019extermination (Vernichtungslager). Dans le plus connu, Auschwitz Birkenau, un Zigeunerlager, camp sp\u00e9cial pour les Tsiganes a \u00e9t\u00e9 ouvert d\u00e8s le d\u00e9but. Bon nombre des premiers Roms qui y sont arriv\u00e9s ont b\u00e2ti le camp principal d\u2019Auschwitz. Les Roms ont aussi \u00e9t\u00e9 d\u00e9port\u00e9s dans le ghetto de Litzmannstadt, un ghetto juif dans la ville polonaise de Lodz. Inutile de dire que dans tous ces camps, plusieurs milliers de Roms ont \u00e9t\u00e9 assassin\u00e9s. Dans le camp Tsigane \u00e0 Auschwitz-Birkenau, les registrent fournissent des informations sur les Roms qui y ont \u00e9t\u00e9 assassin\u00e9s : Ils venaient d'Autriche, de Tch\u00e9coslovaquie, de France, d'Allemagne, de Hongrie, de Moravie, de Pologne, de Russie entre autres, en bref, de toute les r\u00e9gions occup\u00e9es par les nazis. Le registre d\u2019Auschwitz contient les noms et d'autres informations sur 20'943 Roms. Beaucoup d\u2019autres, comme il est maintenant connu, ont \u00e9t\u00e9 simplement envoy\u00e9s aux chambres \u00e0 gaz d\u00e8s leur arriv\u00e9e dans le camp sans y \u00eatre enregistr\u00e9. Les Roms polonais chantent encore une chanson au sujet de ces horreurs :<\/p>\n\n\n\n<p>Ils nous on fait entrer par la porte<\/p>\n\n\n\n<p>Ils nous ont fait sortir par la chemin\u00e9e.<\/p>\n\n\n\n<p>Les Roms ont \u00e9t\u00e9 assassin\u00e9s aussi dans d'autres camps. Les alli\u00e9s des nazis, tel que les fascistes croates, les \u00ab  ustasha \u00bb ont suivi l\u2019example allemand. Dans leur camp de concentration de Jasenovac, ils ont extermin\u00e9 des milliers Roms de toute la Yougoslavie.<\/p>\n\n\n\n<p>En Roumanie, une action, encore connue dans les esprits roms sous le nom de \u00ab transmission \u00bb, a \u00e9t\u00e9 effectu\u00e9e. Les Roms ont \u00e9t\u00e9 envoy\u00e9s \u00e0 une mort lente par le travail et la famine dans ce qu'on appelait la Transnistrie, le territoire ukrainien sous contr\u00f4le roumain. En Bulgarie, de nombreux Roms ont \u00e9t\u00e9 arr\u00eat\u00e9s dans les villages et les villes et ont \u00e9t\u00e9 intern\u00e9s dans des camps, pour le travail forc\u00e9, c\u00f4te \u00e0 c\u00f4te avec des Juifs.<\/p>\n\n\n\n<p>Les personnes qui ont analys\u00e9 l'Holocauste des Roms pendant la Seconde Guerre mondiale affirment maintenant qu'au moins 500 000 Roms ont \u00e9t\u00e9 assassin\u00e9s. D'autres avancent le chiffre sup\u00e9rieur de 2'500'000 victimes. La v\u00e9rit\u00e9 n'est pas connue. L'analyse des archives (camps, exhumations, par exemple dans les \u00c9tats baltes, etc.) donne un nombre tr\u00e8s faible (environ 200'000). Ce m\u00eame \u00e9cart entre les victimes r\u00e9elles et les dossiers \"officiels\" existe \u00e9galement pour les Juifs. Simplement, dans le cas des Juifs, il existe des registres de population d'avant-guerre, alors que dans de nombreux pays, on ne peut que deviner la population tsigane totale d'avant-guerre. Le fait le plus important ne doit pas \u00eatre occult\u00e9 par une pol\u00e9mique sur les chiffres : les Roms ont \u00e9t\u00e9 assassin\u00e9s pour leur appartenance ethnique, au m\u00eame titre que les Juifs. M\u00eame maintenant, peu de gens connaissent ou ont m\u00eame entendu parler de cet holocauste des Roms. Il ne reste plus que quelques Roms qui ont surv\u00e9cu aux horreurs des camps de concentration et la plupart ne veulent pas parler de cette p\u00e9riode.<\/p>","protected":false},"excerpt":{"rendered":"<p>The arrival to power of Nazi in Germany and the subsequent Second World War brought the worst to Roma. Roma [&hellip;]<\/p>\n","protected":false},"author":1,"featured_media":17369,"parent":62,"menu_order":62,"comment_status":"closed","ping_status":"closed","template":"","meta":{"_exactmetrics_skip_tracking":false,"_exactmetrics_sitenote_active":false,"_exactmetrics_sitenote_note":"","_exactmetrics_sitenote_category":0,"footnotes":""},"class_list":["post-76","page","type-page","status-publish","has-post-thumbnail","hentry"],"_links":{"self":[{"href":"https:\/\/rroma.org\/fr\/wp-json\/wp\/v2\/pages\/76","targetHints":{"allow":["GET"]}}],"collection":[{"href":"https:\/\/rroma.org\/fr\/wp-json\/wp\/v2\/pages"}],"about":[{"href":"https:\/\/rroma.org\/fr\/wp-json\/wp\/v2\/types\/page"}],"author":[{"embeddable":true,"href":"https:\/\/rroma.org\/fr\/wp-json\/wp\/v2\/users\/1"}],"replies":[{"embeddable":true,"href":"https:\/\/rroma.org\/fr\/wp-json\/wp\/v2\/comments?post=76"}],"version-history":[{"count":11,"href":"https:\/\/rroma.org\/fr\/wp-json\/wp\/v2\/pages\/76\/revisions"}],"predecessor-version":[{"id":17595,"href":"https:\/\/rroma.org\/fr\/wp-json\/wp\/v2\/pages\/76\/revisions\/17595"}],"up":[{"embeddable":true,"href":"https:\/\/rroma.org\/fr\/wp-json\/wp\/v2\/pages\/62"}],"wp:featuredmedia":[{"embeddable":true,"href":"https:\/\/rroma.org\/fr\/wp-json\/wp\/v2\/media\/17369"}],"wp:attachment":[{"href":"https:\/\/rroma.org\/fr\/wp-json\/wp\/v2\/media?parent=76"}],"curies":[{"name":"wp","href":"https:\/\/api.w.org\/{rel}","templated":true}]}}