{"id":91,"date":"2014-10-08T09:18:14","date_gmt":"2014-10-08T09:18:14","guid":{"rendered":"http:\/\/rroma.sommer.support\/?page_id=91"},"modified":"2024-12-17T12:07:13","modified_gmt":"2024-12-17T11:07:13","slug":"galleries","status":"publish","type":"page","link":"https:\/\/rroma.org\/fr\/galleries\/","title":{"rendered":"Galleries"},"content":{"rendered":"<p>Ces galeries sont soit le travail d'amateurs, documentant la situation d'une r\u00e9gion pr\u00e9cise \u00e0 un moment pr\u00e9cis (par exemple en Bosnie en 2001, au Kosovo en 2006), soit du mat\u00e9riel d'archives, comme le travail d'Alexei Gessler sur les Rroma en Russie, ou sont l'\u0153uvre de photographes professionnels, comme Yves Leresche ; Josef Koudelka, Rolf Bauerdick, Joakim Eskildsen, etc\u2026<\/p>\n<div class=\"first graphic-container wide center\">\n<div class=\"general-index graphic\">\n<div class=\"figure-content\">\n<ul>\n<li class=\"i1 o\"><span class=\"in\"><a title=\"Joakim Eskildsen: Roma Journeys\" href=\"https:\/\/joakimeskildsen.com\/projects1\/the-roma-journeys\">Joakim Eskildsen: Roma Journeys<\/a><\/span><\/li>\n<li class=\"i4 e\"><a title=\"Nigel Dickinson Gallery :: Roma Gypsies across Europe\" href=\"http:\/\/nigeldickinson.com\/gallery\/Gypsies\"><span class=\"in\">Nigel Dickinson Gallery :: Roma Gypsies across Europe<\/span><\/a><\/li>\n<li class=\"i5 o\"><a title=\"Bosnia 2001\" href=\"http:\/\/rroma.org\/fr\/galleries\/bosnia-2001\/\"><span class=\"in\">Bosnia 2001<\/span><\/a><\/li>\n<li class=\"i6 e\"><a title=\"Kosovo 2006\" href=\"http:\/\/rroma.org\/fr\/galleries\/kosovo-2006\/\"><span class=\"in\">Kosovo 2006<\/span><\/a><\/li>\n<li class=\"i7 o\"><a title=\"Rolf Bauerdick\" href=\"http:\/\/www.rolfbauerdick.de\/\" target=\"_blank\" rel=\"noopener noreferrer\"><span class=\"in\">Rolf Bauerdick<\/span><\/a><\/li>\n<li class=\"i8 e\"><a title=\"Yves Leresche\" href=\"https:\/\/www.yvesleresche.ch\" target=\"_blank\" rel=\"noopener noreferrer\"><span class=\"in\">Yves Leresche<\/span><\/a><\/li>\n<li class=\"i9 o\"><a title=\"Koudelka\" href=\"http:\/\/www.masters-of-photography.com\/K\/koudelka\/koudelka.html\"><span class=\"in\">Koudelka<\/span><\/a><\/li>\n<li class=\"i10 e\"><a title=\"Carlo Gianferro: Rroma Interiors\" href=\"http:\/\/www.carlogianferro.com\/gypsyinteriors\/mnpev8jp9c44gi6qq36rvn2o45tvb0\"><span class=\"in\">Carlo Gianferro: Rroma Interiors<\/span><\/a><\/li>\n<li class=\"i12 e last-item\"><a title=\"Carelschutte.Nl\" href=\"http:\/\/www.carelschutte.nl\/\"><span class=\"in\">Carelschutte.Nl<\/span><\/a><\/li>\n<\/ul>\n<\/div>\n<\/div>\n<\/div>\n<p>Ces derni\u00e8res sont fournies ici sous forme de liens externes.<\/p>","protected":false},"excerpt":{"rendered":"<p>These galleries are either the work of amateurs, documenting the situation in a specific region at a specific time (for [&hellip;]<\/p>\n","protected":false},"author":1,"featured_media":21249,"parent":0,"menu_order":61,"comment_status":"closed","ping_status":"closed","template":"","meta":{"_exactmetrics_skip_tracking":false,"_exactmetrics_sitenote_active":false,"_exactmetrics_sitenote_note":"","_exactmetrics_sitenote_category":0,"footnotes":""},"class_list":["post-91","page","type-page","status-publish","has-post-thumbnail","hentry"],"_links":{"self":[{"href":"https:\/\/rroma.org\/fr\/wp-json\/wp\/v2\/pages\/91","targetHints":{"allow":["GET"]}}],"collection":[{"href":"https:\/\/rroma.org\/fr\/wp-json\/wp\/v2\/pages"}],"about":[{"href":"https:\/\/rroma.org\/fr\/wp-json\/wp\/v2\/types\/page"}],"author":[{"embeddable":true,"href":"https:\/\/rroma.org\/fr\/wp-json\/wp\/v2\/users\/1"}],"replies":[{"embeddable":true,"href":"https:\/\/rroma.org\/fr\/wp-json\/wp\/v2\/comments?post=91"}],"version-history":[{"count":14,"href":"https:\/\/rroma.org\/fr\/wp-json\/wp\/v2\/pages\/91\/revisions"}],"predecessor-version":[{"id":19939,"href":"https:\/\/rroma.org\/fr\/wp-json\/wp\/v2\/pages\/91\/revisions\/19939"}],"wp:featuredmedia":[{"embeddable":true,"href":"https:\/\/rroma.org\/fr\/wp-json\/wp\/v2\/media\/21249"}],"wp:attachment":[{"href":"https:\/\/rroma.org\/fr\/wp-json\/wp\/v2\/media?parent=91"}],"curies":[{"name":"wp","href":"https:\/\/api.w.org\/{rel}","templated":true}]}}